{"id":4247,"date":"2022-05-05T10:52:03","date_gmt":"2022-05-05T08:52:03","guid":{"rendered":"https:\/\/nomis.hr\/product\/sustav-za-detekciju-metala\/"},"modified":"2022-05-05T10:52:03","modified_gmt":"2022-05-05T08:52:03","slug":"sustav-za-detekciju-metala","status":"publish","type":"product","link":"https:\/\/nomis.hr\/sr\/produkt\/sustav-za-detekciju-metala\/","title":{"rendered":"Sistem za detekciju metala"},"content":{"rendered":"","protected":false},"excerpt":{"rendered":"<p>Detektovanje metala pre dolaska u mlin izbegava se veliko i skupo o\u0161te\u0107enje mlina. Ovi detektori metala s ve\u0107om osetljivosti mogu detektovati sve vrste metala, kao i druge provodljive materijale. Detektori metala se naj\u010de\u0161\u0107e postavljaju na pokretnu traku.<\/p>\n<p>Kod sporohodnih mlinova detektor metala se postavlja na ulazni rezervoar. Glavna prednost ovakvog re\u0161enja zaustavljanje rotora kod detekcije metala. Time se spre\u010dava dolazak metala u ku\u0107i\u0161te mlina i elimini\u0161e skupo o\u0161te\u0107enje no\u017eeva i segmenata rotora.<\/p>\n","protected":false},"featured_media":4248,"template":"","meta":[],"product_cat":[204,270,271],"product_tag":[],"yoast_head":"<!-- This site is optimized with the Yoast SEO plugin v21.3 - https:\/\/yoast.com\/wordpress\/plugins\/seo\/ -->\n<title>Sistem za detekciju metala - Nomis<\/title>\n<meta name=\"robots\" content=\"index, follow, max-snippet:-1, max-image-preview:large, max-video-preview:-1\" \/>\n<link rel=\"canonical\" href=\"https:\/\/nomis.hr\/sr\/produkt\/sustav-za-detekciju-metala\/\" \/>\n<meta property=\"og:locale\" content=\"sr_RS\" \/>\n<meta property=\"og:type\" content=\"article\" \/>\n<meta property=\"og:title\" content=\"Sistem za detekciju metala - Nomis\" \/>\n<meta property=\"og:description\" content=\"Detektovanje metala pre dolaska u mlin izbegava se veliko i skupo o\u0161te\u0107enje mlina. Ovi detektori metala s ve\u0107om osetljivosti mogu detektovati sve vrste metala, kao i druge provodljive materijale. Detektori metala se naj\u010de\u0161\u0107e postavljaju na pokretnu traku.  Kod sporohodnih mlinova detektor metala se postavlja na ulazni rezervoar. Glavna prednost ovakvog re\u0161enja zaustavljanje rotora kod detekcije metala. Time se spre\u010dava dolazak metala u ku\u0107i\u0161te mlina i elimini\u0161e skupo o\u0161te\u0107enje no\u017eeva i segmenata rotora.\" \/>\n<meta property=\"og:url\" content=\"https:\/\/nomis.hr\/sr\/produkt\/sustav-za-detekciju-metala\/\" \/>\n<meta property=\"og:site_name\" content=\"Nomis\" \/>\n<meta property=\"og:image\" content=\"https:\/\/nomis.hr\/wp-content\/uploads\/2022\/05\/Metal-detection.jpg\" \/>\n\t<meta property=\"og:image:width\" content=\"1024\" \/>\n\t<meta property=\"og:image:height\" content=\"1024\" \/>\n\t<meta property=\"og:image:type\" content=\"image\/jpeg\" \/>\n<meta name=\"twitter:card\" content=\"summary_large_image\" \/>\n<script type=\"application\/ld+json\" class=\"yoast-schema-graph\">{\"@context\":\"https:\/\/schema.org\",\"@graph\":[{\"@type\":\"WebPage\",\"@id\":\"https:\/\/nomis.hr\/sr\/produkt\/sustav-za-detekciju-metala\/\",\"url\":\"https:\/\/nomis.hr\/sr\/produkt\/sustav-za-detekciju-metala\/\",\"name\":\"Sistem za detekciju metala - Nomis\",\"isPartOf\":{\"@id\":\"https:\/\/nomis.hr\/#website\"},\"datePublished\":\"2022-05-05T08:52:03+00:00\",\"dateModified\":\"2022-05-05T08:52:03+00:00\",\"breadcrumb\":{\"@id\":\"https:\/\/nomis.hr\/sr\/produkt\/sustav-za-detekciju-metala\/#breadcrumb\"},\"inLanguage\":\"sr-RS\",\"potentialAction\":[{\"@type\":\"ReadAction\",\"target\":[\"https:\/\/nomis.hr\/sr\/produkt\/sustav-za-detekciju-metala\/\"]}]},{\"@type\":\"BreadcrumbList\",\"@id\":\"https:\/\/nomis.hr\/sr\/produkt\/sustav-za-detekciju-metala\/#breadcrumb\",\"itemListElement\":[{\"@type\":\"ListItem\",\"position\":1,\"name\":\"Home\",\"item\":\"https:\/\/nomis.hr\/sr\/\"},{\"@type\":\"ListItem\",\"position\":2,\"name\":\"Katalog proizvoda\",\"item\":\"https:\/\/nomis.hr\/sr\/katalog-proizvoda\/\"},{\"@type\":\"ListItem\",\"position\":3,\"name\":\"Sistem za detekciju metala\"}]},{\"@type\":\"WebSite\",\"@id\":\"https:\/\/nomis.hr\/#website\",\"url\":\"https:\/\/nomis.hr\/\",\"name\":\"Nomis\",\"description\":\"Sve za preradu polimera i metala na jednom mjestu!\",\"publisher\":{\"@id\":\"https:\/\/nomis.hr\/#organization\"},\"potentialAction\":[{\"@type\":\"SearchAction\",\"target\":{\"@type\":\"EntryPoint\",\"urlTemplate\":\"https:\/\/nomis.hr\/?s={search_term_string}\"},\"query-input\":\"required name=search_term_string\"}],\"inLanguage\":\"sr-RS\"},{\"@type\":\"Organization\",\"@id\":\"https:\/\/nomis.hr\/#organization\",\"name\":\"Nomis\",\"url\":\"https:\/\/nomis.hr\/\",\"logo\":{\"@type\":\"ImageObject\",\"inLanguage\":\"sr-RS\",\"@id\":\"https:\/\/nomis.hr\/#\/schema\/logo\/image\/\",\"url\":\"https:\/\/nomis.hr\/wp-content\/uploads\/2021\/03\/Nomis-logo-admin-login.png\",\"contentUrl\":\"https:\/\/nomis.hr\/wp-content\/uploads\/2021\/03\/Nomis-logo-admin-login.png\",\"width\":640,\"height\":163,\"caption\":\"Nomis\"},\"image\":{\"@id\":\"https:\/\/nomis.hr\/#\/schema\/logo\/image\/\"}}]}<\/script>\n<!-- \/ Yoast SEO plugin. -->","yoast_head_json":{"title":"Sistem za detekciju metala - Nomis","robots":{"index":"index","follow":"follow","max-snippet":"max-snippet:-1","max-image-preview":"max-image-preview:large","max-video-preview":"max-video-preview:-1"},"canonical":"https:\/\/nomis.hr\/sr\/produkt\/sustav-za-detekciju-metala\/","og_locale":"sr_RS","og_type":"article","og_title":"Sistem za detekciju metala - Nomis","og_description":"Detektovanje metala pre dolaska u mlin izbegava se veliko i skupo o\u0161te\u0107enje mlina. Ovi detektori metala s ve\u0107om osetljivosti mogu detektovati sve vrste metala, kao i druge provodljive materijale. Detektori metala se naj\u010de\u0161\u0107e postavljaju na pokretnu traku.  Kod sporohodnih mlinova detektor metala se postavlja na ulazni rezervoar. Glavna prednost ovakvog re\u0161enja zaustavljanje rotora kod detekcije metala. Time se spre\u010dava dolazak metala u ku\u0107i\u0161te mlina i elimini\u0161e skupo o\u0161te\u0107enje no\u017eeva i segmenata rotora.","og_url":"https:\/\/nomis.hr\/sr\/produkt\/sustav-za-detekciju-metala\/","og_site_name":"Nomis","og_image":[{"width":1024,"height":1024,"url":"https:\/\/nomis.hr\/wp-content\/uploads\/2022\/05\/Metal-detection.jpg","type":"image\/jpeg"}],"twitter_card":"summary_large_image","schema":{"@context":"https:\/\/schema.org","@graph":[{"@type":"WebPage","@id":"https:\/\/nomis.hr\/sr\/produkt\/sustav-za-detekciju-metala\/","url":"https:\/\/nomis.hr\/sr\/produkt\/sustav-za-detekciju-metala\/","name":"Sistem za detekciju metala - Nomis","isPartOf":{"@id":"https:\/\/nomis.hr\/#website"},"datePublished":"2022-05-05T08:52:03+00:00","dateModified":"2022-05-05T08:52:03+00:00","breadcrumb":{"@id":"https:\/\/nomis.hr\/sr\/produkt\/sustav-za-detekciju-metala\/#breadcrumb"},"inLanguage":"sr-RS","potentialAction":[{"@type":"ReadAction","target":["https:\/\/nomis.hr\/sr\/produkt\/sustav-za-detekciju-metala\/"]}]},{"@type":"BreadcrumbList","@id":"https:\/\/nomis.hr\/sr\/produkt\/sustav-za-detekciju-metala\/#breadcrumb","itemListElement":[{"@type":"ListItem","position":1,"name":"Home","item":"https:\/\/nomis.hr\/sr\/"},{"@type":"ListItem","position":2,"name":"Katalog proizvoda","item":"https:\/\/nomis.hr\/sr\/katalog-proizvoda\/"},{"@type":"ListItem","position":3,"name":"Sistem za detekciju metala"}]},{"@type":"WebSite","@id":"https:\/\/nomis.hr\/#website","url":"https:\/\/nomis.hr\/","name":"Nomis","description":"Sve za preradu polimera i metala na jednom mjestu!","publisher":{"@id":"https:\/\/nomis.hr\/#organization"},"potentialAction":[{"@type":"SearchAction","target":{"@type":"EntryPoint","urlTemplate":"https:\/\/nomis.hr\/?s={search_term_string}"},"query-input":"required name=search_term_string"}],"inLanguage":"sr-RS"},{"@type":"Organization","@id":"https:\/\/nomis.hr\/#organization","name":"Nomis","url":"https:\/\/nomis.hr\/","logo":{"@type":"ImageObject","inLanguage":"sr-RS","@id":"https:\/\/nomis.hr\/#\/schema\/logo\/image\/","url":"https:\/\/nomis.hr\/wp-content\/uploads\/2021\/03\/Nomis-logo-admin-login.png","contentUrl":"https:\/\/nomis.hr\/wp-content\/uploads\/2021\/03\/Nomis-logo-admin-login.png","width":640,"height":163,"caption":"Nomis"},"image":{"@id":"https:\/\/nomis.hr\/#\/schema\/logo\/image\/"}}]}},"_links":{"self":[{"href":"https:\/\/nomis.hr\/sr\/wp-json\/wp\/v2\/product\/4247"}],"collection":[{"href":"https:\/\/nomis.hr\/sr\/wp-json\/wp\/v2\/product"}],"about":[{"href":"https:\/\/nomis.hr\/sr\/wp-json\/wp\/v2\/types\/product"}],"wp:featuredmedia":[{"embeddable":true,"href":"https:\/\/nomis.hr\/sr\/wp-json\/wp\/v2\/media\/4248"}],"wp:attachment":[{"href":"https:\/\/nomis.hr\/sr\/wp-json\/wp\/v2\/media?parent=4247"}],"wp:term":[{"taxonomy":"product_cat","embeddable":true,"href":"https:\/\/nomis.hr\/sr\/wp-json\/wp\/v2\/product_cat?post=4247"},{"taxonomy":"product_tag","embeddable":true,"href":"https:\/\/nomis.hr\/sr\/wp-json\/wp\/v2\/product_tag?post=4247"}],"curies":[{"name":"wp","href":"https:\/\/api.w.org\/{rel}","templated":true}]}}