{"id":4258,"date":"2022-05-05T11:01:37","date_gmt":"2022-05-05T09:01:37","guid":{"rendered":"https:\/\/nomis.hr\/product\/raptor-powerpush\/"},"modified":"2022-05-05T11:01:37","modified_gmt":"2022-05-05T09:01:37","slug":"raptor-powerpush","status":"publish","type":"product","link":"https:\/\/nomis.hr\/sr\/produkt\/raptor-powerpush\/","title":{"rendered":"Raptor PowerPUSH"},"content":{"rendered":"","protected":false},"excerpt":{"rendered":"<p>Raptor PowerPUSH drobilice dizajnirane su za sve vrste termo-plastike i tamo gde postoje zahtevi za visokim kapacitetima. Ove drobilice dolaze u dve \u0161irine: 800 i 1350mm. PowerPUSH sistem omogu\u0107uje potpunu kontrolu procesa. Hidrauli\u010dki upravljani potiskiva\u010d mo\u017ee se optimizovati razli\u010ditim \u201ereceptima\u201c pomo\u0107u interaktivnog upravlja\u010dkog sistema, zavisno o materijalu i \u017eeljenom izlaznom kapacitetu.<\/p>\n<ul>\n<li>\u201eOpen-heart\u201c koncept pristupa unutarnjim delovima omogu\u0107ava vrlo jednostavno odr\u017eavanje te veliku brzinu izmena delova ure\u0111aja<\/li>\n<li>energetska u\u010dinkovitost<\/li>\n<li>industrija 4.0.<\/li>\n<li>3 opcije rotora: folija, komad, glomazni otpresci<\/li>\n<li><strong>QuadCUT\u2122 &#8211; jedinstveni patentirani dizajn no\u017ea <\/strong><\/li>\n<li>MCT \u2013 baza ispunjena kompozitnim mineralima kako bi se osiguralo kvalitetnije mlevenje i efikasno ubla\u017eavanje naprezanja i vibracija<\/li>\n<li>otvor ku\u0107i\u0161ta: 800 x 780 \u00f7 1350 x 780 mm<\/li>\n<li>protok materijala: do 1000, do 1500 kg\/h<\/li>\n<\/ul>\n","protected":false},"featured_media":4259,"template":"","meta":[],"product_brand":[],"product_cat":[272,204,270],"product_tag":[],"class_list":{"0":"post-4258","1":"product","2":"type-product","3":"status-publish","4":"has-post-thumbnail","6":"product_cat-drobilice-sr","7":"product_cat-oprema-sr","8":"product_cat-rapid-sr","10":"first","11":"instock","12":"shipping-taxable","13":"product-type-simple"},"yoast_head":"<!-- This site is optimized with the Yoast SEO plugin v27.4 - https:\/\/yoast.com\/product\/yoast-seo-wordpress\/ -->\n<title>Raptor PowerPUSH - Nomis<\/title>\n<meta name=\"robots\" content=\"index, follow, max-snippet:-1, max-image-preview:large, max-video-preview:-1\" \/>\n<link rel=\"canonical\" href=\"https:\/\/nomis.hr\/sr\/produkt\/raptor-powerpush\/\" \/>\n<meta property=\"og:locale\" content=\"sr_RS\" \/>\n<meta property=\"og:type\" content=\"article\" \/>\n<meta property=\"og:title\" content=\"Raptor PowerPUSH - Nomis\" \/>\n<meta property=\"og:description\" content=\"Raptor PowerPUSH drobilice dizajnirane su za sve vrste termo-plastike i tamo gde postoje zahtevi za visokim kapacitetima. Ove drobilice dolaze u dve \u0161irine: 800 i 1350mm. PowerPUSH sistem omogu\u0107uje potpunu kontrolu procesa. Hidrauli\u010dki upravljani potiskiva\u010d mo\u017ee se optimizovati razli\u010ditim \u201ereceptima\u201c pomo\u0107u interaktivnog upravlja\u010dkog sistema, zavisno o materijalu i \u017eeljenom izlaznom kapacitetu.   \u201eOpen-heart\u201c koncept pristupa unutarnjim delovima omogu\u0107ava vrlo jednostavno odr\u017eavanje te veliku brzinu izmena delova ure\u0111aja  energetska u\u010dinkovitost  industrija 4.0.  3 opcije rotora: folija, komad, glomazni otpresci  QuadCUT\u2122 - jedinstveni patentirani dizajn no\u017ea   MCT \u2013 baza ispunjena kompozitnim mineralima kako bi se osiguralo kvalitetnije mlevenje i efikasno ubla\u017eavanje naprezanja i vibracija  otvor ku\u0107i\u0161ta: 800 x 780 \u00f7 1350 x 780 mm  protok materijala: do 1000, do 1500 kg\/h\" \/>\n<meta property=\"og:url\" content=\"https:\/\/nomis.hr\/sr\/produkt\/raptor-powerpush\/\" \/>\n<meta property=\"og:site_name\" content=\"Nomis\" \/>\n<meta property=\"og:image\" content=\"https:\/\/nomis.hr\/wp-content\/uploads\/2022\/05\/Raptor-PowerPUSH.jpg\" \/>\n\t<meta property=\"og:image:width\" content=\"1024\" \/>\n\t<meta property=\"og:image:height\" content=\"1024\" \/>\n\t<meta property=\"og:image:type\" content=\"image\/jpeg\" \/>\n<meta name=\"twitter:card\" content=\"summary_large_image\" \/>\n<script type=\"application\/ld+json\" class=\"yoast-schema-graph\">{\"@context\":\"https:\\\/\\\/schema.org\",\"@graph\":[{\"@type\":\"WebPage\",\"@id\":\"https:\\\/\\\/nomis.hr\\\/sr\\\/produkt\\\/raptor-powerpush\\\/\",\"url\":\"https:\\\/\\\/nomis.hr\\\/sr\\\/produkt\\\/raptor-powerpush\\\/\",\"name\":\"Raptor PowerPUSH - Nomis\",\"isPartOf\":{\"@id\":\"https:\\\/\\\/nomis.hr\\\/#website\"},\"primaryImageOfPage\":{\"@id\":\"https:\\\/\\\/nomis.hr\\\/sr\\\/produkt\\\/raptor-powerpush\\\/#primaryimage\"},\"image\":{\"@id\":\"https:\\\/\\\/nomis.hr\\\/sr\\\/produkt\\\/raptor-powerpush\\\/#primaryimage\"},\"thumbnailUrl\":\"https:\\\/\\\/nomis.hr\\\/wp-content\\\/uploads\\\/2022\\\/05\\\/Raptor-PowerPUSH.jpg\",\"datePublished\":\"2022-05-05T09:01:37+00:00\",\"breadcrumb\":{\"@id\":\"https:\\\/\\\/nomis.hr\\\/sr\\\/produkt\\\/raptor-powerpush\\\/#breadcrumb\"},\"inLanguage\":\"sr-RS\",\"potentialAction\":[{\"@type\":\"ReadAction\",\"target\":[\"https:\\\/\\\/nomis.hr\\\/sr\\\/produkt\\\/raptor-powerpush\\\/\"]}]},{\"@type\":\"ImageObject\",\"inLanguage\":\"sr-RS\",\"@id\":\"https:\\\/\\\/nomis.hr\\\/sr\\\/produkt\\\/raptor-powerpush\\\/#primaryimage\",\"url\":\"https:\\\/\\\/nomis.hr\\\/wp-content\\\/uploads\\\/2022\\\/05\\\/Raptor-PowerPUSH.jpg\",\"contentUrl\":\"https:\\\/\\\/nomis.hr\\\/wp-content\\\/uploads\\\/2022\\\/05\\\/Raptor-PowerPUSH.jpg\",\"width\":1024,\"height\":1024},{\"@type\":\"BreadcrumbList\",\"@id\":\"https:\\\/\\\/nomis.hr\\\/sr\\\/produkt\\\/raptor-powerpush\\\/#breadcrumb\",\"itemListElement\":[{\"@type\":\"ListItem\",\"position\":1,\"name\":\"Home\",\"item\":\"https:\\\/\\\/nomis.hr\\\/sr\\\/\"},{\"@type\":\"ListItem\",\"position\":2,\"name\":\"Katalog proizvoda\",\"item\":\"https:\\\/\\\/nomis.hr\\\/sr\\\/katalog-proizvoda\\\/\"},{\"@type\":\"ListItem\",\"position\":3,\"name\":\"Raptor PowerPUSH\"}]},{\"@type\":\"WebSite\",\"@id\":\"https:\\\/\\\/nomis.hr\\\/#website\",\"url\":\"https:\\\/\\\/nomis.hr\\\/\",\"name\":\"Nomis\",\"description\":\"Sve za preradu polimera i metala na jednom mjestu!\",\"publisher\":{\"@id\":\"https:\\\/\\\/nomis.hr\\\/#organization\"},\"potentialAction\":[{\"@type\":\"SearchAction\",\"target\":{\"@type\":\"EntryPoint\",\"urlTemplate\":\"https:\\\/\\\/nomis.hr\\\/?s={search_term_string}\"},\"query-input\":{\"@type\":\"PropertyValueSpecification\",\"valueRequired\":true,\"valueName\":\"search_term_string\"}}],\"inLanguage\":\"sr-RS\"},{\"@type\":\"Organization\",\"@id\":\"https:\\\/\\\/nomis.hr\\\/#organization\",\"name\":\"Nomis\",\"url\":\"https:\\\/\\\/nomis.hr\\\/\",\"logo\":{\"@type\":\"ImageObject\",\"inLanguage\":\"sr-RS\",\"@id\":\"https:\\\/\\\/nomis.hr\\\/#\\\/schema\\\/logo\\\/image\\\/\",\"url\":\"https:\\\/\\\/nomis.hr\\\/wp-content\\\/uploads\\\/2021\\\/03\\\/Nomis-logo-admin-login.png\",\"contentUrl\":\"https:\\\/\\\/nomis.hr\\\/wp-content\\\/uploads\\\/2021\\\/03\\\/Nomis-logo-admin-login.png\",\"width\":640,\"height\":163,\"caption\":\"Nomis\"},\"image\":{\"@id\":\"https:\\\/\\\/nomis.hr\\\/#\\\/schema\\\/logo\\\/image\\\/\"}}]}<\/script>\n<!-- \/ Yoast SEO plugin. -->","yoast_head_json":{"title":"Raptor PowerPUSH - Nomis","robots":{"index":"index","follow":"follow","max-snippet":"max-snippet:-1","max-image-preview":"max-image-preview:large","max-video-preview":"max-video-preview:-1"},"canonical":"https:\/\/nomis.hr\/sr\/produkt\/raptor-powerpush\/","og_locale":"sr_RS","og_type":"article","og_title":"Raptor PowerPUSH - Nomis","og_description":"Raptor PowerPUSH drobilice dizajnirane su za sve vrste termo-plastike i tamo gde postoje zahtevi za visokim kapacitetima. Ove drobilice dolaze u dve \u0161irine: 800 i 1350mm. PowerPUSH sistem omogu\u0107uje potpunu kontrolu procesa. Hidrauli\u010dki upravljani potiskiva\u010d mo\u017ee se optimizovati razli\u010ditim \u201ereceptima\u201c pomo\u0107u interaktivnog upravlja\u010dkog sistema, zavisno o materijalu i \u017eeljenom izlaznom kapacitetu.   \u201eOpen-heart\u201c koncept pristupa unutarnjim delovima omogu\u0107ava vrlo jednostavno odr\u017eavanje te veliku brzinu izmena delova ure\u0111aja  energetska u\u010dinkovitost  industrija 4.0.  3 opcije rotora: folija, komad, glomazni otpresci  QuadCUT\u2122 - jedinstveni patentirani dizajn no\u017ea   MCT \u2013 baza ispunjena kompozitnim mineralima kako bi se osiguralo kvalitetnije mlevenje i efikasno ubla\u017eavanje naprezanja i vibracija  otvor ku\u0107i\u0161ta: 800 x 780 \u00f7 1350 x 780 mm  protok materijala: do 1000, do 1500 kg\/h","og_url":"https:\/\/nomis.hr\/sr\/produkt\/raptor-powerpush\/","og_site_name":"Nomis","og_image":[{"width":1024,"height":1024,"url":"https:\/\/nomis.hr\/wp-content\/uploads\/2022\/05\/Raptor-PowerPUSH.jpg","type":"image\/jpeg"}],"twitter_card":"summary_large_image","schema":{"@context":"https:\/\/schema.org","@graph":[{"@type":"WebPage","@id":"https:\/\/nomis.hr\/sr\/produkt\/raptor-powerpush\/","url":"https:\/\/nomis.hr\/sr\/produkt\/raptor-powerpush\/","name":"Raptor PowerPUSH - Nomis","isPartOf":{"@id":"https:\/\/nomis.hr\/#website"},"primaryImageOfPage":{"@id":"https:\/\/nomis.hr\/sr\/produkt\/raptor-powerpush\/#primaryimage"},"image":{"@id":"https:\/\/nomis.hr\/sr\/produkt\/raptor-powerpush\/#primaryimage"},"thumbnailUrl":"https:\/\/nomis.hr\/wp-content\/uploads\/2022\/05\/Raptor-PowerPUSH.jpg","datePublished":"2022-05-05T09:01:37+00:00","breadcrumb":{"@id":"https:\/\/nomis.hr\/sr\/produkt\/raptor-powerpush\/#breadcrumb"},"inLanguage":"sr-RS","potentialAction":[{"@type":"ReadAction","target":["https:\/\/nomis.hr\/sr\/produkt\/raptor-powerpush\/"]}]},{"@type":"ImageObject","inLanguage":"sr-RS","@id":"https:\/\/nomis.hr\/sr\/produkt\/raptor-powerpush\/#primaryimage","url":"https:\/\/nomis.hr\/wp-content\/uploads\/2022\/05\/Raptor-PowerPUSH.jpg","contentUrl":"https:\/\/nomis.hr\/wp-content\/uploads\/2022\/05\/Raptor-PowerPUSH.jpg","width":1024,"height":1024},{"@type":"BreadcrumbList","@id":"https:\/\/nomis.hr\/sr\/produkt\/raptor-powerpush\/#breadcrumb","itemListElement":[{"@type":"ListItem","position":1,"name":"Home","item":"https:\/\/nomis.hr\/sr\/"},{"@type":"ListItem","position":2,"name":"Katalog proizvoda","item":"https:\/\/nomis.hr\/sr\/katalog-proizvoda\/"},{"@type":"ListItem","position":3,"name":"Raptor PowerPUSH"}]},{"@type":"WebSite","@id":"https:\/\/nomis.hr\/#website","url":"https:\/\/nomis.hr\/","name":"Nomis","description":"Sve za preradu polimera i metala na jednom mjestu!","publisher":{"@id":"https:\/\/nomis.hr\/#organization"},"potentialAction":[{"@type":"SearchAction","target":{"@type":"EntryPoint","urlTemplate":"https:\/\/nomis.hr\/?s={search_term_string}"},"query-input":{"@type":"PropertyValueSpecification","valueRequired":true,"valueName":"search_term_string"}}],"inLanguage":"sr-RS"},{"@type":"Organization","@id":"https:\/\/nomis.hr\/#organization","name":"Nomis","url":"https:\/\/nomis.hr\/","logo":{"@type":"ImageObject","inLanguage":"sr-RS","@id":"https:\/\/nomis.hr\/#\/schema\/logo\/image\/","url":"https:\/\/nomis.hr\/wp-content\/uploads\/2021\/03\/Nomis-logo-admin-login.png","contentUrl":"https:\/\/nomis.hr\/wp-content\/uploads\/2021\/03\/Nomis-logo-admin-login.png","width":640,"height":163,"caption":"Nomis"},"image":{"@id":"https:\/\/nomis.hr\/#\/schema\/logo\/image\/"}}]}},"_links":{"self":[{"href":"https:\/\/nomis.hr\/sr\/wp-json\/wp\/v2\/product\/4258","targetHints":{"allow":["GET"]}}],"collection":[{"href":"https:\/\/nomis.hr\/sr\/wp-json\/wp\/v2\/product"}],"about":[{"href":"https:\/\/nomis.hr\/sr\/wp-json\/wp\/v2\/types\/product"}],"wp:featuredmedia":[{"embeddable":true,"href":"https:\/\/nomis.hr\/sr\/wp-json\/wp\/v2\/media\/4259"}],"wp:attachment":[{"href":"https:\/\/nomis.hr\/sr\/wp-json\/wp\/v2\/media?parent=4258"}],"wp:term":[{"taxonomy":"product_brand","embeddable":true,"href":"https:\/\/nomis.hr\/sr\/wp-json\/wp\/v2\/product_brand?post=4258"},{"taxonomy":"product_cat","embeddable":true,"href":"https:\/\/nomis.hr\/sr\/wp-json\/wp\/v2\/product_cat?post=4258"},{"taxonomy":"product_tag","embeddable":true,"href":"https:\/\/nomis.hr\/sr\/wp-json\/wp\/v2\/product_tag?post=4258"}],"curies":[{"name":"wp","href":"https:\/\/api.w.org\/{rel}","templated":true}]}}