{"id":4266,"date":"2022-05-05T11:21:54","date_gmt":"2022-05-05T09:21:54","guid":{"rendered":"https:\/\/nomis.hr\/product\/300-lbb-serija\/"},"modified":"2022-05-05T11:21:54","modified_gmt":"2022-05-05T09:21:54","slug":"300-lbb-serija","status":"publish","type":"product","link":"https:\/\/nomis.hr\/sr\/produkt\/300-lbb-serija\/","title":{"rendered":"300 LBB serija"},"content":{"rendered":"","protected":false},"excerpt":{"rendered":"<p>Rapid 300 LBB (Low Built Base)\u00a0serija mlina ima iznimno nisku konstrukciju. Tipi\u010dne primene uklju\u010duju termo-formiranje, mlevenje ostataka materijala od termo-formiranja i lima. Mlin se mo\u017ee linijski spojiti sa proizvodnom ma\u0161inom sa sistemom valjaka sa signalnom petljom za dobavu folije u mlin (roll-feeder) ili ispod linije pomo\u0107u jednostavnog levka za slobodno ispadanje ostataka folije. Dostupne su 3 \u0161irine kapaciteta do 700 kg\/h.<\/p>\n<p>&nbsp;<\/p>\n<ul>\n<li>niska konstrukcija visine samo 600mm<\/li>\n<li>dostupne razli\u010dite opcije zavisno o primeni<\/li>\n<li>tri \u0161irine: 900, 1200 i 1500 mm<\/li>\n<li>sna\u017ean rad s motorima do 30 kW<\/li>\n<li>jednoliki krug rezanja garantuje ispravni razmak izme\u0111u no\u017eeva i mre\u017ea, te je klju\u010dni faktor za visoki kvalitet samlevenog materijala, \u010dak i nakon vi\u0161estrukog o\u0161trenja no\u017eeva<\/li>\n<li>skeletni otpad se melje i dovodi direktno natrag u proces; otpad u obliku celih folija mo\u017ee se samleti bez ikakvih izmena na ma\u0161ini<\/li>\n<li>protok materijala: do 400, 500 ili 600 kg\/h<\/li>\n<li>promer otvora za foliju: 8mm<\/li>\n<\/ul>\n","protected":false},"featured_media":4267,"template":"","meta":[],"product_cat":[204,270,274],"product_tag":[],"yoast_head":"<!-- This site is optimized with the Yoast SEO plugin v21.3 - https:\/\/yoast.com\/wordpress\/plugins\/seo\/ -->\n<title>300 LBB serija - Nomis<\/title>\n<meta name=\"robots\" content=\"index, follow, max-snippet:-1, max-image-preview:large, max-video-preview:-1\" \/>\n<link rel=\"canonical\" href=\"https:\/\/nomis.hr\/sr\/produkt\/300-lbb-serija\/\" \/>\n<meta property=\"og:locale\" content=\"sr_RS\" \/>\n<meta property=\"og:type\" content=\"article\" \/>\n<meta property=\"og:title\" content=\"300 LBB serija - Nomis\" \/>\n<meta property=\"og:description\" content=\"Rapid 300 LBB (Low Built Base)\u00a0serija mlina ima iznimno nisku konstrukciju. Tipi\u010dne primene uklju\u010duju termo-formiranje, mlevenje ostataka materijala od termo-formiranja i lima. Mlin se mo\u017ee linijski spojiti sa proizvodnom ma\u0161inom sa sistemom valjaka sa signalnom petljom za dobavu folije u mlin (roll-feeder) ili ispod linije pomo\u0107u jednostavnog levka za slobodno ispadanje ostataka folije. Dostupne su 3 \u0161irine kapaciteta do 700 kg\/h.  &nbsp;   niska konstrukcija visine samo 600mm  dostupne razli\u010dite opcije zavisno o primeni  tri \u0161irine: 900, 1200 i 1500 mm  sna\u017ean rad s motorima do 30 kW  jednoliki krug rezanja garantuje ispravni razmak izme\u0111u no\u017eeva i mre\u017ea, te je klju\u010dni faktor za visoki kvalitet samlevenog materijala, \u010dak i nakon vi\u0161estrukog o\u0161trenja no\u017eeva  skeletni otpad se melje i dovodi direktno natrag u proces; otpad u obliku celih folija mo\u017ee se samleti bez ikakvih izmena na ma\u0161ini  protok materijala: do 400, 500 ili 600 kg\/h  promer otvora za foliju: 8mm\" \/>\n<meta property=\"og:url\" content=\"https:\/\/nomis.hr\/sr\/produkt\/300-lbb-serija\/\" \/>\n<meta property=\"og:site_name\" content=\"Nomis\" \/>\n<meta property=\"og:image\" content=\"https:\/\/nomis.hr\/wp-content\/uploads\/2022\/05\/rapid-lbb-8925.jpg\" \/>\n\t<meta property=\"og:image:width\" content=\"1024\" \/>\n\t<meta property=\"og:image:height\" content=\"1024\" \/>\n\t<meta property=\"og:image:type\" content=\"image\/jpeg\" \/>\n<meta name=\"twitter:card\" content=\"summary_large_image\" \/>\n<script type=\"application\/ld+json\" class=\"yoast-schema-graph\">{\"@context\":\"https:\/\/schema.org\",\"@graph\":[{\"@type\":\"WebPage\",\"@id\":\"https:\/\/nomis.hr\/sr\/produkt\/300-lbb-serija\/\",\"url\":\"https:\/\/nomis.hr\/sr\/produkt\/300-lbb-serija\/\",\"name\":\"300 LBB serija - Nomis\",\"isPartOf\":{\"@id\":\"https:\/\/nomis.hr\/#website\"},\"datePublished\":\"2022-05-05T09:21:54+00:00\",\"dateModified\":\"2022-05-05T09:21:54+00:00\",\"breadcrumb\":{\"@id\":\"https:\/\/nomis.hr\/sr\/produkt\/300-lbb-serija\/#breadcrumb\"},\"inLanguage\":\"sr-RS\",\"potentialAction\":[{\"@type\":\"ReadAction\",\"target\":[\"https:\/\/nomis.hr\/sr\/produkt\/300-lbb-serija\/\"]}]},{\"@type\":\"BreadcrumbList\",\"@id\":\"https:\/\/nomis.hr\/sr\/produkt\/300-lbb-serija\/#breadcrumb\",\"itemListElement\":[{\"@type\":\"ListItem\",\"position\":1,\"name\":\"Home\",\"item\":\"https:\/\/nomis.hr\/sr\/\"},{\"@type\":\"ListItem\",\"position\":2,\"name\":\"Katalog proizvoda\",\"item\":\"https:\/\/nomis.hr\/sr\/katalog-proizvoda\/\"},{\"@type\":\"ListItem\",\"position\":3,\"name\":\"300 LBB serija\"}]},{\"@type\":\"WebSite\",\"@id\":\"https:\/\/nomis.hr\/#website\",\"url\":\"https:\/\/nomis.hr\/\",\"name\":\"Nomis\",\"description\":\"Sve za preradu polimera i metala na jednom mjestu!\",\"publisher\":{\"@id\":\"https:\/\/nomis.hr\/#organization\"},\"potentialAction\":[{\"@type\":\"SearchAction\",\"target\":{\"@type\":\"EntryPoint\",\"urlTemplate\":\"https:\/\/nomis.hr\/?s={search_term_string}\"},\"query-input\":\"required name=search_term_string\"}],\"inLanguage\":\"sr-RS\"},{\"@type\":\"Organization\",\"@id\":\"https:\/\/nomis.hr\/#organization\",\"name\":\"Nomis\",\"url\":\"https:\/\/nomis.hr\/\",\"logo\":{\"@type\":\"ImageObject\",\"inLanguage\":\"sr-RS\",\"@id\":\"https:\/\/nomis.hr\/#\/schema\/logo\/image\/\",\"url\":\"https:\/\/nomis.hr\/wp-content\/uploads\/2021\/03\/Nomis-logo-admin-login.png\",\"contentUrl\":\"https:\/\/nomis.hr\/wp-content\/uploads\/2021\/03\/Nomis-logo-admin-login.png\",\"width\":640,\"height\":163,\"caption\":\"Nomis\"},\"image\":{\"@id\":\"https:\/\/nomis.hr\/#\/schema\/logo\/image\/\"}}]}<\/script>\n<!-- \/ Yoast SEO plugin. -->","yoast_head_json":{"title":"300 LBB serija - Nomis","robots":{"index":"index","follow":"follow","max-snippet":"max-snippet:-1","max-image-preview":"max-image-preview:large","max-video-preview":"max-video-preview:-1"},"canonical":"https:\/\/nomis.hr\/sr\/produkt\/300-lbb-serija\/","og_locale":"sr_RS","og_type":"article","og_title":"300 LBB serija - Nomis","og_description":"Rapid 300 LBB (Low Built Base)\u00a0serija mlina ima iznimno nisku konstrukciju. Tipi\u010dne primene uklju\u010duju termo-formiranje, mlevenje ostataka materijala od termo-formiranja i lima. Mlin se mo\u017ee linijski spojiti sa proizvodnom ma\u0161inom sa sistemom valjaka sa signalnom petljom za dobavu folije u mlin (roll-feeder) ili ispod linije pomo\u0107u jednostavnog levka za slobodno ispadanje ostataka folije. Dostupne su 3 \u0161irine kapaciteta do 700 kg\/h.  &nbsp;   niska konstrukcija visine samo 600mm  dostupne razli\u010dite opcije zavisno o primeni  tri \u0161irine: 900, 1200 i 1500 mm  sna\u017ean rad s motorima do 30 kW  jednoliki krug rezanja garantuje ispravni razmak izme\u0111u no\u017eeva i mre\u017ea, te je klju\u010dni faktor za visoki kvalitet samlevenog materijala, \u010dak i nakon vi\u0161estrukog o\u0161trenja no\u017eeva  skeletni otpad se melje i dovodi direktno natrag u proces; otpad u obliku celih folija mo\u017ee se samleti bez ikakvih izmena na ma\u0161ini  protok materijala: do 400, 500 ili 600 kg\/h  promer otvora za foliju: 8mm","og_url":"https:\/\/nomis.hr\/sr\/produkt\/300-lbb-serija\/","og_site_name":"Nomis","og_image":[{"width":1024,"height":1024,"url":"https:\/\/nomis.hr\/wp-content\/uploads\/2022\/05\/rapid-lbb-8925.jpg","type":"image\/jpeg"}],"twitter_card":"summary_large_image","schema":{"@context":"https:\/\/schema.org","@graph":[{"@type":"WebPage","@id":"https:\/\/nomis.hr\/sr\/produkt\/300-lbb-serija\/","url":"https:\/\/nomis.hr\/sr\/produkt\/300-lbb-serija\/","name":"300 LBB serija - Nomis","isPartOf":{"@id":"https:\/\/nomis.hr\/#website"},"datePublished":"2022-05-05T09:21:54+00:00","dateModified":"2022-05-05T09:21:54+00:00","breadcrumb":{"@id":"https:\/\/nomis.hr\/sr\/produkt\/300-lbb-serija\/#breadcrumb"},"inLanguage":"sr-RS","potentialAction":[{"@type":"ReadAction","target":["https:\/\/nomis.hr\/sr\/produkt\/300-lbb-serija\/"]}]},{"@type":"BreadcrumbList","@id":"https:\/\/nomis.hr\/sr\/produkt\/300-lbb-serija\/#breadcrumb","itemListElement":[{"@type":"ListItem","position":1,"name":"Home","item":"https:\/\/nomis.hr\/sr\/"},{"@type":"ListItem","position":2,"name":"Katalog proizvoda","item":"https:\/\/nomis.hr\/sr\/katalog-proizvoda\/"},{"@type":"ListItem","position":3,"name":"300 LBB serija"}]},{"@type":"WebSite","@id":"https:\/\/nomis.hr\/#website","url":"https:\/\/nomis.hr\/","name":"Nomis","description":"Sve za preradu polimera i metala na jednom mjestu!","publisher":{"@id":"https:\/\/nomis.hr\/#organization"},"potentialAction":[{"@type":"SearchAction","target":{"@type":"EntryPoint","urlTemplate":"https:\/\/nomis.hr\/?s={search_term_string}"},"query-input":"required name=search_term_string"}],"inLanguage":"sr-RS"},{"@type":"Organization","@id":"https:\/\/nomis.hr\/#organization","name":"Nomis","url":"https:\/\/nomis.hr\/","logo":{"@type":"ImageObject","inLanguage":"sr-RS","@id":"https:\/\/nomis.hr\/#\/schema\/logo\/image\/","url":"https:\/\/nomis.hr\/wp-content\/uploads\/2021\/03\/Nomis-logo-admin-login.png","contentUrl":"https:\/\/nomis.hr\/wp-content\/uploads\/2021\/03\/Nomis-logo-admin-login.png","width":640,"height":163,"caption":"Nomis"},"image":{"@id":"https:\/\/nomis.hr\/#\/schema\/logo\/image\/"}}]}},"_links":{"self":[{"href":"https:\/\/nomis.hr\/sr\/wp-json\/wp\/v2\/product\/4266"}],"collection":[{"href":"https:\/\/nomis.hr\/sr\/wp-json\/wp\/v2\/product"}],"about":[{"href":"https:\/\/nomis.hr\/sr\/wp-json\/wp\/v2\/types\/product"}],"wp:featuredmedia":[{"embeddable":true,"href":"https:\/\/nomis.hr\/sr\/wp-json\/wp\/v2\/media\/4267"}],"wp:attachment":[{"href":"https:\/\/nomis.hr\/sr\/wp-json\/wp\/v2\/media?parent=4266"}],"wp:term":[{"taxonomy":"product_cat","embeddable":true,"href":"https:\/\/nomis.hr\/sr\/wp-json\/wp\/v2\/product_cat?post=4266"},{"taxonomy":"product_tag","embeddable":true,"href":"https:\/\/nomis.hr\/sr\/wp-json\/wp\/v2\/product_tag?post=4266"}],"curies":[{"name":"wp","href":"https:\/\/api.w.org\/{rel}","templated":true}]}}