{"id":4274,"date":"2022-05-05T11:07:43","date_gmt":"2022-05-05T09:07:43","guid":{"rendered":"https:\/\/nomis.hr\/product\/onecut-pro\/"},"modified":"2025-03-10T15:42:27","modified_gmt":"2025-03-10T14:42:27","slug":"onecut-pro","status":"publish","type":"product","link":"https:\/\/nomis.hr\/sr\/produkt\/onecut-pro\/","title":{"rendered":"OneCUT PRO"},"content":{"rendered":"","protected":false},"excerpt":{"rendered":"<p>Rapid OneCUT PRO je mlin visoke u\u010dinkovitosti koji \u0161tedi energiju, a istovremeno proizvodi regranulat visokog kvaliteta. Sadr\u017ei mnoge Rapid inovacije poput FlexiSPEED tehnologije i koncepta otvorenog ku\u0107i\u0161ta koji znatno pojednostavljuje \u010di\u0161\u0107enje i odr\u017eavanje te omogu\u0107uje pametnije otkrivanje metala. FlexiSPEEED tehnologija omogu\u0107uje pode\u0161avanje brzine rotora za postizanje optimalnog rezultata \u0161to se ti\u010de kvaliteta regranulata, najni\u017eeg nivoa buke i najmanje mogu\u0107e potro\u0161nje energije sa Rapid EnergySMART.<\/p>\n<ul>\n<li>Rapid EnergySMART \u2013 u\u0161teda energije do 80%<\/li>\n<li>Rapid QRR (Quick Rotor Release) \u2013 otvaranje za 30 sekundi, \u010di\u0161\u0107enje s lako\u0107om<\/li>\n<li>Rapid FlexiSPEED &#8211; pode\u0161avanje brzine rotora \u00b1 40% (15-35 rpm) zavisno o karakteristikama materijala<\/li>\n<li>Anti-block sistem kao standard<\/li>\n<li>Zadovoljava trenutne i budu\u0107e sigurnosne zahteve<\/li>\n<li>Otvor ku\u0107i\u0161ta: 215 x 220 mm \u00f7 \u00a0445 x 220 mm<\/li>\n<li>Protok materijala: 20\/40 \u00f7 50\/110 kg\/h<\/li>\n<\/ul>\n<p>&nbsp;<\/p>\n[fusion_button link=\"https:\/\/nomis.hr\/wp-content\/uploads\/2022\/05\/OneCUT-PRO.pdf\" title=\"\" target=\"_blank\" link_attributes=\"\" alignment_medium=\"\" alignment_small=\"\" alignment=\"\" modal=\"\" hide_on_mobile=\"small-visibility,medium-visibility,large-visibility\" sticky_display=\"normal,sticky\" class=\"\" id=\"\" color=\"default\" button_gradient_top_color=\"\" hue=\"\" saturation=\"\" lightness=\"\" alpha=\"\" button_gradient_bottom_color=\"\" button_gradient_top_color_hover=\"\" button_gradient_bottom_color_hover=\"\" gradient_start_position=\"\" gradient_end_position=\"\" gradient_type=\"\" radial_direction=\"\" linear_angle=\"180\" accent_color=\"\" accent_hover_color=\"\" type=\"\" bevel_color=\"\" bevel_color_hover=\"\" border_top=\"\" border_right=\"\" border_bottom=\"\" border_left=\"\" border_radius_top_left=\"\" border_radius_top_right=\"\" border_radius_bottom_right=\"\" border_radius_bottom_left=\"\" border_color=\"\" border_hover_color=\"\" size=\"\" padding_top=\"\" padding_right=\"\" padding_bottom=\"\" padding_left=\"\" fusion_font_family_button_font=\"\" fusion_font_variant_button_font=\"\" font_size=\"\" line_height=\"\" letter_spacing=\"\" text_transform=\"\" stretch=\"default\" margin_top=\"\" margin_right=\"\" margin_bottom=\"\" margin_left=\"\" icon=\"fa-file-pdf fas\" icon_position=\"left\" icon_divider=\"no\" animation_type=\"\" animation_direction=\"left\" animation_speed=\"0.3\" animation_offset=\"\"]Tehni\u010dki dokument[\/fusion_button]\n","protected":false},"featured_media":4275,"template":"","meta":[],"product_cat":[204,270,274],"product_tag":[],"yoast_head":"<!-- This site is optimized with the Yoast SEO plugin v21.3 - https:\/\/yoast.com\/wordpress\/plugins\/seo\/ -->\n<title>OneCUT PRO - Nomis<\/title>\n<meta name=\"robots\" content=\"index, follow, max-snippet:-1, max-image-preview:large, max-video-preview:-1\" \/>\n<link rel=\"canonical\" href=\"https:\/\/nomis.hr\/proizvod\/onecut-pro\/\" \/>\n<meta property=\"og:locale\" content=\"sr_RS\" \/>\n<meta property=\"og:type\" content=\"article\" \/>\n<meta property=\"og:title\" content=\"OneCUT PRO - Nomis\" \/>\n<meta property=\"og:description\" content=\"Rapid OneCUT PRO je mlin visoke u\u010dinkovitosti koji \u0161tedi energiju, a istovremeno proizvodi regranulat visokog kvaliteta. Sadr\u017ei mnoge Rapid inovacije poput FlexiSPEED tehnologije i koncepta otvorenog ku\u0107i\u0161ta koji znatno pojednostavljuje \u010di\u0161\u0107enje i odr\u017eavanje te omogu\u0107uje pametnije otkrivanje metala. FlexiSPEEED tehnologija omogu\u0107uje pode\u0161avanje brzine rotora za postizanje optimalnog rezultata \u0161to se ti\u010de kvaliteta regranulata, najni\u017eeg nivoa buke i najmanje mogu\u0107e potro\u0161nje energije sa Rapid EnergySMART.   Rapid EnergySMART \u2013 u\u0161teda energije do 80%  Rapid QRR (Quick Rotor Release) \u2013 otvaranje za 30 sekundi, \u010di\u0161\u0107enje s lako\u0107om  Rapid FlexiSPEED - pode\u0161avanje brzine rotora \u00b1 40% (15-35 rpm) zavisno o karakteristikama materijala  Anti-block sistem kao standard  Zadovoljava trenutne i budu\u0107e sigurnosne zahteve  Otvor ku\u0107i\u0161ta: 215 x 220 mm \u00f7 \u00a0445 x 220 mm  Protok materijala: 20\/40 \u00f7 50\/110 kg\/h  &nbsp;\" \/>\n<meta property=\"og:url\" content=\"https:\/\/nomis.hr\/proizvod\/onecut-pro\/\" \/>\n<meta property=\"og:site_name\" content=\"Nomis\" \/>\n<meta property=\"article:modified_time\" content=\"2025-03-10T14:42:27+00:00\" \/>\n<meta property=\"og:image\" content=\"https:\/\/nomis.hr\/wp-content\/uploads\/2022\/05\/OneCUT-PRO.jpg\" \/>\n\t<meta property=\"og:image:width\" content=\"1024\" \/>\n\t<meta property=\"og:image:height\" content=\"1024\" \/>\n\t<meta property=\"og:image:type\" content=\"image\/jpeg\" \/>\n<meta name=\"twitter:card\" content=\"summary_large_image\" \/>\n<script type=\"application\/ld+json\" class=\"yoast-schema-graph\">{\"@context\":\"https:\/\/schema.org\",\"@graph\":[{\"@type\":\"WebPage\",\"@id\":\"https:\/\/nomis.hr\/proizvod\/onecut-pro\/\",\"url\":\"https:\/\/nomis.hr\/proizvod\/onecut-pro\/\",\"name\":\"OneCUT PRO - Nomis\",\"isPartOf\":{\"@id\":\"https:\/\/nomis.hr\/#website\"},\"datePublished\":\"2022-05-05T09:07:43+00:00\",\"dateModified\":\"2025-03-10T14:42:27+00:00\",\"breadcrumb\":{\"@id\":\"https:\/\/nomis.hr\/proizvod\/onecut-pro\/#breadcrumb\"},\"inLanguage\":\"sr-RS\",\"potentialAction\":[{\"@type\":\"ReadAction\",\"target\":[\"https:\/\/nomis.hr\/proizvod\/onecut-pro\/\"]}]},{\"@type\":\"BreadcrumbList\",\"@id\":\"https:\/\/nomis.hr\/proizvod\/onecut-pro\/#breadcrumb\",\"itemListElement\":[{\"@type\":\"ListItem\",\"position\":1,\"name\":\"Home\",\"item\":\"https:\/\/nomis.hr\/sr\/\"},{\"@type\":\"ListItem\",\"position\":2,\"name\":\"Katalog proizvoda\",\"item\":\"https:\/\/nomis.hr\/sr\/katalog-proizvoda\/\"},{\"@type\":\"ListItem\",\"position\":3,\"name\":\"OneCUT PRO\"}]},{\"@type\":\"WebSite\",\"@id\":\"https:\/\/nomis.hr\/#website\",\"url\":\"https:\/\/nomis.hr\/\",\"name\":\"Nomis\",\"description\":\"Sve za preradu polimera i metala na jednom mjestu!\",\"publisher\":{\"@id\":\"https:\/\/nomis.hr\/#organization\"},\"potentialAction\":[{\"@type\":\"SearchAction\",\"target\":{\"@type\":\"EntryPoint\",\"urlTemplate\":\"https:\/\/nomis.hr\/?s={search_term_string}\"},\"query-input\":\"required name=search_term_string\"}],\"inLanguage\":\"sr-RS\"},{\"@type\":\"Organization\",\"@id\":\"https:\/\/nomis.hr\/#organization\",\"name\":\"Nomis\",\"url\":\"https:\/\/nomis.hr\/\",\"logo\":{\"@type\":\"ImageObject\",\"inLanguage\":\"sr-RS\",\"@id\":\"https:\/\/nomis.hr\/#\/schema\/logo\/image\/\",\"url\":\"https:\/\/nomis.hr\/wp-content\/uploads\/2021\/03\/Nomis-logo-admin-login.png\",\"contentUrl\":\"https:\/\/nomis.hr\/wp-content\/uploads\/2021\/03\/Nomis-logo-admin-login.png\",\"width\":640,\"height\":163,\"caption\":\"Nomis\"},\"image\":{\"@id\":\"https:\/\/nomis.hr\/#\/schema\/logo\/image\/\"}}]}<\/script>\n<!-- \/ Yoast SEO plugin. -->","yoast_head_json":{"title":"OneCUT PRO - Nomis","robots":{"index":"index","follow":"follow","max-snippet":"max-snippet:-1","max-image-preview":"max-image-preview:large","max-video-preview":"max-video-preview:-1"},"canonical":"https:\/\/nomis.hr\/proizvod\/onecut-pro\/","og_locale":"sr_RS","og_type":"article","og_title":"OneCUT PRO - Nomis","og_description":"Rapid OneCUT PRO je mlin visoke u\u010dinkovitosti koji \u0161tedi energiju, a istovremeno proizvodi regranulat visokog kvaliteta. Sadr\u017ei mnoge Rapid inovacije poput FlexiSPEED tehnologije i koncepta otvorenog ku\u0107i\u0161ta koji znatno pojednostavljuje \u010di\u0161\u0107enje i odr\u017eavanje te omogu\u0107uje pametnije otkrivanje metala. FlexiSPEEED tehnologija omogu\u0107uje pode\u0161avanje brzine rotora za postizanje optimalnog rezultata \u0161to se ti\u010de kvaliteta regranulata, najni\u017eeg nivoa buke i najmanje mogu\u0107e potro\u0161nje energije sa Rapid EnergySMART.   Rapid EnergySMART \u2013 u\u0161teda energije do 80%  Rapid QRR (Quick Rotor Release) \u2013 otvaranje za 30 sekundi, \u010di\u0161\u0107enje s lako\u0107om  Rapid FlexiSPEED - pode\u0161avanje brzine rotora \u00b1 40% (15-35 rpm) zavisno o karakteristikama materijala  Anti-block sistem kao standard  Zadovoljava trenutne i budu\u0107e sigurnosne zahteve  Otvor ku\u0107i\u0161ta: 215 x 220 mm \u00f7 \u00a0445 x 220 mm  Protok materijala: 20\/40 \u00f7 50\/110 kg\/h  &nbsp;","og_url":"https:\/\/nomis.hr\/proizvod\/onecut-pro\/","og_site_name":"Nomis","article_modified_time":"2025-03-10T14:42:27+00:00","og_image":[{"width":1024,"height":1024,"url":"https:\/\/nomis.hr\/wp-content\/uploads\/2022\/05\/OneCUT-PRO.jpg","type":"image\/jpeg"}],"twitter_card":"summary_large_image","schema":{"@context":"https:\/\/schema.org","@graph":[{"@type":"WebPage","@id":"https:\/\/nomis.hr\/proizvod\/onecut-pro\/","url":"https:\/\/nomis.hr\/proizvod\/onecut-pro\/","name":"OneCUT PRO - Nomis","isPartOf":{"@id":"https:\/\/nomis.hr\/#website"},"datePublished":"2022-05-05T09:07:43+00:00","dateModified":"2025-03-10T14:42:27+00:00","breadcrumb":{"@id":"https:\/\/nomis.hr\/proizvod\/onecut-pro\/#breadcrumb"},"inLanguage":"sr-RS","potentialAction":[{"@type":"ReadAction","target":["https:\/\/nomis.hr\/proizvod\/onecut-pro\/"]}]},{"@type":"BreadcrumbList","@id":"https:\/\/nomis.hr\/proizvod\/onecut-pro\/#breadcrumb","itemListElement":[{"@type":"ListItem","position":1,"name":"Home","item":"https:\/\/nomis.hr\/sr\/"},{"@type":"ListItem","position":2,"name":"Katalog proizvoda","item":"https:\/\/nomis.hr\/sr\/katalog-proizvoda\/"},{"@type":"ListItem","position":3,"name":"OneCUT PRO"}]},{"@type":"WebSite","@id":"https:\/\/nomis.hr\/#website","url":"https:\/\/nomis.hr\/","name":"Nomis","description":"Sve za preradu polimera i metala na jednom mjestu!","publisher":{"@id":"https:\/\/nomis.hr\/#organization"},"potentialAction":[{"@type":"SearchAction","target":{"@type":"EntryPoint","urlTemplate":"https:\/\/nomis.hr\/?s={search_term_string}"},"query-input":"required name=search_term_string"}],"inLanguage":"sr-RS"},{"@type":"Organization","@id":"https:\/\/nomis.hr\/#organization","name":"Nomis","url":"https:\/\/nomis.hr\/","logo":{"@type":"ImageObject","inLanguage":"sr-RS","@id":"https:\/\/nomis.hr\/#\/schema\/logo\/image\/","url":"https:\/\/nomis.hr\/wp-content\/uploads\/2021\/03\/Nomis-logo-admin-login.png","contentUrl":"https:\/\/nomis.hr\/wp-content\/uploads\/2021\/03\/Nomis-logo-admin-login.png","width":640,"height":163,"caption":"Nomis"},"image":{"@id":"https:\/\/nomis.hr\/#\/schema\/logo\/image\/"}}]}},"_links":{"self":[{"href":"https:\/\/nomis.hr\/sr\/wp-json\/wp\/v2\/product\/4274"}],"collection":[{"href":"https:\/\/nomis.hr\/sr\/wp-json\/wp\/v2\/product"}],"about":[{"href":"https:\/\/nomis.hr\/sr\/wp-json\/wp\/v2\/types\/product"}],"wp:featuredmedia":[{"embeddable":true,"href":"https:\/\/nomis.hr\/sr\/wp-json\/wp\/v2\/media\/4275"}],"wp:attachment":[{"href":"https:\/\/nomis.hr\/sr\/wp-json\/wp\/v2\/media?parent=4274"}],"wp:term":[{"taxonomy":"product_cat","embeddable":true,"href":"https:\/\/nomis.hr\/sr\/wp-json\/wp\/v2\/product_cat?post=4274"},{"taxonomy":"product_tag","embeddable":true,"href":"https:\/\/nomis.hr\/sr\/wp-json\/wp\/v2\/product_tag?post=4274"}],"curies":[{"name":"wp","href":"https:\/\/api.w.org\/{rel}","templated":true}]}}