{"id":4293,"date":"2021-04-11T12:08:17","date_gmt":"2021-04-11T10:08:17","guid":{"rendered":"https:\/\/nomis.hr\/product\/4293\/"},"modified":"2022-11-28T16:29:29","modified_gmt":"2022-11-28T15:29:29","slug":"500-serija","status":"publish","type":"product","link":"https:\/\/nomis.hr\/sr\/produkt\/500-serija\/","title":{"rendered":"500 serija"},"content":{"rendered":"","protected":false},"excerpt":{"rendered":"<p>Rapid 500 serija mlina ve\u0107eg kapaciteta namenjena je za postavljanje ure\u0111aja kao centralnog mlina ili pored ma\u0161ine za preradu polimera. Tipi\u010dna namena je za mlevenje velikih koli\u010dina ulevaka, otpresaka, profila, manjih cevi i plo\u010da. Dostupan u 3 \u0161irine kapaciteta do 1,2 tone\/h.<\/p>\n<ul>\n<li>\u201eOpen-heart\u201c koncept pristupa unutarnjim delovima omogu\u0107ava vrlo jednostavno odr\u017eavanje te veliku brzinu izmene delova ure\u0111aja<\/li>\n<li>tangencijalni ulaz materijala idealan za mlevenje debelozidnih i kompaktnih otpresaka<\/li>\n<li>jednoliki krug rezanja garantuje ispravni razmak izme\u0111u no\u017eeva i mre\u017ea, te je klju\u010dni faktor za visoki kvalitet samlevenog materijala, \u010dak i nakon vi\u0161estrukog o\u0161trenja no\u017eeva<\/li>\n<li>prenos za te\u0161ke uslove rada omogu\u0107uje sna\u017eno i istovremeno energetski u\u010dinkovito mlevenje, te mo\u017ee biti dodatno opremljeno sa pove\u0107anom inercijom i tarnom spojkom<\/li>\n<li>mogu\u0107nost podizanja ulaznog rezervoara sa elektri\u010dnom dizalicom, omogu\u0107ava jednostavan, siguran i lagan pristup ku\u0107i\u0161tu za rezanje radi odr\u017eavanja i kontrole<\/li>\n<li>mogu\u0107nost pre-cut otvora ku\u0107i\u0161ta za rezanje za mlevenje u te\u0161kim uslovima kao \u0161to su mlevenje debelozidnih otpresaka, profila, cevi \u2013 proizvodi se re\u017eu u komadi\u0107e pre nego \u0161to do\u0111u do rotora<\/li>\n<li>protok materijala: do 600, do 900 ili do 1200 kg\/h<\/li>\n<li>super-tangencijalni otvor ku\u0107i\u0161ta: 620 x 580 mm \u00f7 1220 x 580 mm<\/li>\n<li>tangencijalni otvor ku\u0107i\u0161ta: 620 x 460 mm \u00f7 1220 x 460 mm<\/li>\n<li>pre-cut otvor ku\u0107i\u0161ta: 600 x 460 mm \u00f7 1200 x 460 mm<\/li>\n<\/ul>\n<p>&nbsp;<\/p>\n[fusion_button link=\"https:\/\/nomis.hr\/wp-content\/uploads\/2022\/05\/rapid_500s_brochure_en.pdf\" title=\"\" target=\"_blank\" link_attributes=\"\" alignment_medium=\"\" alignment_small=\"\" alignment=\"\" modal=\"\" hide_on_mobile=\"small-visibility,medium-visibility,large-visibility\" sticky_display=\"normal,sticky\" class=\"\" id=\"\" color=\"default\" button_gradient_top_color=\"\" hue=\"\" saturation=\"\" lightness=\"\" alpha=\"\" button_gradient_bottom_color=\"\" button_gradient_top_color_hover=\"\" button_gradient_bottom_color_hover=\"\" gradient_start_position=\"\" gradient_end_position=\"\" gradient_type=\"\" radial_direction=\"\" linear_angle=\"180\" accent_color=\"\" accent_hover_color=\"\" type=\"\" bevel_color=\"\" bevel_color_hover=\"\" border_top=\"\" border_right=\"\" border_bottom=\"\" border_left=\"\" border_radius_top_left=\"\" border_radius_top_right=\"\" border_radius_bottom_right=\"\" border_radius_bottom_left=\"\" border_color=\"\" border_hover_color=\"\" size=\"\" padding_top=\"\" padding_right=\"\" padding_bottom=\"\" padding_left=\"\" fusion_font_family_button_font=\"\" fusion_font_variant_button_font=\"\" font_size=\"\" line_height=\"\" letter_spacing=\"\" text_transform=\"\" stretch=\"default\" margin_top=\"\" margin_right=\"\" margin_bottom=\"\" margin_left=\"\" icon=\"fa-file-pdf fas\" icon_position=\"left\" icon_divider=\"no\" animation_type=\"\" animation_direction=\"left\" animation_speed=\"0.3\" animation_offset=\"\"]Tehni\u010dki dokument[\/fusion_button]\n","protected":false},"featured_media":4294,"template":"","meta":[],"product_cat":[204,270,274],"product_tag":[],"yoast_head":"<!-- This site is optimized with the Yoast SEO plugin v21.3 - https:\/\/yoast.com\/wordpress\/plugins\/seo\/ -->\n<title>500 serija - Nomis<\/title>\n<meta name=\"robots\" content=\"index, follow, max-snippet:-1, max-image-preview:large, max-video-preview:-1\" \/>\n<link rel=\"canonical\" href=\"https:\/\/nomis.hr\/sr\/produkt\/500-serija\/\" \/>\n<meta property=\"og:locale\" content=\"sr_RS\" \/>\n<meta property=\"og:type\" content=\"article\" \/>\n<meta property=\"og:title\" content=\"500 serija - Nomis\" \/>\n<meta property=\"og:description\" content=\"Rapid 500 serija mlina ve\u0107eg kapaciteta namenjena je za postavljanje ure\u0111aja kao centralnog mlina ili pored ma\u0161ine za preradu polimera. Tipi\u010dna namena je za mlevenje velikih koli\u010dina ulevaka, otpresaka, profila, manjih cevi i plo\u010da. Dostupan u 3 \u0161irine kapaciteta do 1,2 tone\/h.   \u201eOpen-heart\u201c koncept pristupa unutarnjim delovima omogu\u0107ava vrlo jednostavno odr\u017eavanje te veliku brzinu izmene delova ure\u0111aja  tangencijalni ulaz materijala idealan za mlevenje debelozidnih i kompaktnih otpresaka  jednoliki krug rezanja garantuje ispravni razmak izme\u0111u no\u017eeva i mre\u017ea, te je klju\u010dni faktor za visoki kvalitet samlevenog materijala, \u010dak i nakon vi\u0161estrukog o\u0161trenja no\u017eeva  prenos za te\u0161ke uslove rada omogu\u0107uje sna\u017eno i istovremeno energetski u\u010dinkovito mlevenje, te mo\u017ee biti dodatno opremljeno sa pove\u0107anom inercijom i tarnom spojkom  mogu\u0107nost podizanja ulaznog rezervoara sa elektri\u010dnom dizalicom, omogu\u0107ava jednostavan, siguran i lagan pristup ku\u0107i\u0161tu za rezanje radi odr\u017eavanja i kontrole  mogu\u0107nost pre-cut otvora ku\u0107i\u0161ta za rezanje za mlevenje u te\u0161kim uslovima kao \u0161to su mlevenje debelozidnih otpresaka, profila, cevi \u2013 proizvodi se re\u017eu u komadi\u0107e pre nego \u0161to do\u0111u do rotora  protok materijala: do 600, do 900 ili do 1200 kg\/h  super-tangencijalni otvor ku\u0107i\u0161ta: 620 x 580 mm \u00f7 1220 x 580 mm  tangencijalni otvor ku\u0107i\u0161ta: 620 x 460 mm \u00f7 1220 x 460 mm  pre-cut otvor ku\u0107i\u0161ta: 600 x 460 mm \u00f7 1200 x 460 mm  &nbsp;\" \/>\n<meta property=\"og:url\" content=\"https:\/\/nomis.hr\/sr\/produkt\/500-serija\/\" \/>\n<meta property=\"og:site_name\" content=\"Nomis\" \/>\n<meta property=\"article:modified_time\" content=\"2022-11-28T15:29:29+00:00\" \/>\n<meta property=\"og:image\" content=\"https:\/\/nomis.hr\/wp-content\/uploads\/2021\/04\/500-closed.jpg\" \/>\n\t<meta property=\"og:image:width\" content=\"1024\" \/>\n\t<meta property=\"og:image:height\" content=\"1024\" \/>\n\t<meta property=\"og:image:type\" content=\"image\/jpeg\" \/>\n<meta name=\"twitter:card\" content=\"summary_large_image\" \/>\n<script type=\"application\/ld+json\" class=\"yoast-schema-graph\">{\"@context\":\"https:\/\/schema.org\",\"@graph\":[{\"@type\":\"WebPage\",\"@id\":\"https:\/\/nomis.hr\/sr\/produkt\/500-serija\/\",\"url\":\"https:\/\/nomis.hr\/sr\/produkt\/500-serija\/\",\"name\":\"500 serija - Nomis\",\"isPartOf\":{\"@id\":\"https:\/\/nomis.hr\/#website\"},\"datePublished\":\"2021-04-11T10:08:17+00:00\",\"dateModified\":\"2022-11-28T15:29:29+00:00\",\"breadcrumb\":{\"@id\":\"https:\/\/nomis.hr\/sr\/produkt\/500-serija\/#breadcrumb\"},\"inLanguage\":\"sr-RS\",\"potentialAction\":[{\"@type\":\"ReadAction\",\"target\":[\"https:\/\/nomis.hr\/sr\/produkt\/500-serija\/\"]}]},{\"@type\":\"BreadcrumbList\",\"@id\":\"https:\/\/nomis.hr\/sr\/produkt\/500-serija\/#breadcrumb\",\"itemListElement\":[{\"@type\":\"ListItem\",\"position\":1,\"name\":\"Home\",\"item\":\"https:\/\/nomis.hr\/sr\/\"},{\"@type\":\"ListItem\",\"position\":2,\"name\":\"Katalog proizvoda\",\"item\":\"https:\/\/nomis.hr\/sr\/katalog-proizvoda\/\"},{\"@type\":\"ListItem\",\"position\":3,\"name\":\"500 serija\"}]},{\"@type\":\"WebSite\",\"@id\":\"https:\/\/nomis.hr\/#website\",\"url\":\"https:\/\/nomis.hr\/\",\"name\":\"Nomis\",\"description\":\"Sve za preradu polimera i metala na jednom mjestu!\",\"publisher\":{\"@id\":\"https:\/\/nomis.hr\/#organization\"},\"potentialAction\":[{\"@type\":\"SearchAction\",\"target\":{\"@type\":\"EntryPoint\",\"urlTemplate\":\"https:\/\/nomis.hr\/?s={search_term_string}\"},\"query-input\":\"required name=search_term_string\"}],\"inLanguage\":\"sr-RS\"},{\"@type\":\"Organization\",\"@id\":\"https:\/\/nomis.hr\/#organization\",\"name\":\"Nomis\",\"url\":\"https:\/\/nomis.hr\/\",\"logo\":{\"@type\":\"ImageObject\",\"inLanguage\":\"sr-RS\",\"@id\":\"https:\/\/nomis.hr\/#\/schema\/logo\/image\/\",\"url\":\"https:\/\/nomis.hr\/wp-content\/uploads\/2021\/03\/Nomis-logo-admin-login.png\",\"contentUrl\":\"https:\/\/nomis.hr\/wp-content\/uploads\/2021\/03\/Nomis-logo-admin-login.png\",\"width\":640,\"height\":163,\"caption\":\"Nomis\"},\"image\":{\"@id\":\"https:\/\/nomis.hr\/#\/schema\/logo\/image\/\"}}]}<\/script>\n<!-- \/ Yoast SEO plugin. -->","yoast_head_json":{"title":"500 serija - Nomis","robots":{"index":"index","follow":"follow","max-snippet":"max-snippet:-1","max-image-preview":"max-image-preview:large","max-video-preview":"max-video-preview:-1"},"canonical":"https:\/\/nomis.hr\/sr\/produkt\/500-serija\/","og_locale":"sr_RS","og_type":"article","og_title":"500 serija - Nomis","og_description":"Rapid 500 serija mlina ve\u0107eg kapaciteta namenjena je za postavljanje ure\u0111aja kao centralnog mlina ili pored ma\u0161ine za preradu polimera. Tipi\u010dna namena je za mlevenje velikih koli\u010dina ulevaka, otpresaka, profila, manjih cevi i plo\u010da. Dostupan u 3 \u0161irine kapaciteta do 1,2 tone\/h.   \u201eOpen-heart\u201c koncept pristupa unutarnjim delovima omogu\u0107ava vrlo jednostavno odr\u017eavanje te veliku brzinu izmene delova ure\u0111aja  tangencijalni ulaz materijala idealan za mlevenje debelozidnih i kompaktnih otpresaka  jednoliki krug rezanja garantuje ispravni razmak izme\u0111u no\u017eeva i mre\u017ea, te je klju\u010dni faktor za visoki kvalitet samlevenog materijala, \u010dak i nakon vi\u0161estrukog o\u0161trenja no\u017eeva  prenos za te\u0161ke uslove rada omogu\u0107uje sna\u017eno i istovremeno energetski u\u010dinkovito mlevenje, te mo\u017ee biti dodatno opremljeno sa pove\u0107anom inercijom i tarnom spojkom  mogu\u0107nost podizanja ulaznog rezervoara sa elektri\u010dnom dizalicom, omogu\u0107ava jednostavan, siguran i lagan pristup ku\u0107i\u0161tu za rezanje radi odr\u017eavanja i kontrole  mogu\u0107nost pre-cut otvora ku\u0107i\u0161ta za rezanje za mlevenje u te\u0161kim uslovima kao \u0161to su mlevenje debelozidnih otpresaka, profila, cevi \u2013 proizvodi se re\u017eu u komadi\u0107e pre nego \u0161to do\u0111u do rotora  protok materijala: do 600, do 900 ili do 1200 kg\/h  super-tangencijalni otvor ku\u0107i\u0161ta: 620 x 580 mm \u00f7 1220 x 580 mm  tangencijalni otvor ku\u0107i\u0161ta: 620 x 460 mm \u00f7 1220 x 460 mm  pre-cut otvor ku\u0107i\u0161ta: 600 x 460 mm \u00f7 1200 x 460 mm  &nbsp;","og_url":"https:\/\/nomis.hr\/sr\/produkt\/500-serija\/","og_site_name":"Nomis","article_modified_time":"2022-11-28T15:29:29+00:00","og_image":[{"width":1024,"height":1024,"url":"https:\/\/nomis.hr\/wp-content\/uploads\/2021\/04\/500-closed.jpg","type":"image\/jpeg"}],"twitter_card":"summary_large_image","schema":{"@context":"https:\/\/schema.org","@graph":[{"@type":"WebPage","@id":"https:\/\/nomis.hr\/sr\/produkt\/500-serija\/","url":"https:\/\/nomis.hr\/sr\/produkt\/500-serija\/","name":"500 serija - Nomis","isPartOf":{"@id":"https:\/\/nomis.hr\/#website"},"datePublished":"2021-04-11T10:08:17+00:00","dateModified":"2022-11-28T15:29:29+00:00","breadcrumb":{"@id":"https:\/\/nomis.hr\/sr\/produkt\/500-serija\/#breadcrumb"},"inLanguage":"sr-RS","potentialAction":[{"@type":"ReadAction","target":["https:\/\/nomis.hr\/sr\/produkt\/500-serija\/"]}]},{"@type":"BreadcrumbList","@id":"https:\/\/nomis.hr\/sr\/produkt\/500-serija\/#breadcrumb","itemListElement":[{"@type":"ListItem","position":1,"name":"Home","item":"https:\/\/nomis.hr\/sr\/"},{"@type":"ListItem","position":2,"name":"Katalog proizvoda","item":"https:\/\/nomis.hr\/sr\/katalog-proizvoda\/"},{"@type":"ListItem","position":3,"name":"500 serija"}]},{"@type":"WebSite","@id":"https:\/\/nomis.hr\/#website","url":"https:\/\/nomis.hr\/","name":"Nomis","description":"Sve za preradu polimera i metala na jednom mjestu!","publisher":{"@id":"https:\/\/nomis.hr\/#organization"},"potentialAction":[{"@type":"SearchAction","target":{"@type":"EntryPoint","urlTemplate":"https:\/\/nomis.hr\/?s={search_term_string}"},"query-input":"required name=search_term_string"}],"inLanguage":"sr-RS"},{"@type":"Organization","@id":"https:\/\/nomis.hr\/#organization","name":"Nomis","url":"https:\/\/nomis.hr\/","logo":{"@type":"ImageObject","inLanguage":"sr-RS","@id":"https:\/\/nomis.hr\/#\/schema\/logo\/image\/","url":"https:\/\/nomis.hr\/wp-content\/uploads\/2021\/03\/Nomis-logo-admin-login.png","contentUrl":"https:\/\/nomis.hr\/wp-content\/uploads\/2021\/03\/Nomis-logo-admin-login.png","width":640,"height":163,"caption":"Nomis"},"image":{"@id":"https:\/\/nomis.hr\/#\/schema\/logo\/image\/"}}]}},"_links":{"self":[{"href":"https:\/\/nomis.hr\/sr\/wp-json\/wp\/v2\/product\/4293"}],"collection":[{"href":"https:\/\/nomis.hr\/sr\/wp-json\/wp\/v2\/product"}],"about":[{"href":"https:\/\/nomis.hr\/sr\/wp-json\/wp\/v2\/types\/product"}],"wp:featuredmedia":[{"embeddable":true,"href":"https:\/\/nomis.hr\/sr\/wp-json\/wp\/v2\/media\/4294"}],"wp:attachment":[{"href":"https:\/\/nomis.hr\/sr\/wp-json\/wp\/v2\/media?parent=4293"}],"wp:term":[{"taxonomy":"product_cat","embeddable":true,"href":"https:\/\/nomis.hr\/sr\/wp-json\/wp\/v2\/product_cat?post=4293"},{"taxonomy":"product_tag","embeddable":true,"href":"https:\/\/nomis.hr\/sr\/wp-json\/wp\/v2\/product_tag?post=4293"}],"curies":[{"name":"wp","href":"https:\/\/api.w.org\/{rel}","templated":true}]}}