{"id":4305,"date":"2021-04-11T12:06:09","date_gmt":"2021-04-11T10:06:09","guid":{"rendered":"https:\/\/nomis.hr\/product\/300-serija\/"},"modified":"2021-04-11T12:06:09","modified_gmt":"2021-04-11T10:06:09","slug":"300-serija","status":"publish","type":"product","link":"https:\/\/nomis.hr\/sr\/produkt\/300-serija\/","title":{"rendered":"300 serija"},"content":{"rendered":"","protected":false},"excerpt":{"rendered":"<p>Rapid 300 serija mlina srednje veli\u010dine namenjena je za postavljanje ure\u0111aja kao centralnog mlina ili pored ma\u0161ina za preradu polimera. Tipi\u010dna namena je za mlevenje ulivaka, otpresaka, profila, manjih cevi i plo\u010da. Postoje tri razli\u010dite verzije s kapacitetom do 500kg\/h.<\/p>\n<ul>\n<li>\u201eOpen-heart\u201c koncept za brz i jednostavan pristup unutarnjim delovima zbog odr\u017eavanja\/\u010di\u0161\u0107enja<\/li>\n<li>super-tangencijalni i tangencijalni ulaz materijala idealan za mlevenje duvane ambala\u017ee<\/li>\n<li>jednoliki krug rezanja garantuje ispravni razmak izme\u0111u no\u017eeva i mre\u017ea, te je klju\u010dni faktor za visoki kvalitet samlevenog materijala, \u010dak i nakon vi\u0161estrukog o\u0161trenja no\u017eeva<\/li>\n<li>mogu\u0107nost podizanja ulaznog rezervoara omogu\u0107ava jednostavan i lagan pristup ku\u0107i\u0161tu za rezanje radi odr\u017eavanja i kontrole<\/li>\n<li>niska potro\u0161nja energije sa o\u0161tricama no\u017eeva s obe strane<\/li>\n<li>protok materijala: 200 \u00f7 400 kg\/h<\/li>\n<li>super-tangencijalni otvor ku\u0107i\u0161ta: 320 x 360 mm \u00f7 620 x 360 mm<\/li>\n<li>tangencijalni otvor ku\u0107i\u0161ta: 320 x 285 mm \u00f7 620 x 285 mm<\/li>\n<\/ul>\n<p>&nbsp;<\/p>\n[fusion_button link=\"https:\/\/nomis.hr\/wp-content\/uploads\/2022\/05\/rapid_300s_brochure_gb.pdf\" title=\"\" target=\"_blank\" link_attributes=\"\" alignment_medium=\"\" alignment_small=\"\" alignment=\"\" modal=\"\" hide_on_mobile=\"small-visibility,medium-visibility,large-visibility\" sticky_display=\"normal,sticky\" class=\"\" id=\"\" color=\"default\" button_gradient_top_color=\"\" hue=\"\" saturation=\"\" lightness=\"\" alpha=\"\" button_gradient_bottom_color=\"\" button_gradient_top_color_hover=\"\" button_gradient_bottom_color_hover=\"\" gradient_start_position=\"\" gradient_end_position=\"\" gradient_type=\"\" radial_direction=\"\" linear_angle=\"180\" accent_color=\"\" accent_hover_color=\"\" type=\"\" bevel_color=\"\" bevel_color_hover=\"\" border_top=\"\" border_right=\"\" border_bottom=\"\" border_left=\"\" border_radius_top_left=\"\" border_radius_top_right=\"\" border_radius_bottom_right=\"\" border_radius_bottom_left=\"\" border_color=\"\" border_hover_color=\"\" size=\"\" padding_top=\"\" padding_right=\"\" padding_bottom=\"\" padding_left=\"\" fusion_font_family_button_font=\"\" fusion_font_variant_button_font=\"\" font_size=\"\" line_height=\"\" letter_spacing=\"\" text_transform=\"\" stretch=\"default\" margin_top=\"\" margin_right=\"\" margin_bottom=\"\" margin_left=\"\" icon=\"fa-file-pdf fas\" icon_position=\"left\" icon_divider=\"no\" animation_type=\"\" animation_direction=\"left\" animation_speed=\"0.3\" animation_offset=\"\"]Tehni\u010dki dokument[\/fusion_button]\n","protected":false},"featured_media":4306,"template":"","meta":[],"product_brand":[],"product_cat":[274,204,270],"product_tag":[],"class_list":{"0":"post-4305","1":"product","2":"type-product","3":"status-publish","4":"has-post-thumbnail","6":"product_cat-mlinovi-sr","7":"product_cat-oprema-sr","8":"product_cat-rapid-sr","10":"first","11":"instock","12":"shipping-taxable","13":"product-type-simple"},"yoast_head":"<!-- This site is optimized with the Yoast SEO plugin v27.4 - https:\/\/yoast.com\/product\/yoast-seo-wordpress\/ -->\n<title>300 serija - Nomis<\/title>\n<meta name=\"robots\" content=\"index, follow, max-snippet:-1, max-image-preview:large, max-video-preview:-1\" \/>\n<link rel=\"canonical\" href=\"https:\/\/nomis.hr\/sr\/produkt\/300-serija\/\" \/>\n<meta property=\"og:locale\" content=\"sr_RS\" \/>\n<meta property=\"og:type\" content=\"article\" \/>\n<meta property=\"og:title\" content=\"300 serija - Nomis\" \/>\n<meta property=\"og:description\" content=\"Rapid 300 serija mlina srednje veli\u010dine namenjena je za postavljanje ure\u0111aja kao centralnog mlina ili pored ma\u0161ina za preradu polimera. Tipi\u010dna namena je za mlevenje ulivaka, otpresaka, profila, manjih cevi i plo\u010da. Postoje tri razli\u010dite verzije s kapacitetom do 500kg\/h.   \u201eOpen-heart\u201c koncept za brz i jednostavan pristup unutarnjim delovima zbog odr\u017eavanja\/\u010di\u0161\u0107enja  super-tangencijalni i tangencijalni ulaz materijala idealan za mlevenje duvane ambala\u017ee  jednoliki krug rezanja garantuje ispravni razmak izme\u0111u no\u017eeva i mre\u017ea, te je klju\u010dni faktor za visoki kvalitet samlevenog materijala, \u010dak i nakon vi\u0161estrukog o\u0161trenja no\u017eeva  mogu\u0107nost podizanja ulaznog rezervoara omogu\u0107ava jednostavan i lagan pristup ku\u0107i\u0161tu za rezanje radi odr\u017eavanja i kontrole  niska potro\u0161nja energije sa o\u0161tricama no\u017eeva s obe strane  protok materijala: 200 \u00f7 400 kg\/h  super-tangencijalni otvor ku\u0107i\u0161ta: 320 x 360 mm \u00f7 620 x 360 mm  tangencijalni otvor ku\u0107i\u0161ta: 320 x 285 mm \u00f7 620 x 285 mm  &nbsp;\" \/>\n<meta property=\"og:url\" content=\"https:\/\/nomis.hr\/sr\/produkt\/300-serija\/\" \/>\n<meta property=\"og:site_name\" content=\"Nomis\" \/>\n<meta property=\"og:image\" content=\"https:\/\/nomis.hr\/wp-content\/uploads\/2021\/04\/300-K-closed.jpg\" \/>\n\t<meta property=\"og:image:width\" content=\"1024\" \/>\n\t<meta property=\"og:image:height\" content=\"1024\" \/>\n\t<meta property=\"og:image:type\" content=\"image\/jpeg\" \/>\n<meta name=\"twitter:card\" content=\"summary_large_image\" \/>\n<script type=\"application\/ld+json\" class=\"yoast-schema-graph\">{\"@context\":\"https:\\\/\\\/schema.org\",\"@graph\":[{\"@type\":\"WebPage\",\"@id\":\"https:\\\/\\\/nomis.hr\\\/sr\\\/produkt\\\/300-serija\\\/\",\"url\":\"https:\\\/\\\/nomis.hr\\\/sr\\\/produkt\\\/300-serija\\\/\",\"name\":\"300 serija - Nomis\",\"isPartOf\":{\"@id\":\"https:\\\/\\\/nomis.hr\\\/#website\"},\"primaryImageOfPage\":{\"@id\":\"https:\\\/\\\/nomis.hr\\\/sr\\\/produkt\\\/300-serija\\\/#primaryimage\"},\"image\":{\"@id\":\"https:\\\/\\\/nomis.hr\\\/sr\\\/produkt\\\/300-serija\\\/#primaryimage\"},\"thumbnailUrl\":\"https:\\\/\\\/nomis.hr\\\/wp-content\\\/uploads\\\/2021\\\/04\\\/300-K-closed.jpg\",\"datePublished\":\"2021-04-11T10:06:09+00:00\",\"breadcrumb\":{\"@id\":\"https:\\\/\\\/nomis.hr\\\/sr\\\/produkt\\\/300-serija\\\/#breadcrumb\"},\"inLanguage\":\"sr-RS\",\"potentialAction\":[{\"@type\":\"ReadAction\",\"target\":[\"https:\\\/\\\/nomis.hr\\\/sr\\\/produkt\\\/300-serija\\\/\"]}]},{\"@type\":\"ImageObject\",\"inLanguage\":\"sr-RS\",\"@id\":\"https:\\\/\\\/nomis.hr\\\/sr\\\/produkt\\\/300-serija\\\/#primaryimage\",\"url\":\"https:\\\/\\\/nomis.hr\\\/wp-content\\\/uploads\\\/2021\\\/04\\\/300-K-closed.jpg\",\"contentUrl\":\"https:\\\/\\\/nomis.hr\\\/wp-content\\\/uploads\\\/2021\\\/04\\\/300-K-closed.jpg\",\"width\":1024,\"height\":1024},{\"@type\":\"BreadcrumbList\",\"@id\":\"https:\\\/\\\/nomis.hr\\\/sr\\\/produkt\\\/300-serija\\\/#breadcrumb\",\"itemListElement\":[{\"@type\":\"ListItem\",\"position\":1,\"name\":\"Home\",\"item\":\"https:\\\/\\\/nomis.hr\\\/sr\\\/\"},{\"@type\":\"ListItem\",\"position\":2,\"name\":\"Katalog proizvoda\",\"item\":\"https:\\\/\\\/nomis.hr\\\/sr\\\/katalog-proizvoda\\\/\"},{\"@type\":\"ListItem\",\"position\":3,\"name\":\"300 serija\"}]},{\"@type\":\"WebSite\",\"@id\":\"https:\\\/\\\/nomis.hr\\\/#website\",\"url\":\"https:\\\/\\\/nomis.hr\\\/\",\"name\":\"Nomis\",\"description\":\"Sve za preradu polimera i metala na jednom mjestu!\",\"publisher\":{\"@id\":\"https:\\\/\\\/nomis.hr\\\/#organization\"},\"potentialAction\":[{\"@type\":\"SearchAction\",\"target\":{\"@type\":\"EntryPoint\",\"urlTemplate\":\"https:\\\/\\\/nomis.hr\\\/?s={search_term_string}\"},\"query-input\":{\"@type\":\"PropertyValueSpecification\",\"valueRequired\":true,\"valueName\":\"search_term_string\"}}],\"inLanguage\":\"sr-RS\"},{\"@type\":\"Organization\",\"@id\":\"https:\\\/\\\/nomis.hr\\\/#organization\",\"name\":\"Nomis\",\"url\":\"https:\\\/\\\/nomis.hr\\\/\",\"logo\":{\"@type\":\"ImageObject\",\"inLanguage\":\"sr-RS\",\"@id\":\"https:\\\/\\\/nomis.hr\\\/#\\\/schema\\\/logo\\\/image\\\/\",\"url\":\"https:\\\/\\\/nomis.hr\\\/wp-content\\\/uploads\\\/2021\\\/03\\\/Nomis-logo-admin-login.png\",\"contentUrl\":\"https:\\\/\\\/nomis.hr\\\/wp-content\\\/uploads\\\/2021\\\/03\\\/Nomis-logo-admin-login.png\",\"width\":640,\"height\":163,\"caption\":\"Nomis\"},\"image\":{\"@id\":\"https:\\\/\\\/nomis.hr\\\/#\\\/schema\\\/logo\\\/image\\\/\"}}]}<\/script>\n<!-- \/ Yoast SEO plugin. -->","yoast_head_json":{"title":"300 serija - Nomis","robots":{"index":"index","follow":"follow","max-snippet":"max-snippet:-1","max-image-preview":"max-image-preview:large","max-video-preview":"max-video-preview:-1"},"canonical":"https:\/\/nomis.hr\/sr\/produkt\/300-serija\/","og_locale":"sr_RS","og_type":"article","og_title":"300 serija - Nomis","og_description":"Rapid 300 serija mlina srednje veli\u010dine namenjena je za postavljanje ure\u0111aja kao centralnog mlina ili pored ma\u0161ina za preradu polimera. Tipi\u010dna namena je za mlevenje ulivaka, otpresaka, profila, manjih cevi i plo\u010da. Postoje tri razli\u010dite verzije s kapacitetom do 500kg\/h.   \u201eOpen-heart\u201c koncept za brz i jednostavan pristup unutarnjim delovima zbog odr\u017eavanja\/\u010di\u0161\u0107enja  super-tangencijalni i tangencijalni ulaz materijala idealan za mlevenje duvane ambala\u017ee  jednoliki krug rezanja garantuje ispravni razmak izme\u0111u no\u017eeva i mre\u017ea, te je klju\u010dni faktor za visoki kvalitet samlevenog materijala, \u010dak i nakon vi\u0161estrukog o\u0161trenja no\u017eeva  mogu\u0107nost podizanja ulaznog rezervoara omogu\u0107ava jednostavan i lagan pristup ku\u0107i\u0161tu za rezanje radi odr\u017eavanja i kontrole  niska potro\u0161nja energije sa o\u0161tricama no\u017eeva s obe strane  protok materijala: 200 \u00f7 400 kg\/h  super-tangencijalni otvor ku\u0107i\u0161ta: 320 x 360 mm \u00f7 620 x 360 mm  tangencijalni otvor ku\u0107i\u0161ta: 320 x 285 mm \u00f7 620 x 285 mm  &nbsp;","og_url":"https:\/\/nomis.hr\/sr\/produkt\/300-serija\/","og_site_name":"Nomis","og_image":[{"width":1024,"height":1024,"url":"https:\/\/nomis.hr\/wp-content\/uploads\/2021\/04\/300-K-closed.jpg","type":"image\/jpeg"}],"twitter_card":"summary_large_image","schema":{"@context":"https:\/\/schema.org","@graph":[{"@type":"WebPage","@id":"https:\/\/nomis.hr\/sr\/produkt\/300-serija\/","url":"https:\/\/nomis.hr\/sr\/produkt\/300-serija\/","name":"300 serija - Nomis","isPartOf":{"@id":"https:\/\/nomis.hr\/#website"},"primaryImageOfPage":{"@id":"https:\/\/nomis.hr\/sr\/produkt\/300-serija\/#primaryimage"},"image":{"@id":"https:\/\/nomis.hr\/sr\/produkt\/300-serija\/#primaryimage"},"thumbnailUrl":"https:\/\/nomis.hr\/wp-content\/uploads\/2021\/04\/300-K-closed.jpg","datePublished":"2021-04-11T10:06:09+00:00","breadcrumb":{"@id":"https:\/\/nomis.hr\/sr\/produkt\/300-serija\/#breadcrumb"},"inLanguage":"sr-RS","potentialAction":[{"@type":"ReadAction","target":["https:\/\/nomis.hr\/sr\/produkt\/300-serija\/"]}]},{"@type":"ImageObject","inLanguage":"sr-RS","@id":"https:\/\/nomis.hr\/sr\/produkt\/300-serija\/#primaryimage","url":"https:\/\/nomis.hr\/wp-content\/uploads\/2021\/04\/300-K-closed.jpg","contentUrl":"https:\/\/nomis.hr\/wp-content\/uploads\/2021\/04\/300-K-closed.jpg","width":1024,"height":1024},{"@type":"BreadcrumbList","@id":"https:\/\/nomis.hr\/sr\/produkt\/300-serija\/#breadcrumb","itemListElement":[{"@type":"ListItem","position":1,"name":"Home","item":"https:\/\/nomis.hr\/sr\/"},{"@type":"ListItem","position":2,"name":"Katalog proizvoda","item":"https:\/\/nomis.hr\/sr\/katalog-proizvoda\/"},{"@type":"ListItem","position":3,"name":"300 serija"}]},{"@type":"WebSite","@id":"https:\/\/nomis.hr\/#website","url":"https:\/\/nomis.hr\/","name":"Nomis","description":"Sve za preradu polimera i metala na jednom mjestu!","publisher":{"@id":"https:\/\/nomis.hr\/#organization"},"potentialAction":[{"@type":"SearchAction","target":{"@type":"EntryPoint","urlTemplate":"https:\/\/nomis.hr\/?s={search_term_string}"},"query-input":{"@type":"PropertyValueSpecification","valueRequired":true,"valueName":"search_term_string"}}],"inLanguage":"sr-RS"},{"@type":"Organization","@id":"https:\/\/nomis.hr\/#organization","name":"Nomis","url":"https:\/\/nomis.hr\/","logo":{"@type":"ImageObject","inLanguage":"sr-RS","@id":"https:\/\/nomis.hr\/#\/schema\/logo\/image\/","url":"https:\/\/nomis.hr\/wp-content\/uploads\/2021\/03\/Nomis-logo-admin-login.png","contentUrl":"https:\/\/nomis.hr\/wp-content\/uploads\/2021\/03\/Nomis-logo-admin-login.png","width":640,"height":163,"caption":"Nomis"},"image":{"@id":"https:\/\/nomis.hr\/#\/schema\/logo\/image\/"}}]}},"_links":{"self":[{"href":"https:\/\/nomis.hr\/sr\/wp-json\/wp\/v2\/product\/4305","targetHints":{"allow":["GET"]}}],"collection":[{"href":"https:\/\/nomis.hr\/sr\/wp-json\/wp\/v2\/product"}],"about":[{"href":"https:\/\/nomis.hr\/sr\/wp-json\/wp\/v2\/types\/product"}],"wp:featuredmedia":[{"embeddable":true,"href":"https:\/\/nomis.hr\/sr\/wp-json\/wp\/v2\/media\/4306"}],"wp:attachment":[{"href":"https:\/\/nomis.hr\/sr\/wp-json\/wp\/v2\/media?parent=4305"}],"wp:term":[{"taxonomy":"product_brand","embeddable":true,"href":"https:\/\/nomis.hr\/sr\/wp-json\/wp\/v2\/product_brand?post=4305"},{"taxonomy":"product_cat","embeddable":true,"href":"https:\/\/nomis.hr\/sr\/wp-json\/wp\/v2\/product_cat?post=4305"},{"taxonomy":"product_tag","embeddable":true,"href":"https:\/\/nomis.hr\/sr\/wp-json\/wp\/v2\/product_tag?post=4305"}],"curies":[{"name":"wp","href":"https:\/\/api.w.org\/{rel}","templated":true}]}}