{"id":4309,"date":"2021-04-11T12:04:28","date_gmt":"2021-04-11T10:04:28","guid":{"rendered":"https:\/\/nomis.hr\/product\/200-serija\/"},"modified":"2021-04-11T12:04:28","modified_gmt":"2021-04-11T10:04:28","slug":"200-serija","status":"publish","type":"product","link":"https:\/\/nomis.hr\/sr\/produkt\/200-serija\/","title":{"rendered":"200 serija"},"content":{"rendered":"","protected":false},"excerpt":{"rendered":"<p>Rapid 200 serija mlina manje veli\u010dine idealna je za postavljanje ure\u0111aja pored ma\u0161ina za direktno mlevenje polimernog otpada iz procesa injekcijskog brizganja ili iz procesa duvanja. Dostupan je standardni model za kapacitete do 200kg\/h. Standardne alternative poput \u0161irine otvora za rezanje, konfiguracije rotora, sistema za pra\u017enjenje itd., omogu\u0107uju odabir onog mlina koji najbolje odgovara Va\u0161oj vrsti polimernog otpada, potrebnom protoku i zahtevima direktnog recikliranja.<\/p>\n<ul>\n<li>sistem rezanja sa kasetnim no\u017eevima za pojednostavljeno odr\u017eavanje<\/li>\n<li>super-tangencijalni ulaz materijala spre\u010dava povrat materijala iz otvora za rezanje, idealan za lagane proizvode poput duvane ambala\u017ee<\/li>\n<li>niska potro\u0161nja energije zbog konfiguracije o\u0161trica rotora i niske brzine rotacije<\/li>\n<li>jednoliki krug rezanja garantuje ispravni razmak izme\u0111u no\u017eeva i mre\u017ea, te je klju\u010dni faktor za visok kvalitet samlevenog materijala, \u010dak i nakon vi\u0161estrukog o\u0161trenja no\u017eeva<\/li>\n<li>protok materijala: 75 \u00f7 200 kg\/h<\/li>\n<li>otvor ku\u0107i\u0161ta: 240 x 220 mm \u00f7 600 x 220 mm<\/li>\n<\/ul>\n<p>&nbsp;<\/p>\n[fusion_button link=\"https:\/\/nomis.hr\/wp-content\/uploads\/2022\/05\/rapid_200s_brochure_en_met_web.pdf\" title=\"\" target=\"_blank\" link_attributes=\"\" alignment_medium=\"\" alignment_small=\"\" alignment=\"\" modal=\"\" hide_on_mobile=\"small-visibility,medium-visibility,large-visibility\" sticky_display=\"normal,sticky\" class=\"\" id=\"\" color=\"default\" button_gradient_top_color=\"\" hue=\"\" saturation=\"\" lightness=\"\" alpha=\"\" button_gradient_bottom_color=\"\" button_gradient_top_color_hover=\"\" button_gradient_bottom_color_hover=\"\" gradient_start_position=\"\" gradient_end_position=\"\" gradient_type=\"\" radial_direction=\"\" linear_angle=\"180\" accent_color=\"\" accent_hover_color=\"\" type=\"\" bevel_color=\"\" bevel_color_hover=\"\" border_top=\"\" border_right=\"\" border_bottom=\"\" border_left=\"\" border_radius_top_left=\"\" border_radius_top_right=\"\" border_radius_bottom_right=\"\" border_radius_bottom_left=\"\" border_color=\"\" border_hover_color=\"\" size=\"\" padding_top=\"\" padding_right=\"\" padding_bottom=\"\" padding_left=\"\" fusion_font_family_button_font=\"\" fusion_font_variant_button_font=\"\" font_size=\"\" line_height=\"\" letter_spacing=\"\" text_transform=\"\" stretch=\"default\" margin_top=\"\" margin_right=\"\" margin_bottom=\"\" margin_left=\"\" icon=\"fa-file-pdf fas\" icon_position=\"left\" icon_divider=\"no\" animation_type=\"\" animation_direction=\"left\" animation_speed=\"0.3\" animation_offset=\"\"]Tehni\u010dki dokument[\/fusion_button]\n","protected":false},"featured_media":4310,"template":"","meta":[],"product_cat":[204,270,274],"product_tag":[],"yoast_head":"<!-- This site is optimized with the Yoast SEO plugin v21.3 - https:\/\/yoast.com\/wordpress\/plugins\/seo\/ -->\n<title>200 serija - Nomis<\/title>\n<meta name=\"robots\" content=\"index, follow, max-snippet:-1, max-image-preview:large, max-video-preview:-1\" \/>\n<link rel=\"canonical\" href=\"https:\/\/nomis.hr\/sr\/produkt\/200-serija\/\" \/>\n<meta property=\"og:locale\" content=\"sr_RS\" \/>\n<meta property=\"og:type\" content=\"article\" \/>\n<meta property=\"og:title\" content=\"200 serija - Nomis\" \/>\n<meta property=\"og:description\" content=\"Rapid 200 serija mlina manje veli\u010dine idealna je za postavljanje ure\u0111aja pored ma\u0161ina za direktno mlevenje polimernog otpada iz procesa injekcijskog brizganja ili iz procesa duvanja. Dostupan je standardni model za kapacitete do 200kg\/h. Standardne alternative poput \u0161irine otvora za rezanje, konfiguracije rotora, sistema za pra\u017enjenje itd., omogu\u0107uju odabir onog mlina koji najbolje odgovara Va\u0161oj vrsti polimernog otpada, potrebnom protoku i zahtevima direktnog recikliranja.   sistem rezanja sa kasetnim no\u017eevima za pojednostavljeno odr\u017eavanje  super-tangencijalni ulaz materijala spre\u010dava povrat materijala iz otvora za rezanje, idealan za lagane proizvode poput duvane ambala\u017ee  niska potro\u0161nja energije zbog konfiguracije o\u0161trica rotora i niske brzine rotacije  jednoliki krug rezanja garantuje ispravni razmak izme\u0111u no\u017eeva i mre\u017ea, te je klju\u010dni faktor za visok kvalitet samlevenog materijala, \u010dak i nakon vi\u0161estrukog o\u0161trenja no\u017eeva  protok materijala: 75 \u00f7 200 kg\/h  otvor ku\u0107i\u0161ta: 240 x 220 mm \u00f7 600 x 220 mm  &nbsp;\" \/>\n<meta property=\"og:url\" content=\"https:\/\/nomis.hr\/sr\/produkt\/200-serija\/\" \/>\n<meta property=\"og:site_name\" content=\"Nomis\" \/>\n<meta property=\"og:image\" content=\"https:\/\/nomis.hr\/wp-content\/uploads\/2021\/04\/200-closed.jpg\" \/>\n\t<meta property=\"og:image:width\" content=\"1024\" \/>\n\t<meta property=\"og:image:height\" content=\"1024\" \/>\n\t<meta property=\"og:image:type\" content=\"image\/jpeg\" \/>\n<meta name=\"twitter:card\" content=\"summary_large_image\" \/>\n<script type=\"application\/ld+json\" class=\"yoast-schema-graph\">{\"@context\":\"https:\/\/schema.org\",\"@graph\":[{\"@type\":\"WebPage\",\"@id\":\"https:\/\/nomis.hr\/sr\/produkt\/200-serija\/\",\"url\":\"https:\/\/nomis.hr\/sr\/produkt\/200-serija\/\",\"name\":\"200 serija - Nomis\",\"isPartOf\":{\"@id\":\"https:\/\/nomis.hr\/#website\"},\"datePublished\":\"2021-04-11T10:04:28+00:00\",\"dateModified\":\"2021-04-11T10:04:28+00:00\",\"breadcrumb\":{\"@id\":\"https:\/\/nomis.hr\/sr\/produkt\/200-serija\/#breadcrumb\"},\"inLanguage\":\"sr-RS\",\"potentialAction\":[{\"@type\":\"ReadAction\",\"target\":[\"https:\/\/nomis.hr\/sr\/produkt\/200-serija\/\"]}]},{\"@type\":\"BreadcrumbList\",\"@id\":\"https:\/\/nomis.hr\/sr\/produkt\/200-serija\/#breadcrumb\",\"itemListElement\":[{\"@type\":\"ListItem\",\"position\":1,\"name\":\"Home\",\"item\":\"https:\/\/nomis.hr\/sr\/\"},{\"@type\":\"ListItem\",\"position\":2,\"name\":\"Katalog proizvoda\",\"item\":\"https:\/\/nomis.hr\/sr\/katalog-proizvoda\/\"},{\"@type\":\"ListItem\",\"position\":3,\"name\":\"200 serija\"}]},{\"@type\":\"WebSite\",\"@id\":\"https:\/\/nomis.hr\/#website\",\"url\":\"https:\/\/nomis.hr\/\",\"name\":\"Nomis\",\"description\":\"Sve za preradu polimera i metala na jednom mjestu!\",\"publisher\":{\"@id\":\"https:\/\/nomis.hr\/#organization\"},\"potentialAction\":[{\"@type\":\"SearchAction\",\"target\":{\"@type\":\"EntryPoint\",\"urlTemplate\":\"https:\/\/nomis.hr\/?s={search_term_string}\"},\"query-input\":\"required name=search_term_string\"}],\"inLanguage\":\"sr-RS\"},{\"@type\":\"Organization\",\"@id\":\"https:\/\/nomis.hr\/#organization\",\"name\":\"Nomis\",\"url\":\"https:\/\/nomis.hr\/\",\"logo\":{\"@type\":\"ImageObject\",\"inLanguage\":\"sr-RS\",\"@id\":\"https:\/\/nomis.hr\/#\/schema\/logo\/image\/\",\"url\":\"https:\/\/nomis.hr\/wp-content\/uploads\/2021\/03\/Nomis-logo-admin-login.png\",\"contentUrl\":\"https:\/\/nomis.hr\/wp-content\/uploads\/2021\/03\/Nomis-logo-admin-login.png\",\"width\":640,\"height\":163,\"caption\":\"Nomis\"},\"image\":{\"@id\":\"https:\/\/nomis.hr\/#\/schema\/logo\/image\/\"}}]}<\/script>\n<!-- \/ Yoast SEO plugin. -->","yoast_head_json":{"title":"200 serija - Nomis","robots":{"index":"index","follow":"follow","max-snippet":"max-snippet:-1","max-image-preview":"max-image-preview:large","max-video-preview":"max-video-preview:-1"},"canonical":"https:\/\/nomis.hr\/sr\/produkt\/200-serija\/","og_locale":"sr_RS","og_type":"article","og_title":"200 serija - Nomis","og_description":"Rapid 200 serija mlina manje veli\u010dine idealna je za postavljanje ure\u0111aja pored ma\u0161ina za direktno mlevenje polimernog otpada iz procesa injekcijskog brizganja ili iz procesa duvanja. Dostupan je standardni model za kapacitete do 200kg\/h. Standardne alternative poput \u0161irine otvora za rezanje, konfiguracije rotora, sistema za pra\u017enjenje itd., omogu\u0107uju odabir onog mlina koji najbolje odgovara Va\u0161oj vrsti polimernog otpada, potrebnom protoku i zahtevima direktnog recikliranja.   sistem rezanja sa kasetnim no\u017eevima za pojednostavljeno odr\u017eavanje  super-tangencijalni ulaz materijala spre\u010dava povrat materijala iz otvora za rezanje, idealan za lagane proizvode poput duvane ambala\u017ee  niska potro\u0161nja energije zbog konfiguracije o\u0161trica rotora i niske brzine rotacije  jednoliki krug rezanja garantuje ispravni razmak izme\u0111u no\u017eeva i mre\u017ea, te je klju\u010dni faktor za visok kvalitet samlevenog materijala, \u010dak i nakon vi\u0161estrukog o\u0161trenja no\u017eeva  protok materijala: 75 \u00f7 200 kg\/h  otvor ku\u0107i\u0161ta: 240 x 220 mm \u00f7 600 x 220 mm  &nbsp;","og_url":"https:\/\/nomis.hr\/sr\/produkt\/200-serija\/","og_site_name":"Nomis","og_image":[{"width":1024,"height":1024,"url":"https:\/\/nomis.hr\/wp-content\/uploads\/2021\/04\/200-closed.jpg","type":"image\/jpeg"}],"twitter_card":"summary_large_image","schema":{"@context":"https:\/\/schema.org","@graph":[{"@type":"WebPage","@id":"https:\/\/nomis.hr\/sr\/produkt\/200-serija\/","url":"https:\/\/nomis.hr\/sr\/produkt\/200-serija\/","name":"200 serija - Nomis","isPartOf":{"@id":"https:\/\/nomis.hr\/#website"},"datePublished":"2021-04-11T10:04:28+00:00","dateModified":"2021-04-11T10:04:28+00:00","breadcrumb":{"@id":"https:\/\/nomis.hr\/sr\/produkt\/200-serija\/#breadcrumb"},"inLanguage":"sr-RS","potentialAction":[{"@type":"ReadAction","target":["https:\/\/nomis.hr\/sr\/produkt\/200-serija\/"]}]},{"@type":"BreadcrumbList","@id":"https:\/\/nomis.hr\/sr\/produkt\/200-serija\/#breadcrumb","itemListElement":[{"@type":"ListItem","position":1,"name":"Home","item":"https:\/\/nomis.hr\/sr\/"},{"@type":"ListItem","position":2,"name":"Katalog proizvoda","item":"https:\/\/nomis.hr\/sr\/katalog-proizvoda\/"},{"@type":"ListItem","position":3,"name":"200 serija"}]},{"@type":"WebSite","@id":"https:\/\/nomis.hr\/#website","url":"https:\/\/nomis.hr\/","name":"Nomis","description":"Sve za preradu polimera i metala na jednom mjestu!","publisher":{"@id":"https:\/\/nomis.hr\/#organization"},"potentialAction":[{"@type":"SearchAction","target":{"@type":"EntryPoint","urlTemplate":"https:\/\/nomis.hr\/?s={search_term_string}"},"query-input":"required name=search_term_string"}],"inLanguage":"sr-RS"},{"@type":"Organization","@id":"https:\/\/nomis.hr\/#organization","name":"Nomis","url":"https:\/\/nomis.hr\/","logo":{"@type":"ImageObject","inLanguage":"sr-RS","@id":"https:\/\/nomis.hr\/#\/schema\/logo\/image\/","url":"https:\/\/nomis.hr\/wp-content\/uploads\/2021\/03\/Nomis-logo-admin-login.png","contentUrl":"https:\/\/nomis.hr\/wp-content\/uploads\/2021\/03\/Nomis-logo-admin-login.png","width":640,"height":163,"caption":"Nomis"},"image":{"@id":"https:\/\/nomis.hr\/#\/schema\/logo\/image\/"}}]}},"_links":{"self":[{"href":"https:\/\/nomis.hr\/sr\/wp-json\/wp\/v2\/product\/4309"}],"collection":[{"href":"https:\/\/nomis.hr\/sr\/wp-json\/wp\/v2\/product"}],"about":[{"href":"https:\/\/nomis.hr\/sr\/wp-json\/wp\/v2\/types\/product"}],"wp:featuredmedia":[{"embeddable":true,"href":"https:\/\/nomis.hr\/sr\/wp-json\/wp\/v2\/media\/4310"}],"wp:attachment":[{"href":"https:\/\/nomis.hr\/sr\/wp-json\/wp\/v2\/media?parent=4309"}],"wp:term":[{"taxonomy":"product_cat","embeddable":true,"href":"https:\/\/nomis.hr\/sr\/wp-json\/wp\/v2\/product_cat?post=4309"},{"taxonomy":"product_tag","embeddable":true,"href":"https:\/\/nomis.hr\/sr\/wp-json\/wp\/v2\/product_tag?post=4309"}],"curies":[{"name":"wp","href":"https:\/\/api.w.org\/{rel}","templated":true}]}}