{"id":4316,"date":"2021-04-11T12:03:03","date_gmt":"2021-04-11T10:03:03","guid":{"rendered":"https:\/\/nomis.hr\/product\/150-serija\/"},"modified":"2021-04-11T12:03:03","modified_gmt":"2021-04-11T10:03:03","slug":"150-serija","status":"publish","type":"product","link":"https:\/\/nomis.hr\/sr\/produkt\/150-serija\/","title":{"rendered":"150 serija"},"content":{"rendered":"","protected":false},"excerpt":{"rendered":"<p>Rapid 150 serija malih mlinova namenjena je za postavljanje ure\u0111aja pored stroja za ravno mevenje polimernog otpada iz procesa injekcijskog brizganja ili iz procesa duvanja. Trenutno mlevenje \u0161kartnih otpresaka i ulivaka i vra\u0107anje natrag u proces prerade, odr\u017eava kvalitet proizvoda i elimini\u0161e potrebu za skladi\u0161tenjem i distribucijom otpada i samlevenog materijala. Zavisno o konfiguraciji Va\u0161ih proizvodnih ma\u0161ina, dostupni su modeli mlinova za postavljanje pored i ispod ma\u0161ina.<\/p>\n<ul>\n<li>sistem rezanja sa kasetnim no\u017eevima \u0161to pojednostavljuje odr\u017eavanje<\/li>\n<li>poja\u010dani rotor sa dvostrukim le\u017eajevima za mlevenje i najtvr\u0111ih materijala<\/li>\n<li>otvrdnuta mre\u017ea s mogu\u0107no\u0161\u0107u okretanja za produ\u017eeni vek trajanja<\/li>\n<li>protok materijala: &lt;7 \u00f7 70 kg\/h<\/li>\n<li>otvor ku\u0107i\u0161ta: 80 x 70 mm \u00f7 420 x 150 mm<\/li>\n<li>PowerTech verzija za abrazivne materijale<\/li>\n<\/ul>\n<p>&nbsp;<\/p>\n<p class=\"p1\">[fusion_button link=\"https:\/\/nomis.hr\/wp-content\/uploads\/2022\/05\/Rapid_150S_DeltaTech.pdf\" title=\"\" target=\"_blank\" link_attributes=\"\" alignment_medium=\"\" alignment_small=\"\" alignment=\"\" modal=\"\" hide_on_mobile=\"small-visibility,medium-visibility,large-visibility\" sticky_display=\"normal,sticky\" class=\"\" id=\"\" color=\"default\" button_gradient_top_color=\"\" hue=\"\" saturation=\"\" lightness=\"\" alpha=\"\" button_gradient_bottom_color=\"\" button_gradient_top_color_hover=\"\" button_gradient_bottom_color_hover=\"\" gradient_start_position=\"\" gradient_end_position=\"\" gradient_type=\"\" radial_direction=\"\" linear_angle=\"180\" accent_color=\"\" accent_hover_color=\"\" type=\"\" bevel_color=\"\" bevel_color_hover=\"\" border_top=\"\" border_right=\"\" border_bottom=\"\" border_left=\"\" border_radius_top_left=\"\" border_radius_top_right=\"\" border_radius_bottom_right=\"\" border_radius_bottom_left=\"\" border_color=\"\" border_hover_color=\"\" size=\"\" padding_top=\"\" padding_right=\"\" padding_bottom=\"\" padding_left=\"\" fusion_font_family_button_font=\"\" fusion_font_variant_button_font=\"\" font_size=\"\" line_height=\"\" letter_spacing=\"\" text_transform=\"\" stretch=\"default\" margin_top=\"\" margin_right=\"\" margin_bottom=\"\" margin_left=\"\" icon=\"fa-file-pdf fas\" icon_position=\"left\" icon_divider=\"no\" animation_type=\"\" animation_direction=\"left\" animation_speed=\"0.3\" animation_offset=\"\"]Tehni\u010dki dokument (Delta Tech)[\/fusion_button]<\/p>\n[fusion_button link=\"https:\/\/nomis.hr\/wp-content\/uploads\/2022\/05\/Rapid_150S_PowerTech.pdf\" title=\"\" target=\"_blank\" link_attributes=\"\" alignment_medium=\"\" alignment_small=\"\" alignment=\"\" modal=\"\" hide_on_mobile=\"small-visibility,medium-visibility,large-visibility\" sticky_display=\"normal,sticky\" class=\"\" id=\"\" color=\"default\" button_gradient_top_color=\"\" hue=\"\" saturation=\"\" lightness=\"\" alpha=\"\" button_gradient_bottom_color=\"\" button_gradient_top_color_hover=\"\" button_gradient_bottom_color_hover=\"\" gradient_start_position=\"\" gradient_end_position=\"\" gradient_type=\"\" radial_direction=\"\" linear_angle=\"180\" accent_color=\"\" accent_hover_color=\"\" type=\"\" bevel_color=\"\" bevel_color_hover=\"\" border_top=\"\" border_right=\"\" border_bottom=\"\" border_left=\"\" border_radius_top_left=\"\" border_radius_top_right=\"\" border_radius_bottom_right=\"\" border_radius_bottom_left=\"\" border_color=\"\" border_hover_color=\"\" size=\"\" padding_top=\"\" padding_right=\"\" padding_bottom=\"\" padding_left=\"\" fusion_font_family_button_font=\"\" fusion_font_variant_button_font=\"\" font_size=\"\" line_height=\"\" letter_spacing=\"\" text_transform=\"\" stretch=\"default\" margin_top=\"\" margin_right=\"\" margin_bottom=\"\" margin_left=\"\" icon=\"fa-file-pdf fas\" icon_position=\"left\" icon_divider=\"no\" animation_type=\"\" animation_direction=\"left\" animation_speed=\"0.3\" animation_offset=\"\"]Tehni\u010dki dokument (Power Tech)[\/fusion_button]\n","protected":false},"featured_media":4317,"template":"","meta":[],"product_cat":[204,270,274],"product_tag":[],"yoast_head":"<!-- This site is optimized with the Yoast SEO plugin v21.3 - https:\/\/yoast.com\/wordpress\/plugins\/seo\/ -->\n<title>150 serija - Nomis<\/title>\n<meta name=\"robots\" content=\"index, follow, max-snippet:-1, max-image-preview:large, max-video-preview:-1\" \/>\n<link rel=\"canonical\" href=\"https:\/\/nomis.hr\/sr\/produkt\/150-serija\/\" \/>\n<meta property=\"og:locale\" content=\"sr_RS\" \/>\n<meta property=\"og:type\" content=\"article\" \/>\n<meta property=\"og:title\" content=\"150 serija - Nomis\" \/>\n<meta property=\"og:description\" content=\"Rapid 150 serija malih mlinova namenjena je za postavljanje ure\u0111aja pored stroja za ravno mevenje polimernog otpada iz procesa injekcijskog brizganja ili iz procesa duvanja. Trenutno mlevenje \u0161kartnih otpresaka i ulivaka i vra\u0107anje natrag u proces prerade, odr\u017eava kvalitet proizvoda i elimini\u0161e potrebu za skladi\u0161tenjem i distribucijom otpada i samlevenog materijala. Zavisno o konfiguraciji Va\u0161ih proizvodnih ma\u0161ina, dostupni su modeli mlinova za postavljanje pored i ispod ma\u0161ina.   sistem rezanja sa kasetnim no\u017eevima \u0161to pojednostavljuje odr\u017eavanje  poja\u010dani rotor sa dvostrukim le\u017eajevima za mlevenje i najtvr\u0111ih materijala  otvrdnuta mre\u017ea s mogu\u0107no\u0161\u0107u okretanja za produ\u017eeni vek trajanja  protok materijala: &lt;7 \u00f7 70 kg\/h  otvor ku\u0107i\u0161ta: 80 x 70 mm \u00f7 420 x 150 mm  PowerTech verzija za abrazivne materijale  &nbsp;\" \/>\n<meta property=\"og:url\" content=\"https:\/\/nomis.hr\/sr\/produkt\/150-serija\/\" \/>\n<meta property=\"og:site_name\" content=\"Nomis\" \/>\n<meta property=\"og:image\" content=\"https:\/\/nomis.hr\/wp-content\/uploads\/2021\/04\/150-closed.jpg\" \/>\n\t<meta property=\"og:image:width\" content=\"1024\" \/>\n\t<meta property=\"og:image:height\" content=\"1024\" \/>\n\t<meta property=\"og:image:type\" content=\"image\/jpeg\" \/>\n<meta name=\"twitter:card\" content=\"summary_large_image\" \/>\n<script type=\"application\/ld+json\" class=\"yoast-schema-graph\">{\"@context\":\"https:\/\/schema.org\",\"@graph\":[{\"@type\":\"WebPage\",\"@id\":\"https:\/\/nomis.hr\/sr\/produkt\/150-serija\/\",\"url\":\"https:\/\/nomis.hr\/sr\/produkt\/150-serija\/\",\"name\":\"150 serija - Nomis\",\"isPartOf\":{\"@id\":\"https:\/\/nomis.hr\/#website\"},\"datePublished\":\"2021-04-11T10:03:03+00:00\",\"dateModified\":\"2021-04-11T10:03:03+00:00\",\"breadcrumb\":{\"@id\":\"https:\/\/nomis.hr\/sr\/produkt\/150-serija\/#breadcrumb\"},\"inLanguage\":\"sr-RS\",\"potentialAction\":[{\"@type\":\"ReadAction\",\"target\":[\"https:\/\/nomis.hr\/sr\/produkt\/150-serija\/\"]}]},{\"@type\":\"BreadcrumbList\",\"@id\":\"https:\/\/nomis.hr\/sr\/produkt\/150-serija\/#breadcrumb\",\"itemListElement\":[{\"@type\":\"ListItem\",\"position\":1,\"name\":\"Home\",\"item\":\"https:\/\/nomis.hr\/sr\/\"},{\"@type\":\"ListItem\",\"position\":2,\"name\":\"Katalog proizvoda\",\"item\":\"https:\/\/nomis.hr\/sr\/katalog-proizvoda\/\"},{\"@type\":\"ListItem\",\"position\":3,\"name\":\"150 serija\"}]},{\"@type\":\"WebSite\",\"@id\":\"https:\/\/nomis.hr\/#website\",\"url\":\"https:\/\/nomis.hr\/\",\"name\":\"Nomis\",\"description\":\"Sve za preradu polimera i metala na jednom mjestu!\",\"publisher\":{\"@id\":\"https:\/\/nomis.hr\/#organization\"},\"potentialAction\":[{\"@type\":\"SearchAction\",\"target\":{\"@type\":\"EntryPoint\",\"urlTemplate\":\"https:\/\/nomis.hr\/?s={search_term_string}\"},\"query-input\":\"required name=search_term_string\"}],\"inLanguage\":\"sr-RS\"},{\"@type\":\"Organization\",\"@id\":\"https:\/\/nomis.hr\/#organization\",\"name\":\"Nomis\",\"url\":\"https:\/\/nomis.hr\/\",\"logo\":{\"@type\":\"ImageObject\",\"inLanguage\":\"sr-RS\",\"@id\":\"https:\/\/nomis.hr\/#\/schema\/logo\/image\/\",\"url\":\"https:\/\/nomis.hr\/wp-content\/uploads\/2021\/03\/Nomis-logo-admin-login.png\",\"contentUrl\":\"https:\/\/nomis.hr\/wp-content\/uploads\/2021\/03\/Nomis-logo-admin-login.png\",\"width\":640,\"height\":163,\"caption\":\"Nomis\"},\"image\":{\"@id\":\"https:\/\/nomis.hr\/#\/schema\/logo\/image\/\"}}]}<\/script>\n<!-- \/ Yoast SEO plugin. -->","yoast_head_json":{"title":"150 serija - Nomis","robots":{"index":"index","follow":"follow","max-snippet":"max-snippet:-1","max-image-preview":"max-image-preview:large","max-video-preview":"max-video-preview:-1"},"canonical":"https:\/\/nomis.hr\/sr\/produkt\/150-serija\/","og_locale":"sr_RS","og_type":"article","og_title":"150 serija - Nomis","og_description":"Rapid 150 serija malih mlinova namenjena je za postavljanje ure\u0111aja pored stroja za ravno mevenje polimernog otpada iz procesa injekcijskog brizganja ili iz procesa duvanja. Trenutno mlevenje \u0161kartnih otpresaka i ulivaka i vra\u0107anje natrag u proces prerade, odr\u017eava kvalitet proizvoda i elimini\u0161e potrebu za skladi\u0161tenjem i distribucijom otpada i samlevenog materijala. Zavisno o konfiguraciji Va\u0161ih proizvodnih ma\u0161ina, dostupni su modeli mlinova za postavljanje pored i ispod ma\u0161ina.   sistem rezanja sa kasetnim no\u017eevima \u0161to pojednostavljuje odr\u017eavanje  poja\u010dani rotor sa dvostrukim le\u017eajevima za mlevenje i najtvr\u0111ih materijala  otvrdnuta mre\u017ea s mogu\u0107no\u0161\u0107u okretanja za produ\u017eeni vek trajanja  protok materijala: &lt;7 \u00f7 70 kg\/h  otvor ku\u0107i\u0161ta: 80 x 70 mm \u00f7 420 x 150 mm  PowerTech verzija za abrazivne materijale  &nbsp;","og_url":"https:\/\/nomis.hr\/sr\/produkt\/150-serija\/","og_site_name":"Nomis","og_image":[{"width":1024,"height":1024,"url":"https:\/\/nomis.hr\/wp-content\/uploads\/2021\/04\/150-closed.jpg","type":"image\/jpeg"}],"twitter_card":"summary_large_image","schema":{"@context":"https:\/\/schema.org","@graph":[{"@type":"WebPage","@id":"https:\/\/nomis.hr\/sr\/produkt\/150-serija\/","url":"https:\/\/nomis.hr\/sr\/produkt\/150-serija\/","name":"150 serija - Nomis","isPartOf":{"@id":"https:\/\/nomis.hr\/#website"},"datePublished":"2021-04-11T10:03:03+00:00","dateModified":"2021-04-11T10:03:03+00:00","breadcrumb":{"@id":"https:\/\/nomis.hr\/sr\/produkt\/150-serija\/#breadcrumb"},"inLanguage":"sr-RS","potentialAction":[{"@type":"ReadAction","target":["https:\/\/nomis.hr\/sr\/produkt\/150-serija\/"]}]},{"@type":"BreadcrumbList","@id":"https:\/\/nomis.hr\/sr\/produkt\/150-serija\/#breadcrumb","itemListElement":[{"@type":"ListItem","position":1,"name":"Home","item":"https:\/\/nomis.hr\/sr\/"},{"@type":"ListItem","position":2,"name":"Katalog proizvoda","item":"https:\/\/nomis.hr\/sr\/katalog-proizvoda\/"},{"@type":"ListItem","position":3,"name":"150 serija"}]},{"@type":"WebSite","@id":"https:\/\/nomis.hr\/#website","url":"https:\/\/nomis.hr\/","name":"Nomis","description":"Sve za preradu polimera i metala na jednom mjestu!","publisher":{"@id":"https:\/\/nomis.hr\/#organization"},"potentialAction":[{"@type":"SearchAction","target":{"@type":"EntryPoint","urlTemplate":"https:\/\/nomis.hr\/?s={search_term_string}"},"query-input":"required name=search_term_string"}],"inLanguage":"sr-RS"},{"@type":"Organization","@id":"https:\/\/nomis.hr\/#organization","name":"Nomis","url":"https:\/\/nomis.hr\/","logo":{"@type":"ImageObject","inLanguage":"sr-RS","@id":"https:\/\/nomis.hr\/#\/schema\/logo\/image\/","url":"https:\/\/nomis.hr\/wp-content\/uploads\/2021\/03\/Nomis-logo-admin-login.png","contentUrl":"https:\/\/nomis.hr\/wp-content\/uploads\/2021\/03\/Nomis-logo-admin-login.png","width":640,"height":163,"caption":"Nomis"},"image":{"@id":"https:\/\/nomis.hr\/#\/schema\/logo\/image\/"}}]}},"_links":{"self":[{"href":"https:\/\/nomis.hr\/sr\/wp-json\/wp\/v2\/product\/4316"}],"collection":[{"href":"https:\/\/nomis.hr\/sr\/wp-json\/wp\/v2\/product"}],"about":[{"href":"https:\/\/nomis.hr\/sr\/wp-json\/wp\/v2\/types\/product"}],"wp:featuredmedia":[{"embeddable":true,"href":"https:\/\/nomis.hr\/sr\/wp-json\/wp\/v2\/media\/4317"}],"wp:attachment":[{"href":"https:\/\/nomis.hr\/sr\/wp-json\/wp\/v2\/media?parent=4316"}],"wp:term":[{"taxonomy":"product_cat","embeddable":true,"href":"https:\/\/nomis.hr\/sr\/wp-json\/wp\/v2\/product_cat?post=4316"},{"taxonomy":"product_tag","embeddable":true,"href":"https:\/\/nomis.hr\/sr\/wp-json\/wp\/v2\/product_tag?post=4316"}],"curies":[{"name":"wp","href":"https:\/\/api.w.org\/{rel}","templated":true}]}}