{"id":4343,"date":"2022-05-05T13:57:04","date_gmt":"2022-05-05T11:57:04","guid":{"rendered":"https:\/\/nomis.hr\/product\/sab-bubanj-separator\/"},"modified":"2022-05-05T13:57:04","modified_gmt":"2022-05-05T11:57:04","slug":"sab-bubanj-separator","status":"publish","type":"product","link":"https:\/\/nomis.hr\/sr\/produkt\/sab-bubanj-separator\/","title":{"rendered":"SAB bubanj separator"},"content":{"rendered":"","protected":false},"excerpt":{"rendered":"<p>SAB bubanj separatori predvi\u0111eni su za postavljanje na transportne trake. Namenjeni su za odvajanje ulivaka od komada ili odvajanje vi\u0161e razli\u010ditih komada. Pode\u0161avanje visine komada se vr\u0161i preko centralnog lan\u010danog sistema. Dostupne su dodatne opcije.<\/p>\n<p>Standardne tehni\u010dke karakteristike:<\/p>\n<ul>\n<li>montiran na teleskopskim nogarima podesivim po visini i nagibu<\/li>\n<li>odvojni odeljak izra\u0111en od plasti\u010dnih cevi s automatskim prilagodljivim zazorom od 4 do 58 mm, zahvaljuju\u0107i sistemu lan\u010danog prenosa<\/li>\n<li>ulazni i izlazni levak od ner\u0111aju\u0107eg \u010delika<\/li>\n<li>ner\u0111aju\u0107i \u010delik ispod otvora za ispu\u0161tanje proizvoda izravno u kutiju<\/li>\n<li>kontrola frekvencije za prilagodbu brzine rotacije<\/li>\n<\/ul>\n","protected":false},"featured_media":4344,"template":"","meta":[],"product_brand":[],"product_cat":[204,278,275],"product_tag":[],"class_list":{"0":"post-4343","1":"product","2":"type-product","3":"status-publish","4":"has-post-thumbnail","6":"product_cat-oprema-sr","7":"product_cat-separatori-sr","8":"product_cat-virginio-nastri-sr","10":"first","11":"instock","12":"shipping-taxable","13":"product-type-simple"},"yoast_head":"<!-- This site is optimized with the Yoast SEO plugin v27.4 - https:\/\/yoast.com\/product\/yoast-seo-wordpress\/ -->\n<title>SAB bubanj separator - Nomis<\/title>\n<meta name=\"robots\" content=\"index, follow, max-snippet:-1, max-image-preview:large, max-video-preview:-1\" \/>\n<link rel=\"canonical\" href=\"https:\/\/nomis.hr\/sr\/produkt\/sab-bubanj-separator\/\" \/>\n<meta property=\"og:locale\" content=\"sr_RS\" \/>\n<meta property=\"og:type\" content=\"article\" \/>\n<meta property=\"og:title\" content=\"SAB bubanj separator - Nomis\" \/>\n<meta property=\"og:description\" content=\"SAB bubanj separatori predvi\u0111eni su za postavljanje na transportne trake. Namenjeni su za odvajanje ulivaka od komada ili odvajanje vi\u0161e razli\u010ditih komada. Pode\u0161avanje visine komada se vr\u0161i preko centralnog lan\u010danog sistema. Dostupne su dodatne opcije.  Standardne tehni\u010dke karakteristike:   montiran na teleskopskim nogarima podesivim po visini i nagibu  odvojni odeljak izra\u0111en od plasti\u010dnih cevi s automatskim prilagodljivim zazorom od 4 do 58 mm, zahvaljuju\u0107i sistemu lan\u010danog prenosa  ulazni i izlazni levak od ner\u0111aju\u0107eg \u010delika  ner\u0111aju\u0107i \u010delik ispod otvora za ispu\u0161tanje proizvoda izravno u kutiju  kontrola frekvencije za prilagodbu brzine rotacije\" \/>\n<meta property=\"og:url\" content=\"https:\/\/nomis.hr\/sr\/produkt\/sab-bubanj-separator\/\" \/>\n<meta property=\"og:site_name\" content=\"Nomis\" \/>\n<meta property=\"og:image\" content=\"https:\/\/nomis.hr\/wp-content\/uploads\/2022\/05\/01-SAB.jpg\" \/>\n\t<meta property=\"og:image:width\" content=\"1024\" \/>\n\t<meta property=\"og:image:height\" content=\"1024\" \/>\n\t<meta property=\"og:image:type\" content=\"image\/jpeg\" \/>\n<meta name=\"twitter:card\" content=\"summary_large_image\" \/>\n<script type=\"application\/ld+json\" class=\"yoast-schema-graph\">{\"@context\":\"https:\\\/\\\/schema.org\",\"@graph\":[{\"@type\":\"WebPage\",\"@id\":\"https:\\\/\\\/nomis.hr\\\/sr\\\/produkt\\\/sab-bubanj-separator\\\/\",\"url\":\"https:\\\/\\\/nomis.hr\\\/sr\\\/produkt\\\/sab-bubanj-separator\\\/\",\"name\":\"SAB bubanj separator - Nomis\",\"isPartOf\":{\"@id\":\"https:\\\/\\\/nomis.hr\\\/#website\"},\"primaryImageOfPage\":{\"@id\":\"https:\\\/\\\/nomis.hr\\\/sr\\\/produkt\\\/sab-bubanj-separator\\\/#primaryimage\"},\"image\":{\"@id\":\"https:\\\/\\\/nomis.hr\\\/sr\\\/produkt\\\/sab-bubanj-separator\\\/#primaryimage\"},\"thumbnailUrl\":\"https:\\\/\\\/nomis.hr\\\/wp-content\\\/uploads\\\/2022\\\/05\\\/01-SAB.jpg\",\"datePublished\":\"2022-05-05T11:57:04+00:00\",\"breadcrumb\":{\"@id\":\"https:\\\/\\\/nomis.hr\\\/sr\\\/produkt\\\/sab-bubanj-separator\\\/#breadcrumb\"},\"inLanguage\":\"sr-RS\",\"potentialAction\":[{\"@type\":\"ReadAction\",\"target\":[\"https:\\\/\\\/nomis.hr\\\/sr\\\/produkt\\\/sab-bubanj-separator\\\/\"]}]},{\"@type\":\"ImageObject\",\"inLanguage\":\"sr-RS\",\"@id\":\"https:\\\/\\\/nomis.hr\\\/sr\\\/produkt\\\/sab-bubanj-separator\\\/#primaryimage\",\"url\":\"https:\\\/\\\/nomis.hr\\\/wp-content\\\/uploads\\\/2022\\\/05\\\/01-SAB.jpg\",\"contentUrl\":\"https:\\\/\\\/nomis.hr\\\/wp-content\\\/uploads\\\/2022\\\/05\\\/01-SAB.jpg\",\"width\":1024,\"height\":1024},{\"@type\":\"BreadcrumbList\",\"@id\":\"https:\\\/\\\/nomis.hr\\\/sr\\\/produkt\\\/sab-bubanj-separator\\\/#breadcrumb\",\"itemListElement\":[{\"@type\":\"ListItem\",\"position\":1,\"name\":\"Home\",\"item\":\"https:\\\/\\\/nomis.hr\\\/sr\\\/\"},{\"@type\":\"ListItem\",\"position\":2,\"name\":\"Katalog proizvoda\",\"item\":\"https:\\\/\\\/nomis.hr\\\/sr\\\/katalog-proizvoda\\\/\"},{\"@type\":\"ListItem\",\"position\":3,\"name\":\"SAB bubanj separator\"}]},{\"@type\":\"WebSite\",\"@id\":\"https:\\\/\\\/nomis.hr\\\/#website\",\"url\":\"https:\\\/\\\/nomis.hr\\\/\",\"name\":\"Nomis\",\"description\":\"Sve za preradu polimera i metala na jednom mjestu!\",\"publisher\":{\"@id\":\"https:\\\/\\\/nomis.hr\\\/#organization\"},\"potentialAction\":[{\"@type\":\"SearchAction\",\"target\":{\"@type\":\"EntryPoint\",\"urlTemplate\":\"https:\\\/\\\/nomis.hr\\\/?s={search_term_string}\"},\"query-input\":{\"@type\":\"PropertyValueSpecification\",\"valueRequired\":true,\"valueName\":\"search_term_string\"}}],\"inLanguage\":\"sr-RS\"},{\"@type\":\"Organization\",\"@id\":\"https:\\\/\\\/nomis.hr\\\/#organization\",\"name\":\"Nomis\",\"url\":\"https:\\\/\\\/nomis.hr\\\/\",\"logo\":{\"@type\":\"ImageObject\",\"inLanguage\":\"sr-RS\",\"@id\":\"https:\\\/\\\/nomis.hr\\\/#\\\/schema\\\/logo\\\/image\\\/\",\"url\":\"https:\\\/\\\/nomis.hr\\\/wp-content\\\/uploads\\\/2021\\\/03\\\/Nomis-logo-admin-login.png\",\"contentUrl\":\"https:\\\/\\\/nomis.hr\\\/wp-content\\\/uploads\\\/2021\\\/03\\\/Nomis-logo-admin-login.png\",\"width\":640,\"height\":163,\"caption\":\"Nomis\"},\"image\":{\"@id\":\"https:\\\/\\\/nomis.hr\\\/#\\\/schema\\\/logo\\\/image\\\/\"}}]}<\/script>\n<!-- \/ Yoast SEO plugin. -->","yoast_head_json":{"title":"SAB bubanj separator - Nomis","robots":{"index":"index","follow":"follow","max-snippet":"max-snippet:-1","max-image-preview":"max-image-preview:large","max-video-preview":"max-video-preview:-1"},"canonical":"https:\/\/nomis.hr\/sr\/produkt\/sab-bubanj-separator\/","og_locale":"sr_RS","og_type":"article","og_title":"SAB bubanj separator - Nomis","og_description":"SAB bubanj separatori predvi\u0111eni su za postavljanje na transportne trake. Namenjeni su za odvajanje ulivaka od komada ili odvajanje vi\u0161e razli\u010ditih komada. Pode\u0161avanje visine komada se vr\u0161i preko centralnog lan\u010danog sistema. Dostupne su dodatne opcije.  Standardne tehni\u010dke karakteristike:   montiran na teleskopskim nogarima podesivim po visini i nagibu  odvojni odeljak izra\u0111en od plasti\u010dnih cevi s automatskim prilagodljivim zazorom od 4 do 58 mm, zahvaljuju\u0107i sistemu lan\u010danog prenosa  ulazni i izlazni levak od ner\u0111aju\u0107eg \u010delika  ner\u0111aju\u0107i \u010delik ispod otvora za ispu\u0161tanje proizvoda izravno u kutiju  kontrola frekvencije za prilagodbu brzine rotacije","og_url":"https:\/\/nomis.hr\/sr\/produkt\/sab-bubanj-separator\/","og_site_name":"Nomis","og_image":[{"width":1024,"height":1024,"url":"https:\/\/nomis.hr\/wp-content\/uploads\/2022\/05\/01-SAB.jpg","type":"image\/jpeg"}],"twitter_card":"summary_large_image","schema":{"@context":"https:\/\/schema.org","@graph":[{"@type":"WebPage","@id":"https:\/\/nomis.hr\/sr\/produkt\/sab-bubanj-separator\/","url":"https:\/\/nomis.hr\/sr\/produkt\/sab-bubanj-separator\/","name":"SAB bubanj separator - Nomis","isPartOf":{"@id":"https:\/\/nomis.hr\/#website"},"primaryImageOfPage":{"@id":"https:\/\/nomis.hr\/sr\/produkt\/sab-bubanj-separator\/#primaryimage"},"image":{"@id":"https:\/\/nomis.hr\/sr\/produkt\/sab-bubanj-separator\/#primaryimage"},"thumbnailUrl":"https:\/\/nomis.hr\/wp-content\/uploads\/2022\/05\/01-SAB.jpg","datePublished":"2022-05-05T11:57:04+00:00","breadcrumb":{"@id":"https:\/\/nomis.hr\/sr\/produkt\/sab-bubanj-separator\/#breadcrumb"},"inLanguage":"sr-RS","potentialAction":[{"@type":"ReadAction","target":["https:\/\/nomis.hr\/sr\/produkt\/sab-bubanj-separator\/"]}]},{"@type":"ImageObject","inLanguage":"sr-RS","@id":"https:\/\/nomis.hr\/sr\/produkt\/sab-bubanj-separator\/#primaryimage","url":"https:\/\/nomis.hr\/wp-content\/uploads\/2022\/05\/01-SAB.jpg","contentUrl":"https:\/\/nomis.hr\/wp-content\/uploads\/2022\/05\/01-SAB.jpg","width":1024,"height":1024},{"@type":"BreadcrumbList","@id":"https:\/\/nomis.hr\/sr\/produkt\/sab-bubanj-separator\/#breadcrumb","itemListElement":[{"@type":"ListItem","position":1,"name":"Home","item":"https:\/\/nomis.hr\/sr\/"},{"@type":"ListItem","position":2,"name":"Katalog proizvoda","item":"https:\/\/nomis.hr\/sr\/katalog-proizvoda\/"},{"@type":"ListItem","position":3,"name":"SAB bubanj separator"}]},{"@type":"WebSite","@id":"https:\/\/nomis.hr\/#website","url":"https:\/\/nomis.hr\/","name":"Nomis","description":"Sve za preradu polimera i metala na jednom mjestu!","publisher":{"@id":"https:\/\/nomis.hr\/#organization"},"potentialAction":[{"@type":"SearchAction","target":{"@type":"EntryPoint","urlTemplate":"https:\/\/nomis.hr\/?s={search_term_string}"},"query-input":{"@type":"PropertyValueSpecification","valueRequired":true,"valueName":"search_term_string"}}],"inLanguage":"sr-RS"},{"@type":"Organization","@id":"https:\/\/nomis.hr\/#organization","name":"Nomis","url":"https:\/\/nomis.hr\/","logo":{"@type":"ImageObject","inLanguage":"sr-RS","@id":"https:\/\/nomis.hr\/#\/schema\/logo\/image\/","url":"https:\/\/nomis.hr\/wp-content\/uploads\/2021\/03\/Nomis-logo-admin-login.png","contentUrl":"https:\/\/nomis.hr\/wp-content\/uploads\/2021\/03\/Nomis-logo-admin-login.png","width":640,"height":163,"caption":"Nomis"},"image":{"@id":"https:\/\/nomis.hr\/#\/schema\/logo\/image\/"}}]}},"_links":{"self":[{"href":"https:\/\/nomis.hr\/sr\/wp-json\/wp\/v2\/product\/4343","targetHints":{"allow":["GET"]}}],"collection":[{"href":"https:\/\/nomis.hr\/sr\/wp-json\/wp\/v2\/product"}],"about":[{"href":"https:\/\/nomis.hr\/sr\/wp-json\/wp\/v2\/types\/product"}],"wp:featuredmedia":[{"embeddable":true,"href":"https:\/\/nomis.hr\/sr\/wp-json\/wp\/v2\/media\/4344"}],"wp:attachment":[{"href":"https:\/\/nomis.hr\/sr\/wp-json\/wp\/v2\/media?parent=4343"}],"wp:term":[{"taxonomy":"product_brand","embeddable":true,"href":"https:\/\/nomis.hr\/sr\/wp-json\/wp\/v2\/product_brand?post=4343"},{"taxonomy":"product_cat","embeddable":true,"href":"https:\/\/nomis.hr\/sr\/wp-json\/wp\/v2\/product_cat?post=4343"},{"taxonomy":"product_tag","embeddable":true,"href":"https:\/\/nomis.hr\/sr\/wp-json\/wp\/v2\/product_tag?post=4343"}],"curies":[{"name":"wp","href":"https:\/\/api.w.org\/{rel}","templated":true}]}}