{"id":4347,"date":"2022-05-05T14:12:33","date_gmt":"2022-05-05T12:12:33","guid":{"rendered":"https:\/\/nomis.hr\/product\/ndp-sustavi-za-punjenje-kutija\/"},"modified":"2022-11-28T17:05:43","modified_gmt":"2022-11-28T16:05:43","slug":"ndp-sustavi-za-punjenje-kutija","status":"publish","type":"product","link":"https:\/\/nomis.hr\/sr\/produkt\/ndp-sustavi-za-punjenje-kutija\/","title":{"rendered":"NDP sustavi za punjenje kutija"},"content":{"rendered":"","protected":false},"excerpt":{"rendered":"<p>NDP sistemi za punjenje raznovrsnih proizvoda i ambala\u017ee. Standardno dostupni u dve upotrebne \u0161irine, 300 i 500 mm. Zavisno o zahtevima mogu\u0107a je modifikacija transportera.<\/p>\n<p>Standardne tehni\u010dke karakteristike:<\/p>\n<ul>\n<li>podesiva visina i ugao nagiba<\/li>\n<li>izlaz proizvoda preko pneumatskih klapni izra\u0111enih od polietilena visoke \u010dvrsto\u0107e<\/li>\n<li>ravna traka izra\u0111ena od poliuretana<\/li>\n<li>upravlja\u010dka jedinica sa PLC-om i zaslonom osetljivim na dodir sa detekcijom signala za brojanje i end-of-cycle vizualnim alarmom, name\u0161teno za upravljanje transportera za punjenje NDP-a<\/li>\n<li>brzina 12mt\/min<\/li>\n<li>napajanje 400\/415V, tri faze \u2013 50 Hz<\/li>\n<\/ul>\n","protected":false},"featured_media":4351,"template":"","meta":[],"product_brand":[],"product_cat":[204,281,275],"product_tag":[],"class_list":{"0":"post-4347","1":"product","2":"type-product","3":"status-publish","4":"has-post-thumbnail","6":"product_cat-oprema-sr","7":"product_cat-sistemi-za-automatizaciju-pakovanja","8":"product_cat-virginio-nastri-sr","10":"first","11":"instock","12":"shipping-taxable","13":"product-type-simple"},"yoast_head":"<!-- This site is optimized with the Yoast SEO plugin v27.4 - https:\/\/yoast.com\/product\/yoast-seo-wordpress\/ -->\n<title>NDP sustavi za punjenje kutija - Nomis<\/title>\n<meta name=\"robots\" content=\"index, follow, max-snippet:-1, max-image-preview:large, max-video-preview:-1\" \/>\n<link rel=\"canonical\" href=\"https:\/\/nomis.hr\/sr\/produkt\/ndp-sustavi-za-punjenje-kutija\/\" \/>\n<meta property=\"og:locale\" content=\"sr_RS\" \/>\n<meta property=\"og:type\" content=\"article\" \/>\n<meta property=\"og:title\" content=\"NDP sustavi za punjenje kutija - Nomis\" \/>\n<meta property=\"og:description\" content=\"NDP sistemi za punjenje raznovrsnih proizvoda i ambala\u017ee. Standardno dostupni u dve upotrebne \u0161irine, 300 i 500 mm. Zavisno o zahtevima mogu\u0107a je modifikacija transportera.  Standardne tehni\u010dke karakteristike:   podesiva visina i ugao nagiba  izlaz proizvoda preko pneumatskih klapni izra\u0111enih od polietilena visoke \u010dvrsto\u0107e  ravna traka izra\u0111ena od poliuretana  upravlja\u010dka jedinica sa PLC-om i zaslonom osetljivim na dodir sa detekcijom signala za brojanje i end-of-cycle vizualnim alarmom, name\u0161teno za upravljanje transportera za punjenje NDP-a  brzina 12mt\/min  napajanje 400\/415V, tri faze \u2013 50 Hz\" \/>\n<meta property=\"og:url\" content=\"https:\/\/nomis.hr\/sr\/produkt\/ndp-sustavi-za-punjenje-kutija\/\" \/>\n<meta property=\"og:site_name\" content=\"Nomis\" \/>\n<meta property=\"article:modified_time\" content=\"2022-11-28T16:05:43+00:00\" \/>\n<meta property=\"og:image\" content=\"https:\/\/nomis.hr\/wp-content\/uploads\/2022\/05\/03-NDP.jpg\" \/>\n\t<meta property=\"og:image:width\" content=\"1024\" \/>\n\t<meta property=\"og:image:height\" content=\"1024\" \/>\n\t<meta property=\"og:image:type\" content=\"image\/jpeg\" \/>\n<meta name=\"twitter:card\" content=\"summary_large_image\" \/>\n<script type=\"application\/ld+json\" class=\"yoast-schema-graph\">{\"@context\":\"https:\\\/\\\/schema.org\",\"@graph\":[{\"@type\":\"WebPage\",\"@id\":\"https:\\\/\\\/nomis.hr\\\/sr\\\/produkt\\\/ndp-sustavi-za-punjenje-kutija\\\/\",\"url\":\"https:\\\/\\\/nomis.hr\\\/sr\\\/produkt\\\/ndp-sustavi-za-punjenje-kutija\\\/\",\"name\":\"NDP sustavi za punjenje kutija - Nomis\",\"isPartOf\":{\"@id\":\"https:\\\/\\\/nomis.hr\\\/#website\"},\"primaryImageOfPage\":{\"@id\":\"https:\\\/\\\/nomis.hr\\\/sr\\\/produkt\\\/ndp-sustavi-za-punjenje-kutija\\\/#primaryimage\"},\"image\":{\"@id\":\"https:\\\/\\\/nomis.hr\\\/sr\\\/produkt\\\/ndp-sustavi-za-punjenje-kutija\\\/#primaryimage\"},\"thumbnailUrl\":\"https:\\\/\\\/nomis.hr\\\/wp-content\\\/uploads\\\/2022\\\/05\\\/03-NDP.jpg\",\"datePublished\":\"2022-05-05T12:12:33+00:00\",\"dateModified\":\"2022-11-28T16:05:43+00:00\",\"breadcrumb\":{\"@id\":\"https:\\\/\\\/nomis.hr\\\/sr\\\/produkt\\\/ndp-sustavi-za-punjenje-kutija\\\/#breadcrumb\"},\"inLanguage\":\"sr-RS\",\"potentialAction\":[{\"@type\":\"ReadAction\",\"target\":[\"https:\\\/\\\/nomis.hr\\\/sr\\\/produkt\\\/ndp-sustavi-za-punjenje-kutija\\\/\"]}]},{\"@type\":\"ImageObject\",\"inLanguage\":\"sr-RS\",\"@id\":\"https:\\\/\\\/nomis.hr\\\/sr\\\/produkt\\\/ndp-sustavi-za-punjenje-kutija\\\/#primaryimage\",\"url\":\"https:\\\/\\\/nomis.hr\\\/wp-content\\\/uploads\\\/2022\\\/05\\\/03-NDP.jpg\",\"contentUrl\":\"https:\\\/\\\/nomis.hr\\\/wp-content\\\/uploads\\\/2022\\\/05\\\/03-NDP.jpg\",\"width\":1024,\"height\":1024},{\"@type\":\"BreadcrumbList\",\"@id\":\"https:\\\/\\\/nomis.hr\\\/sr\\\/produkt\\\/ndp-sustavi-za-punjenje-kutija\\\/#breadcrumb\",\"itemListElement\":[{\"@type\":\"ListItem\",\"position\":1,\"name\":\"Home\",\"item\":\"https:\\\/\\\/nomis.hr\\\/sr\\\/\"},{\"@type\":\"ListItem\",\"position\":2,\"name\":\"Katalog proizvoda\",\"item\":\"https:\\\/\\\/nomis.hr\\\/sr\\\/katalog-proizvoda\\\/\"},{\"@type\":\"ListItem\",\"position\":3,\"name\":\"NDP sustavi za punjenje kutija\"}]},{\"@type\":\"WebSite\",\"@id\":\"https:\\\/\\\/nomis.hr\\\/#website\",\"url\":\"https:\\\/\\\/nomis.hr\\\/\",\"name\":\"Nomis\",\"description\":\"Sve za preradu polimera i metala na jednom mjestu!\",\"publisher\":{\"@id\":\"https:\\\/\\\/nomis.hr\\\/#organization\"},\"potentialAction\":[{\"@type\":\"SearchAction\",\"target\":{\"@type\":\"EntryPoint\",\"urlTemplate\":\"https:\\\/\\\/nomis.hr\\\/?s={search_term_string}\"},\"query-input\":{\"@type\":\"PropertyValueSpecification\",\"valueRequired\":true,\"valueName\":\"search_term_string\"}}],\"inLanguage\":\"sr-RS\"},{\"@type\":\"Organization\",\"@id\":\"https:\\\/\\\/nomis.hr\\\/#organization\",\"name\":\"Nomis\",\"url\":\"https:\\\/\\\/nomis.hr\\\/\",\"logo\":{\"@type\":\"ImageObject\",\"inLanguage\":\"sr-RS\",\"@id\":\"https:\\\/\\\/nomis.hr\\\/#\\\/schema\\\/logo\\\/image\\\/\",\"url\":\"https:\\\/\\\/nomis.hr\\\/wp-content\\\/uploads\\\/2021\\\/03\\\/Nomis-logo-admin-login.png\",\"contentUrl\":\"https:\\\/\\\/nomis.hr\\\/wp-content\\\/uploads\\\/2021\\\/03\\\/Nomis-logo-admin-login.png\",\"width\":640,\"height\":163,\"caption\":\"Nomis\"},\"image\":{\"@id\":\"https:\\\/\\\/nomis.hr\\\/#\\\/schema\\\/logo\\\/image\\\/\"}}]}<\/script>\n<!-- \/ Yoast SEO plugin. -->","yoast_head_json":{"title":"NDP sustavi za punjenje kutija - Nomis","robots":{"index":"index","follow":"follow","max-snippet":"max-snippet:-1","max-image-preview":"max-image-preview:large","max-video-preview":"max-video-preview:-1"},"canonical":"https:\/\/nomis.hr\/sr\/produkt\/ndp-sustavi-za-punjenje-kutija\/","og_locale":"sr_RS","og_type":"article","og_title":"NDP sustavi za punjenje kutija - Nomis","og_description":"NDP sistemi za punjenje raznovrsnih proizvoda i ambala\u017ee. Standardno dostupni u dve upotrebne \u0161irine, 300 i 500 mm. Zavisno o zahtevima mogu\u0107a je modifikacija transportera.  Standardne tehni\u010dke karakteristike:   podesiva visina i ugao nagiba  izlaz proizvoda preko pneumatskih klapni izra\u0111enih od polietilena visoke \u010dvrsto\u0107e  ravna traka izra\u0111ena od poliuretana  upravlja\u010dka jedinica sa PLC-om i zaslonom osetljivim na dodir sa detekcijom signala za brojanje i end-of-cycle vizualnim alarmom, name\u0161teno za upravljanje transportera za punjenje NDP-a  brzina 12mt\/min  napajanje 400\/415V, tri faze \u2013 50 Hz","og_url":"https:\/\/nomis.hr\/sr\/produkt\/ndp-sustavi-za-punjenje-kutija\/","og_site_name":"Nomis","article_modified_time":"2022-11-28T16:05:43+00:00","og_image":[{"width":1024,"height":1024,"url":"https:\/\/nomis.hr\/wp-content\/uploads\/2022\/05\/03-NDP.jpg","type":"image\/jpeg"}],"twitter_card":"summary_large_image","schema":{"@context":"https:\/\/schema.org","@graph":[{"@type":"WebPage","@id":"https:\/\/nomis.hr\/sr\/produkt\/ndp-sustavi-za-punjenje-kutija\/","url":"https:\/\/nomis.hr\/sr\/produkt\/ndp-sustavi-za-punjenje-kutija\/","name":"NDP sustavi za punjenje kutija - Nomis","isPartOf":{"@id":"https:\/\/nomis.hr\/#website"},"primaryImageOfPage":{"@id":"https:\/\/nomis.hr\/sr\/produkt\/ndp-sustavi-za-punjenje-kutija\/#primaryimage"},"image":{"@id":"https:\/\/nomis.hr\/sr\/produkt\/ndp-sustavi-za-punjenje-kutija\/#primaryimage"},"thumbnailUrl":"https:\/\/nomis.hr\/wp-content\/uploads\/2022\/05\/03-NDP.jpg","datePublished":"2022-05-05T12:12:33+00:00","dateModified":"2022-11-28T16:05:43+00:00","breadcrumb":{"@id":"https:\/\/nomis.hr\/sr\/produkt\/ndp-sustavi-za-punjenje-kutija\/#breadcrumb"},"inLanguage":"sr-RS","potentialAction":[{"@type":"ReadAction","target":["https:\/\/nomis.hr\/sr\/produkt\/ndp-sustavi-za-punjenje-kutija\/"]}]},{"@type":"ImageObject","inLanguage":"sr-RS","@id":"https:\/\/nomis.hr\/sr\/produkt\/ndp-sustavi-za-punjenje-kutija\/#primaryimage","url":"https:\/\/nomis.hr\/wp-content\/uploads\/2022\/05\/03-NDP.jpg","contentUrl":"https:\/\/nomis.hr\/wp-content\/uploads\/2022\/05\/03-NDP.jpg","width":1024,"height":1024},{"@type":"BreadcrumbList","@id":"https:\/\/nomis.hr\/sr\/produkt\/ndp-sustavi-za-punjenje-kutija\/#breadcrumb","itemListElement":[{"@type":"ListItem","position":1,"name":"Home","item":"https:\/\/nomis.hr\/sr\/"},{"@type":"ListItem","position":2,"name":"Katalog proizvoda","item":"https:\/\/nomis.hr\/sr\/katalog-proizvoda\/"},{"@type":"ListItem","position":3,"name":"NDP sustavi za punjenje kutija"}]},{"@type":"WebSite","@id":"https:\/\/nomis.hr\/#website","url":"https:\/\/nomis.hr\/","name":"Nomis","description":"Sve za preradu polimera i metala na jednom mjestu!","publisher":{"@id":"https:\/\/nomis.hr\/#organization"},"potentialAction":[{"@type":"SearchAction","target":{"@type":"EntryPoint","urlTemplate":"https:\/\/nomis.hr\/?s={search_term_string}"},"query-input":{"@type":"PropertyValueSpecification","valueRequired":true,"valueName":"search_term_string"}}],"inLanguage":"sr-RS"},{"@type":"Organization","@id":"https:\/\/nomis.hr\/#organization","name":"Nomis","url":"https:\/\/nomis.hr\/","logo":{"@type":"ImageObject","inLanguage":"sr-RS","@id":"https:\/\/nomis.hr\/#\/schema\/logo\/image\/","url":"https:\/\/nomis.hr\/wp-content\/uploads\/2021\/03\/Nomis-logo-admin-login.png","contentUrl":"https:\/\/nomis.hr\/wp-content\/uploads\/2021\/03\/Nomis-logo-admin-login.png","width":640,"height":163,"caption":"Nomis"},"image":{"@id":"https:\/\/nomis.hr\/#\/schema\/logo\/image\/"}}]}},"_links":{"self":[{"href":"https:\/\/nomis.hr\/sr\/wp-json\/wp\/v2\/product\/4347","targetHints":{"allow":["GET"]}}],"collection":[{"href":"https:\/\/nomis.hr\/sr\/wp-json\/wp\/v2\/product"}],"about":[{"href":"https:\/\/nomis.hr\/sr\/wp-json\/wp\/v2\/types\/product"}],"wp:featuredmedia":[{"embeddable":true,"href":"https:\/\/nomis.hr\/sr\/wp-json\/wp\/v2\/media\/4351"}],"wp:attachment":[{"href":"https:\/\/nomis.hr\/sr\/wp-json\/wp\/v2\/media?parent=4347"}],"wp:term":[{"taxonomy":"product_brand","embeddable":true,"href":"https:\/\/nomis.hr\/sr\/wp-json\/wp\/v2\/product_brand?post=4347"},{"taxonomy":"product_cat","embeddable":true,"href":"https:\/\/nomis.hr\/sr\/wp-json\/wp\/v2\/product_cat?post=4347"},{"taxonomy":"product_tag","embeddable":true,"href":"https:\/\/nomis.hr\/sr\/wp-json\/wp\/v2\/product_tag?post=4347"}],"curies":[{"name":"wp","href":"https:\/\/api.w.org\/{rel}","templated":true}]}}