{"id":4362,"date":"2022-05-05T14:07:56","date_gmt":"2022-05-05T12:07:56","guid":{"rendered":"https:\/\/nomis.hr\/product\/filler-sustavi-za-punjenje-kutija\/"},"modified":"2022-05-05T14:07:56","modified_gmt":"2022-05-05T12:07:56","slug":"filler-sustavi-za-punjenje-kutija","status":"publish","type":"product","link":"https:\/\/nomis.hr\/sr\/produkt\/filler-sustavi-za-punjenje-kutija\/","title":{"rendered":"Filler sistemi za punjenje kutija"},"content":{"rendered":"","protected":false},"excerpt":{"rendered":"<p>FILLER je sistem za automatsko punjenje kutija na paletama. Ima robusnu konstrukciju od \u010delika sa polikarbonatnim za\u0161titnim stranicama te elektri\u010dki pogonjene ose upravljane preko PLC ormara.<\/p>\n<p>Mogu\u0107nost dve ili vi\u0161e paleta sa kutijama. Sistem opremljen sa programom za paletizaciju sa mogu\u0107no\u0161\u0107u automatskog brojanja i punjenja ve\u0107eg broja kutija postavljenih na paletama.<\/p>\n<p>&nbsp;<\/p>\n<p>Standardne tehni\u010dke karakteristike:<\/p>\n<p>&nbsp;<\/p>\n<ul>\n<li>elektri\u010dki pogonjene X\/Y osi<\/li>\n<li>mogu\u0107nost smera transportera napred natrag<\/li>\n<li>PLC upravlja\u010dki sistem<\/li>\n<li>bez pneumatskih delova<\/li>\n<li>mo\u017ee se puniti bilo koja dimenzija I oblik kutija preko programa automatsko u\u010denje. Kutije se mogu postaviti direktno na paletu<\/li>\n<li>brzina transportera 9 mt\/min<\/li>\n<li>napon 400 V, tri faze 50 Hz<\/li>\n<li>delovi od ner\u0111aju\u0107eg \u010delika tip AISI 304<\/li>\n<\/ul>\n<p>&nbsp;<\/p>\n[fusion_button link=\"https:\/\/nomis.hr\/wp-content\/uploads\/2022\/05\/FILLER.pdf\" title=\"\" target=\"_blank\" link_attributes=\"\" alignment_medium=\"\" alignment_small=\"\" alignment=\"\" modal=\"\" hide_on_mobile=\"small-visibility,medium-visibility,large-visibility\" sticky_display=\"normal,sticky\" class=\"\" id=\"\" color=\"default\" button_gradient_top_color=\"\" hue=\"\" saturation=\"\" lightness=\"\" alpha=\"\" button_gradient_bottom_color=\"\" button_gradient_top_color_hover=\"\" button_gradient_bottom_color_hover=\"\" gradient_start_position=\"\" gradient_end_position=\"\" gradient_type=\"\" radial_direction=\"\" linear_angle=\"180\" accent_color=\"\" accent_hover_color=\"\" type=\"\" bevel_color=\"\" bevel_color_hover=\"\" border_top=\"\" border_right=\"\" border_bottom=\"\" border_left=\"\" border_radius_top_left=\"\" border_radius_top_right=\"\" border_radius_bottom_right=\"\" border_radius_bottom_left=\"\" border_color=\"\" border_hover_color=\"\" size=\"\" padding_top=\"\" padding_right=\"\" padding_bottom=\"\" padding_left=\"\" fusion_font_family_button_font=\"\" fusion_font_variant_button_font=\"\" font_size=\"\" line_height=\"\" letter_spacing=\"\" text_transform=\"\" stretch=\"default\" margin_top=\"\" margin_right=\"\" margin_bottom=\"\" margin_left=\"\" icon=\"fa-file-pdf fas\" icon_position=\"left\" icon_divider=\"no\" animation_type=\"\" animation_direction=\"left\" animation_speed=\"0.3\" animation_offset=\"\"]Tehni\u010dki dokument[\/fusion_button]\n","protected":false},"featured_media":4364,"template":"","meta":[],"product_brand":[],"product_cat":[204,281,275],"product_tag":[],"class_list":{"0":"post-4362","1":"product","2":"type-product","3":"status-publish","4":"has-post-thumbnail","6":"product_cat-oprema-sr","7":"product_cat-sistemi-za-automatizaciju-pakovanja","8":"product_cat-virginio-nastri-sr","10":"first","11":"instock","12":"shipping-taxable","13":"product-type-simple"},"yoast_head":"<!-- This site is optimized with the Yoast SEO plugin v27.4 - https:\/\/yoast.com\/product\/yoast-seo-wordpress\/ -->\n<title>Filler sistemi za punjenje kutija - Nomis<\/title>\n<meta name=\"robots\" content=\"index, follow, max-snippet:-1, max-image-preview:large, max-video-preview:-1\" \/>\n<link rel=\"canonical\" href=\"https:\/\/nomis.hr\/sr\/produkt\/filler-sustavi-za-punjenje-kutija\/\" \/>\n<meta property=\"og:locale\" content=\"sr_RS\" \/>\n<meta property=\"og:type\" content=\"article\" \/>\n<meta property=\"og:title\" content=\"Filler sistemi za punjenje kutija - Nomis\" \/>\n<meta property=\"og:description\" content=\"FILLER je sistem za automatsko punjenje kutija na paletama. Ima robusnu konstrukciju od \u010delika sa polikarbonatnim za\u0161titnim stranicama te elektri\u010dki pogonjene ose upravljane preko PLC ormara.  Mogu\u0107nost dve ili vi\u0161e paleta sa kutijama. Sistem opremljen sa programom za paletizaciju sa mogu\u0107no\u0161\u0107u automatskog brojanja i punjenja ve\u0107eg broja kutija postavljenih na paletama.  &nbsp;  Standardne tehni\u010dke karakteristike:  &nbsp;   elektri\u010dki pogonjene X\/Y osi  mogu\u0107nost smera transportera napred natrag  PLC upravlja\u010dki sistem  bez pneumatskih delova  mo\u017ee se puniti bilo koja dimenzija I oblik kutija preko programa automatsko u\u010denje. Kutije se mogu postaviti direktno na paletu  brzina transportera 9 mt\/min  napon 400 V, tri faze 50 Hz  delovi od ner\u0111aju\u0107eg \u010delika tip AISI 304  &nbsp;\" \/>\n<meta property=\"og:url\" content=\"https:\/\/nomis.hr\/sr\/produkt\/filler-sustavi-za-punjenje-kutija\/\" \/>\n<meta property=\"og:site_name\" content=\"Nomis\" \/>\n<meta property=\"og:image\" content=\"https:\/\/nomis.hr\/wp-content\/uploads\/2022\/05\/02-Filler.jpg\" \/>\n\t<meta property=\"og:image:width\" content=\"1024\" \/>\n\t<meta property=\"og:image:height\" content=\"1024\" \/>\n\t<meta property=\"og:image:type\" content=\"image\/jpeg\" \/>\n<meta name=\"twitter:card\" content=\"summary_large_image\" \/>\n<script type=\"application\/ld+json\" class=\"yoast-schema-graph\">{\"@context\":\"https:\\\/\\\/schema.org\",\"@graph\":[{\"@type\":\"WebPage\",\"@id\":\"https:\\\/\\\/nomis.hr\\\/sr\\\/produkt\\\/filler-sustavi-za-punjenje-kutija\\\/\",\"url\":\"https:\\\/\\\/nomis.hr\\\/sr\\\/produkt\\\/filler-sustavi-za-punjenje-kutija\\\/\",\"name\":\"Filler sistemi za punjenje kutija - Nomis\",\"isPartOf\":{\"@id\":\"https:\\\/\\\/nomis.hr\\\/#website\"},\"primaryImageOfPage\":{\"@id\":\"https:\\\/\\\/nomis.hr\\\/sr\\\/produkt\\\/filler-sustavi-za-punjenje-kutija\\\/#primaryimage\"},\"image\":{\"@id\":\"https:\\\/\\\/nomis.hr\\\/sr\\\/produkt\\\/filler-sustavi-za-punjenje-kutija\\\/#primaryimage\"},\"thumbnailUrl\":\"https:\\\/\\\/nomis.hr\\\/wp-content\\\/uploads\\\/2022\\\/05\\\/02-Filler.jpg\",\"datePublished\":\"2022-05-05T12:07:56+00:00\",\"breadcrumb\":{\"@id\":\"https:\\\/\\\/nomis.hr\\\/sr\\\/produkt\\\/filler-sustavi-za-punjenje-kutija\\\/#breadcrumb\"},\"inLanguage\":\"sr-RS\",\"potentialAction\":[{\"@type\":\"ReadAction\",\"target\":[\"https:\\\/\\\/nomis.hr\\\/sr\\\/produkt\\\/filler-sustavi-za-punjenje-kutija\\\/\"]}]},{\"@type\":\"ImageObject\",\"inLanguage\":\"sr-RS\",\"@id\":\"https:\\\/\\\/nomis.hr\\\/sr\\\/produkt\\\/filler-sustavi-za-punjenje-kutija\\\/#primaryimage\",\"url\":\"https:\\\/\\\/nomis.hr\\\/wp-content\\\/uploads\\\/2022\\\/05\\\/02-Filler.jpg\",\"contentUrl\":\"https:\\\/\\\/nomis.hr\\\/wp-content\\\/uploads\\\/2022\\\/05\\\/02-Filler.jpg\",\"width\":1024,\"height\":1024},{\"@type\":\"BreadcrumbList\",\"@id\":\"https:\\\/\\\/nomis.hr\\\/sr\\\/produkt\\\/filler-sustavi-za-punjenje-kutija\\\/#breadcrumb\",\"itemListElement\":[{\"@type\":\"ListItem\",\"position\":1,\"name\":\"Home\",\"item\":\"https:\\\/\\\/nomis.hr\\\/sr\\\/\"},{\"@type\":\"ListItem\",\"position\":2,\"name\":\"Katalog proizvoda\",\"item\":\"https:\\\/\\\/nomis.hr\\\/sr\\\/katalog-proizvoda\\\/\"},{\"@type\":\"ListItem\",\"position\":3,\"name\":\"Filler sistemi za punjenje kutija\"}]},{\"@type\":\"WebSite\",\"@id\":\"https:\\\/\\\/nomis.hr\\\/#website\",\"url\":\"https:\\\/\\\/nomis.hr\\\/\",\"name\":\"Nomis\",\"description\":\"Sve za preradu polimera i metala na jednom mjestu!\",\"publisher\":{\"@id\":\"https:\\\/\\\/nomis.hr\\\/#organization\"},\"potentialAction\":[{\"@type\":\"SearchAction\",\"target\":{\"@type\":\"EntryPoint\",\"urlTemplate\":\"https:\\\/\\\/nomis.hr\\\/?s={search_term_string}\"},\"query-input\":{\"@type\":\"PropertyValueSpecification\",\"valueRequired\":true,\"valueName\":\"search_term_string\"}}],\"inLanguage\":\"sr-RS\"},{\"@type\":\"Organization\",\"@id\":\"https:\\\/\\\/nomis.hr\\\/#organization\",\"name\":\"Nomis\",\"url\":\"https:\\\/\\\/nomis.hr\\\/\",\"logo\":{\"@type\":\"ImageObject\",\"inLanguage\":\"sr-RS\",\"@id\":\"https:\\\/\\\/nomis.hr\\\/#\\\/schema\\\/logo\\\/image\\\/\",\"url\":\"https:\\\/\\\/nomis.hr\\\/wp-content\\\/uploads\\\/2021\\\/03\\\/Nomis-logo-admin-login.png\",\"contentUrl\":\"https:\\\/\\\/nomis.hr\\\/wp-content\\\/uploads\\\/2021\\\/03\\\/Nomis-logo-admin-login.png\",\"width\":640,\"height\":163,\"caption\":\"Nomis\"},\"image\":{\"@id\":\"https:\\\/\\\/nomis.hr\\\/#\\\/schema\\\/logo\\\/image\\\/\"}}]}<\/script>\n<!-- \/ Yoast SEO plugin. -->","yoast_head_json":{"title":"Filler sistemi za punjenje kutija - Nomis","robots":{"index":"index","follow":"follow","max-snippet":"max-snippet:-1","max-image-preview":"max-image-preview:large","max-video-preview":"max-video-preview:-1"},"canonical":"https:\/\/nomis.hr\/sr\/produkt\/filler-sustavi-za-punjenje-kutija\/","og_locale":"sr_RS","og_type":"article","og_title":"Filler sistemi za punjenje kutija - Nomis","og_description":"FILLER je sistem za automatsko punjenje kutija na paletama. Ima robusnu konstrukciju od \u010delika sa polikarbonatnim za\u0161titnim stranicama te elektri\u010dki pogonjene ose upravljane preko PLC ormara.  Mogu\u0107nost dve ili vi\u0161e paleta sa kutijama. Sistem opremljen sa programom za paletizaciju sa mogu\u0107no\u0161\u0107u automatskog brojanja i punjenja ve\u0107eg broja kutija postavljenih na paletama.  &nbsp;  Standardne tehni\u010dke karakteristike:  &nbsp;   elektri\u010dki pogonjene X\/Y osi  mogu\u0107nost smera transportera napred natrag  PLC upravlja\u010dki sistem  bez pneumatskih delova  mo\u017ee se puniti bilo koja dimenzija I oblik kutija preko programa automatsko u\u010denje. Kutije se mogu postaviti direktno na paletu  brzina transportera 9 mt\/min  napon 400 V, tri faze 50 Hz  delovi od ner\u0111aju\u0107eg \u010delika tip AISI 304  &nbsp;","og_url":"https:\/\/nomis.hr\/sr\/produkt\/filler-sustavi-za-punjenje-kutija\/","og_site_name":"Nomis","og_image":[{"width":1024,"height":1024,"url":"https:\/\/nomis.hr\/wp-content\/uploads\/2022\/05\/02-Filler.jpg","type":"image\/jpeg"}],"twitter_card":"summary_large_image","schema":{"@context":"https:\/\/schema.org","@graph":[{"@type":"WebPage","@id":"https:\/\/nomis.hr\/sr\/produkt\/filler-sustavi-za-punjenje-kutija\/","url":"https:\/\/nomis.hr\/sr\/produkt\/filler-sustavi-za-punjenje-kutija\/","name":"Filler sistemi za punjenje kutija - Nomis","isPartOf":{"@id":"https:\/\/nomis.hr\/#website"},"primaryImageOfPage":{"@id":"https:\/\/nomis.hr\/sr\/produkt\/filler-sustavi-za-punjenje-kutija\/#primaryimage"},"image":{"@id":"https:\/\/nomis.hr\/sr\/produkt\/filler-sustavi-za-punjenje-kutija\/#primaryimage"},"thumbnailUrl":"https:\/\/nomis.hr\/wp-content\/uploads\/2022\/05\/02-Filler.jpg","datePublished":"2022-05-05T12:07:56+00:00","breadcrumb":{"@id":"https:\/\/nomis.hr\/sr\/produkt\/filler-sustavi-za-punjenje-kutija\/#breadcrumb"},"inLanguage":"sr-RS","potentialAction":[{"@type":"ReadAction","target":["https:\/\/nomis.hr\/sr\/produkt\/filler-sustavi-za-punjenje-kutija\/"]}]},{"@type":"ImageObject","inLanguage":"sr-RS","@id":"https:\/\/nomis.hr\/sr\/produkt\/filler-sustavi-za-punjenje-kutija\/#primaryimage","url":"https:\/\/nomis.hr\/wp-content\/uploads\/2022\/05\/02-Filler.jpg","contentUrl":"https:\/\/nomis.hr\/wp-content\/uploads\/2022\/05\/02-Filler.jpg","width":1024,"height":1024},{"@type":"BreadcrumbList","@id":"https:\/\/nomis.hr\/sr\/produkt\/filler-sustavi-za-punjenje-kutija\/#breadcrumb","itemListElement":[{"@type":"ListItem","position":1,"name":"Home","item":"https:\/\/nomis.hr\/sr\/"},{"@type":"ListItem","position":2,"name":"Katalog proizvoda","item":"https:\/\/nomis.hr\/sr\/katalog-proizvoda\/"},{"@type":"ListItem","position":3,"name":"Filler sistemi za punjenje kutija"}]},{"@type":"WebSite","@id":"https:\/\/nomis.hr\/#website","url":"https:\/\/nomis.hr\/","name":"Nomis","description":"Sve za preradu polimera i metala na jednom mjestu!","publisher":{"@id":"https:\/\/nomis.hr\/#organization"},"potentialAction":[{"@type":"SearchAction","target":{"@type":"EntryPoint","urlTemplate":"https:\/\/nomis.hr\/?s={search_term_string}"},"query-input":{"@type":"PropertyValueSpecification","valueRequired":true,"valueName":"search_term_string"}}],"inLanguage":"sr-RS"},{"@type":"Organization","@id":"https:\/\/nomis.hr\/#organization","name":"Nomis","url":"https:\/\/nomis.hr\/","logo":{"@type":"ImageObject","inLanguage":"sr-RS","@id":"https:\/\/nomis.hr\/#\/schema\/logo\/image\/","url":"https:\/\/nomis.hr\/wp-content\/uploads\/2021\/03\/Nomis-logo-admin-login.png","contentUrl":"https:\/\/nomis.hr\/wp-content\/uploads\/2021\/03\/Nomis-logo-admin-login.png","width":640,"height":163,"caption":"Nomis"},"image":{"@id":"https:\/\/nomis.hr\/#\/schema\/logo\/image\/"}}]}},"_links":{"self":[{"href":"https:\/\/nomis.hr\/sr\/wp-json\/wp\/v2\/product\/4362","targetHints":{"allow":["GET"]}}],"collection":[{"href":"https:\/\/nomis.hr\/sr\/wp-json\/wp\/v2\/product"}],"about":[{"href":"https:\/\/nomis.hr\/sr\/wp-json\/wp\/v2\/types\/product"}],"wp:featuredmedia":[{"embeddable":true,"href":"https:\/\/nomis.hr\/sr\/wp-json\/wp\/v2\/media\/4364"}],"wp:attachment":[{"href":"https:\/\/nomis.hr\/sr\/wp-json\/wp\/v2\/media?parent=4362"}],"wp:term":[{"taxonomy":"product_brand","embeddable":true,"href":"https:\/\/nomis.hr\/sr\/wp-json\/wp\/v2\/product_brand?post=4362"},{"taxonomy":"product_cat","embeddable":true,"href":"https:\/\/nomis.hr\/sr\/wp-json\/wp\/v2\/product_cat?post=4362"},{"taxonomy":"product_tag","embeddable":true,"href":"https:\/\/nomis.hr\/sr\/wp-json\/wp\/v2\/product_tag?post=4362"}],"curies":[{"name":"wp","href":"https:\/\/api.w.org\/{rel}","templated":true}]}}