{"id":4420,"date":"2022-05-05T14:26:38","date_gmt":"2022-05-05T12:26:38","guid":{"rendered":"https:\/\/nomis.hr\/product\/cbd-transportna-traka-sa-dvostrukim-fiksnim-kolenom\/"},"modified":"2022-05-05T14:26:38","modified_gmt":"2022-05-05T12:26:38","slug":"cbd-transportna-traka-sa-dvostrukim-fiksnim-kolenom","status":"publish","type":"product","link":"https:\/\/nomis.hr\/sr\/produkt\/cbd-transportna-traka-sa-dvostrukim-fiksnim-kolenom\/","title":{"rendered":"CBD transportna traka sa dvostrukim fiksnim kolenom"},"content":{"rendered":"","protected":false},"excerpt":{"rendered":"<p>CBD transportna traka ima gornji ravni deo za ubacivanje proizvoda sa trake u rezervoar (posudu, kutiju, itd.), te nako\u0161eni ravni deo za preuzimanje proizvoda na traku. Trake je mogu\u0107e modifikovati prema zahtevima kupaca \u2013trake sa krilcima, protivkliznom povr\u0161inom (\u201enaran\u010dina kora\u201c), te trake sa temperaturnom postojano\u0161\u0107u remena od 80\u00b0C do 200\u00b0C. Tako\u0111er, na zahtev mogu\u0107e je opremanje transportnih traka s inverterima za promenjive brzine traka, te razli\u010dite upravlja\u010dke kutije za zaustavljanje i pokretanje trake upravljano sa drugim ma\u0161inama.<\/p>\n<p>Standardne tehni\u010dke karakteristike:<\/p>\n<ul>\n<li>Du\u017eina gornjeg dela trake: 700 mm<\/li>\n<li>\u0160irina upotrebnog dela trake: 250 \u00f7 550 mm<\/li>\n<li>Du\u017eina nako\u0161enog dela trake: 1300 i 1800 mm<\/li>\n<\/ul>\n<p>&nbsp;<\/p>\n[fusion_button link=\"https:\/\/nomis.hr\/wp-content\/uploads\/2022\/05\/CBD-TRANSPORTNA-TRAKA.pdf\" title=\"\" target=\"_blank\" link_attributes=\"\" alignment_medium=\"\" alignment_small=\"\" alignment=\"\" modal=\"\" hide_on_mobile=\"small-visibility,medium-visibility,large-visibility\" sticky_display=\"normal,sticky\" class=\"\" id=\"\" color=\"default\" button_gradient_top_color=\"\" hue=\"\" saturation=\"\" lightness=\"\" alpha=\"\" button_gradient_bottom_color=\"\" button_gradient_top_color_hover=\"\" button_gradient_bottom_color_hover=\"\" gradient_start_position=\"\" gradient_end_position=\"\" gradient_type=\"\" radial_direction=\"\" linear_angle=\"180\" accent_color=\"\" accent_hover_color=\"\" type=\"\" bevel_color=\"\" bevel_color_hover=\"\" border_top=\"\" border_right=\"\" border_bottom=\"\" border_left=\"\" border_radius_top_left=\"\" border_radius_top_right=\"\" border_radius_bottom_right=\"\" border_radius_bottom_left=\"\" border_color=\"\" border_hover_color=\"\" size=\"\" padding_top=\"\" padding_right=\"\" padding_bottom=\"\" padding_left=\"\" fusion_font_family_button_font=\"\" fusion_font_variant_button_font=\"\" font_size=\"\" line_height=\"\" letter_spacing=\"\" text_transform=\"\" stretch=\"default\" margin_top=\"\" margin_right=\"\" margin_bottom=\"\" margin_left=\"\" icon=\"fa-file-pdf fas\" icon_position=\"left\" icon_divider=\"no\" animation_type=\"\" animation_direction=\"left\" animation_speed=\"0.3\" animation_offset=\"\"]Tehni\u010dki dokument[\/fusion_button]\n","protected":false},"featured_media":4423,"template":"","meta":[],"product_cat":[204,275,286],"product_tag":[],"yoast_head":"<!-- This site is optimized with the Yoast SEO plugin v21.3 - https:\/\/yoast.com\/wordpress\/plugins\/seo\/ -->\n<title>CBD transportna traka sa dvostrukim fiksnim kolenom - Nomis<\/title>\n<meta name=\"robots\" content=\"index, follow, max-snippet:-1, max-image-preview:large, max-video-preview:-1\" \/>\n<link rel=\"canonical\" href=\"https:\/\/nomis.hr\/sr\/produkt\/cbd-transportna-traka-sa-dvostrukim-fiksnim-kolenom\/\" \/>\n<meta property=\"og:locale\" content=\"sr_RS\" \/>\n<meta property=\"og:type\" content=\"article\" \/>\n<meta property=\"og:title\" content=\"CBD transportna traka sa dvostrukim fiksnim kolenom - Nomis\" \/>\n<meta property=\"og:description\" content=\"CBD transportna traka ima gornji ravni deo za ubacivanje proizvoda sa trake u rezervoar (posudu, kutiju, itd.), te nako\u0161eni ravni deo za preuzimanje proizvoda na traku. Trake je mogu\u0107e modifikovati prema zahtevima kupaca \u2013trake sa krilcima, protivkliznom povr\u0161inom (\u201enaran\u010dina kora\u201c), te trake sa temperaturnom postojano\u0161\u0107u remena od 80\u00b0C do 200\u00b0C. Tako\u0111er, na zahtev mogu\u0107e je opremanje transportnih traka s inverterima za promenjive brzine traka, te razli\u010dite upravlja\u010dke kutije za zaustavljanje i pokretanje trake upravljano sa drugim ma\u0161inama.  Standardne tehni\u010dke karakteristike:   Du\u017eina gornjeg dela trake: 700 mm  \u0160irina upotrebnog dela trake: 250 \u00f7 550 mm  Du\u017eina nako\u0161enog dela trake: 1300 i 1800 mm  &nbsp;\" \/>\n<meta property=\"og:url\" content=\"https:\/\/nomis.hr\/sr\/produkt\/cbd-transportna-traka-sa-dvostrukim-fiksnim-kolenom\/\" \/>\n<meta property=\"og:site_name\" content=\"Nomis\" \/>\n<meta property=\"og:image\" content=\"https:\/\/nomis.hr\/wp-content\/uploads\/2022\/05\/02-CBD.jpg\" \/>\n\t<meta property=\"og:image:width\" content=\"1024\" \/>\n\t<meta property=\"og:image:height\" content=\"1024\" \/>\n\t<meta property=\"og:image:type\" content=\"image\/jpeg\" \/>\n<meta name=\"twitter:card\" content=\"summary_large_image\" \/>\n<script type=\"application\/ld+json\" class=\"yoast-schema-graph\">{\"@context\":\"https:\/\/schema.org\",\"@graph\":[{\"@type\":\"WebPage\",\"@id\":\"https:\/\/nomis.hr\/sr\/produkt\/cbd-transportna-traka-sa-dvostrukim-fiksnim-kolenom\/\",\"url\":\"https:\/\/nomis.hr\/sr\/produkt\/cbd-transportna-traka-sa-dvostrukim-fiksnim-kolenom\/\",\"name\":\"CBD transportna traka sa dvostrukim fiksnim kolenom - Nomis\",\"isPartOf\":{\"@id\":\"https:\/\/nomis.hr\/#website\"},\"datePublished\":\"2022-05-05T12:26:38+00:00\",\"dateModified\":\"2022-05-05T12:26:38+00:00\",\"breadcrumb\":{\"@id\":\"https:\/\/nomis.hr\/sr\/produkt\/cbd-transportna-traka-sa-dvostrukim-fiksnim-kolenom\/#breadcrumb\"},\"inLanguage\":\"sr-RS\",\"potentialAction\":[{\"@type\":\"ReadAction\",\"target\":[\"https:\/\/nomis.hr\/sr\/produkt\/cbd-transportna-traka-sa-dvostrukim-fiksnim-kolenom\/\"]}]},{\"@type\":\"BreadcrumbList\",\"@id\":\"https:\/\/nomis.hr\/sr\/produkt\/cbd-transportna-traka-sa-dvostrukim-fiksnim-kolenom\/#breadcrumb\",\"itemListElement\":[{\"@type\":\"ListItem\",\"position\":1,\"name\":\"Home\",\"item\":\"https:\/\/nomis.hr\/sr\/\"},{\"@type\":\"ListItem\",\"position\":2,\"name\":\"Katalog proizvoda\",\"item\":\"https:\/\/nomis.hr\/sr\/katalog-proizvoda\/\"},{\"@type\":\"ListItem\",\"position\":3,\"name\":\"CBD transportna traka sa dvostrukim fiksnim kolenom\"}]},{\"@type\":\"WebSite\",\"@id\":\"https:\/\/nomis.hr\/#website\",\"url\":\"https:\/\/nomis.hr\/\",\"name\":\"Nomis\",\"description\":\"Sve za preradu polimera i metala na jednom mjestu!\",\"publisher\":{\"@id\":\"https:\/\/nomis.hr\/#organization\"},\"potentialAction\":[{\"@type\":\"SearchAction\",\"target\":{\"@type\":\"EntryPoint\",\"urlTemplate\":\"https:\/\/nomis.hr\/?s={search_term_string}\"},\"query-input\":\"required name=search_term_string\"}],\"inLanguage\":\"sr-RS\"},{\"@type\":\"Organization\",\"@id\":\"https:\/\/nomis.hr\/#organization\",\"name\":\"Nomis\",\"url\":\"https:\/\/nomis.hr\/\",\"logo\":{\"@type\":\"ImageObject\",\"inLanguage\":\"sr-RS\",\"@id\":\"https:\/\/nomis.hr\/#\/schema\/logo\/image\/\",\"url\":\"https:\/\/nomis.hr\/wp-content\/uploads\/2021\/03\/Nomis-logo-admin-login.png\",\"contentUrl\":\"https:\/\/nomis.hr\/wp-content\/uploads\/2021\/03\/Nomis-logo-admin-login.png\",\"width\":640,\"height\":163,\"caption\":\"Nomis\"},\"image\":{\"@id\":\"https:\/\/nomis.hr\/#\/schema\/logo\/image\/\"}}]}<\/script>\n<!-- \/ Yoast SEO plugin. -->","yoast_head_json":{"title":"CBD transportna traka sa dvostrukim fiksnim kolenom - Nomis","robots":{"index":"index","follow":"follow","max-snippet":"max-snippet:-1","max-image-preview":"max-image-preview:large","max-video-preview":"max-video-preview:-1"},"canonical":"https:\/\/nomis.hr\/sr\/produkt\/cbd-transportna-traka-sa-dvostrukim-fiksnim-kolenom\/","og_locale":"sr_RS","og_type":"article","og_title":"CBD transportna traka sa dvostrukim fiksnim kolenom - Nomis","og_description":"CBD transportna traka ima gornji ravni deo za ubacivanje proizvoda sa trake u rezervoar (posudu, kutiju, itd.), te nako\u0161eni ravni deo za preuzimanje proizvoda na traku. Trake je mogu\u0107e modifikovati prema zahtevima kupaca \u2013trake sa krilcima, protivkliznom povr\u0161inom (\u201enaran\u010dina kora\u201c), te trake sa temperaturnom postojano\u0161\u0107u remena od 80\u00b0C do 200\u00b0C. Tako\u0111er, na zahtev mogu\u0107e je opremanje transportnih traka s inverterima za promenjive brzine traka, te razli\u010dite upravlja\u010dke kutije za zaustavljanje i pokretanje trake upravljano sa drugim ma\u0161inama.  Standardne tehni\u010dke karakteristike:   Du\u017eina gornjeg dela trake: 700 mm  \u0160irina upotrebnog dela trake: 250 \u00f7 550 mm  Du\u017eina nako\u0161enog dela trake: 1300 i 1800 mm  &nbsp;","og_url":"https:\/\/nomis.hr\/sr\/produkt\/cbd-transportna-traka-sa-dvostrukim-fiksnim-kolenom\/","og_site_name":"Nomis","og_image":[{"width":1024,"height":1024,"url":"https:\/\/nomis.hr\/wp-content\/uploads\/2022\/05\/02-CBD.jpg","type":"image\/jpeg"}],"twitter_card":"summary_large_image","schema":{"@context":"https:\/\/schema.org","@graph":[{"@type":"WebPage","@id":"https:\/\/nomis.hr\/sr\/produkt\/cbd-transportna-traka-sa-dvostrukim-fiksnim-kolenom\/","url":"https:\/\/nomis.hr\/sr\/produkt\/cbd-transportna-traka-sa-dvostrukim-fiksnim-kolenom\/","name":"CBD transportna traka sa dvostrukim fiksnim kolenom - Nomis","isPartOf":{"@id":"https:\/\/nomis.hr\/#website"},"datePublished":"2022-05-05T12:26:38+00:00","dateModified":"2022-05-05T12:26:38+00:00","breadcrumb":{"@id":"https:\/\/nomis.hr\/sr\/produkt\/cbd-transportna-traka-sa-dvostrukim-fiksnim-kolenom\/#breadcrumb"},"inLanguage":"sr-RS","potentialAction":[{"@type":"ReadAction","target":["https:\/\/nomis.hr\/sr\/produkt\/cbd-transportna-traka-sa-dvostrukim-fiksnim-kolenom\/"]}]},{"@type":"BreadcrumbList","@id":"https:\/\/nomis.hr\/sr\/produkt\/cbd-transportna-traka-sa-dvostrukim-fiksnim-kolenom\/#breadcrumb","itemListElement":[{"@type":"ListItem","position":1,"name":"Home","item":"https:\/\/nomis.hr\/sr\/"},{"@type":"ListItem","position":2,"name":"Katalog proizvoda","item":"https:\/\/nomis.hr\/sr\/katalog-proizvoda\/"},{"@type":"ListItem","position":3,"name":"CBD transportna traka sa dvostrukim fiksnim kolenom"}]},{"@type":"WebSite","@id":"https:\/\/nomis.hr\/#website","url":"https:\/\/nomis.hr\/","name":"Nomis","description":"Sve za preradu polimera i metala na jednom mjestu!","publisher":{"@id":"https:\/\/nomis.hr\/#organization"},"potentialAction":[{"@type":"SearchAction","target":{"@type":"EntryPoint","urlTemplate":"https:\/\/nomis.hr\/?s={search_term_string}"},"query-input":"required name=search_term_string"}],"inLanguage":"sr-RS"},{"@type":"Organization","@id":"https:\/\/nomis.hr\/#organization","name":"Nomis","url":"https:\/\/nomis.hr\/","logo":{"@type":"ImageObject","inLanguage":"sr-RS","@id":"https:\/\/nomis.hr\/#\/schema\/logo\/image\/","url":"https:\/\/nomis.hr\/wp-content\/uploads\/2021\/03\/Nomis-logo-admin-login.png","contentUrl":"https:\/\/nomis.hr\/wp-content\/uploads\/2021\/03\/Nomis-logo-admin-login.png","width":640,"height":163,"caption":"Nomis"},"image":{"@id":"https:\/\/nomis.hr\/#\/schema\/logo\/image\/"}}]}},"_links":{"self":[{"href":"https:\/\/nomis.hr\/sr\/wp-json\/wp\/v2\/product\/4420"}],"collection":[{"href":"https:\/\/nomis.hr\/sr\/wp-json\/wp\/v2\/product"}],"about":[{"href":"https:\/\/nomis.hr\/sr\/wp-json\/wp\/v2\/types\/product"}],"wp:featuredmedia":[{"embeddable":true,"href":"https:\/\/nomis.hr\/sr\/wp-json\/wp\/v2\/media\/4423"}],"wp:attachment":[{"href":"https:\/\/nomis.hr\/sr\/wp-json\/wp\/v2\/media?parent=4420"}],"wp:term":[{"taxonomy":"product_cat","embeddable":true,"href":"https:\/\/nomis.hr\/sr\/wp-json\/wp\/v2\/product_cat?post=4420"},{"taxonomy":"product_tag","embeddable":true,"href":"https:\/\/nomis.hr\/sr\/wp-json\/wp\/v2\/product_tag?post=4420"}],"curies":[{"name":"wp","href":"https:\/\/api.w.org\/{rel}","templated":true}]}}