{"id":4424,"date":"2022-05-05T14:24:53","date_gmt":"2022-05-05T12:24:53","guid":{"rendered":"https:\/\/nomis.hr\/product\/cb-transportna-traka-sa-fiksnim-kolenom\/"},"modified":"2022-05-05T14:24:53","modified_gmt":"2022-05-05T12:24:53","slug":"cb-transportna-traka-sa-fiksnim-kolenom","status":"publish","type":"product","link":"https:\/\/nomis.hr\/sr\/produkt\/cb-transportna-traka-sa-fiksnim-kolenom\/","title":{"rendered":"CB transportna traka sa fiksnim kolenom"},"content":{"rendered":"","protected":false},"excerpt":{"rendered":"<p>CB transportna traka ima donji ravni deo za umetanje proizvoda na traku, te nako\u0161eni ravni deo sa visinom za ubacivanje proizvoda sa trake u rezervoar (posudu, kutiju, itd.). Trake je mogu\u0107e modifikovati prema zahtevima kupaca \u2013trake sa krilcima, protukliznom povr\u0161inom (\u201enaran\u010dina kora\u201c), te trake sa temperaturnom postojano\u0161\u0107u remena od 80\u00b0C do 200\u00b0C. Tako\u0111er, na zahtev mogu\u0107e je opremanje transportnih traka s inverterima za promenjive brzine traka, te razli\u010dite upravlja\u010dke kutije za zaustavljanje i pokretanje trake upravljano sa drugim ma\u0161inama.<\/p>\n<p>Standardne tehni\u010dke karakteristike:<\/p>\n<ul>\n<li>Du\u017eina donjeg dela trake: 700 mm<\/li>\n<li>\u0160irina upotrebnog dela trake: 250 \u00f7 450 mm<\/li>\n<li>Du\u017eina nako\u0161enog dela trake: 1300 i 1800 mm<\/li>\n<\/ul>\n<p>&nbsp;<\/p>\n[fusion_button link=\"https:\/\/nomis.hr\/wp-content\/uploads\/2022\/05\/CB-TRANSPORTNA-TRAKA-SA-FIKSNIM-KOLJENOM.pdf\" title=\"\" target=\"_blank\" link_attributes=\"\" alignment_medium=\"\" alignment_small=\"\" alignment=\"\" modal=\"\" hide_on_mobile=\"small-visibility,medium-visibility,large-visibility\" sticky_display=\"normal,sticky\" class=\"\" id=\"\" color=\"default\" button_gradient_top_color=\"\" hue=\"\" saturation=\"\" lightness=\"\" alpha=\"\" button_gradient_bottom_color=\"\" button_gradient_top_color_hover=\"\" button_gradient_bottom_color_hover=\"\" gradient_start_position=\"\" gradient_end_position=\"\" gradient_type=\"\" radial_direction=\"\" linear_angle=\"180\" accent_color=\"\" accent_hover_color=\"\" type=\"\" bevel_color=\"\" bevel_color_hover=\"\" border_top=\"\" border_right=\"\" border_bottom=\"\" border_left=\"\" border_radius_top_left=\"\" border_radius_top_right=\"\" border_radius_bottom_right=\"\" border_radius_bottom_left=\"\" border_color=\"\" border_hover_color=\"\" size=\"\" padding_top=\"\" padding_right=\"\" padding_bottom=\"\" padding_left=\"\" fusion_font_family_button_font=\"\" fusion_font_variant_button_font=\"\" font_size=\"\" line_height=\"\" letter_spacing=\"\" text_transform=\"\" stretch=\"default\" margin_top=\"\" margin_right=\"\" margin_bottom=\"\" margin_left=\"\" icon=\"fa-file-pdf fas\" icon_position=\"left\" icon_divider=\"no\" animation_type=\"\" animation_direction=\"left\" animation_speed=\"0.3\" animation_offset=\"\"]Tehni\u010dki dokument[\/fusion_button]\n","protected":false},"featured_media":4427,"template":"","meta":[],"product_cat":[204,275,286],"product_tag":[],"yoast_head":"<!-- This site is optimized with the Yoast SEO plugin v21.3 - https:\/\/yoast.com\/wordpress\/plugins\/seo\/ -->\n<title>CB transportna traka sa fiksnim kolenom - Nomis<\/title>\n<meta name=\"robots\" content=\"index, follow, max-snippet:-1, max-image-preview:large, max-video-preview:-1\" \/>\n<link rel=\"canonical\" href=\"https:\/\/nomis.hr\/sr\/produkt\/cb-transportna-traka-sa-fiksnim-kolenom\/\" \/>\n<meta property=\"og:locale\" content=\"sr_RS\" \/>\n<meta property=\"og:type\" content=\"article\" \/>\n<meta property=\"og:title\" content=\"CB transportna traka sa fiksnim kolenom - Nomis\" \/>\n<meta property=\"og:description\" content=\"CB transportna traka ima donji ravni deo za umetanje proizvoda na traku, te nako\u0161eni ravni deo sa visinom za ubacivanje proizvoda sa trake u rezervoar (posudu, kutiju, itd.). Trake je mogu\u0107e modifikovati prema zahtevima kupaca \u2013trake sa krilcima, protukliznom povr\u0161inom (\u201enaran\u010dina kora\u201c), te trake sa temperaturnom postojano\u0161\u0107u remena od 80\u00b0C do 200\u00b0C. Tako\u0111er, na zahtev mogu\u0107e je opremanje transportnih traka s inverterima za promenjive brzine traka, te razli\u010dite upravlja\u010dke kutije za zaustavljanje i pokretanje trake upravljano sa drugim ma\u0161inama.  Standardne tehni\u010dke karakteristike:   Du\u017eina donjeg dela trake: 700 mm  \u0160irina upotrebnog dela trake: 250 \u00f7 450 mm  Du\u017eina nako\u0161enog dela trake: 1300 i 1800 mm  &nbsp;\" \/>\n<meta property=\"og:url\" content=\"https:\/\/nomis.hr\/sr\/produkt\/cb-transportna-traka-sa-fiksnim-kolenom\/\" \/>\n<meta property=\"og:site_name\" content=\"Nomis\" \/>\n<meta property=\"og:image\" content=\"https:\/\/nomis.hr\/wp-content\/uploads\/2022\/05\/03-CB.jpg\" \/>\n\t<meta property=\"og:image:width\" content=\"1024\" \/>\n\t<meta property=\"og:image:height\" content=\"1024\" \/>\n\t<meta property=\"og:image:type\" content=\"image\/jpeg\" \/>\n<meta name=\"twitter:card\" content=\"summary_large_image\" \/>\n<script type=\"application\/ld+json\" class=\"yoast-schema-graph\">{\"@context\":\"https:\/\/schema.org\",\"@graph\":[{\"@type\":\"WebPage\",\"@id\":\"https:\/\/nomis.hr\/sr\/produkt\/cb-transportna-traka-sa-fiksnim-kolenom\/\",\"url\":\"https:\/\/nomis.hr\/sr\/produkt\/cb-transportna-traka-sa-fiksnim-kolenom\/\",\"name\":\"CB transportna traka sa fiksnim kolenom - Nomis\",\"isPartOf\":{\"@id\":\"https:\/\/nomis.hr\/#website\"},\"datePublished\":\"2022-05-05T12:24:53+00:00\",\"dateModified\":\"2022-05-05T12:24:53+00:00\",\"breadcrumb\":{\"@id\":\"https:\/\/nomis.hr\/sr\/produkt\/cb-transportna-traka-sa-fiksnim-kolenom\/#breadcrumb\"},\"inLanguage\":\"sr-RS\",\"potentialAction\":[{\"@type\":\"ReadAction\",\"target\":[\"https:\/\/nomis.hr\/sr\/produkt\/cb-transportna-traka-sa-fiksnim-kolenom\/\"]}]},{\"@type\":\"BreadcrumbList\",\"@id\":\"https:\/\/nomis.hr\/sr\/produkt\/cb-transportna-traka-sa-fiksnim-kolenom\/#breadcrumb\",\"itemListElement\":[{\"@type\":\"ListItem\",\"position\":1,\"name\":\"Home\",\"item\":\"https:\/\/nomis.hr\/sr\/\"},{\"@type\":\"ListItem\",\"position\":2,\"name\":\"Katalog proizvoda\",\"item\":\"https:\/\/nomis.hr\/sr\/katalog-proizvoda\/\"},{\"@type\":\"ListItem\",\"position\":3,\"name\":\"CB transportna traka sa fiksnim kolenom\"}]},{\"@type\":\"WebSite\",\"@id\":\"https:\/\/nomis.hr\/#website\",\"url\":\"https:\/\/nomis.hr\/\",\"name\":\"Nomis\",\"description\":\"Sve za preradu polimera i metala na jednom mjestu!\",\"publisher\":{\"@id\":\"https:\/\/nomis.hr\/#organization\"},\"potentialAction\":[{\"@type\":\"SearchAction\",\"target\":{\"@type\":\"EntryPoint\",\"urlTemplate\":\"https:\/\/nomis.hr\/?s={search_term_string}\"},\"query-input\":\"required name=search_term_string\"}],\"inLanguage\":\"sr-RS\"},{\"@type\":\"Organization\",\"@id\":\"https:\/\/nomis.hr\/#organization\",\"name\":\"Nomis\",\"url\":\"https:\/\/nomis.hr\/\",\"logo\":{\"@type\":\"ImageObject\",\"inLanguage\":\"sr-RS\",\"@id\":\"https:\/\/nomis.hr\/#\/schema\/logo\/image\/\",\"url\":\"https:\/\/nomis.hr\/wp-content\/uploads\/2021\/03\/Nomis-logo-admin-login.png\",\"contentUrl\":\"https:\/\/nomis.hr\/wp-content\/uploads\/2021\/03\/Nomis-logo-admin-login.png\",\"width\":640,\"height\":163,\"caption\":\"Nomis\"},\"image\":{\"@id\":\"https:\/\/nomis.hr\/#\/schema\/logo\/image\/\"}}]}<\/script>\n<!-- \/ Yoast SEO plugin. -->","yoast_head_json":{"title":"CB transportna traka sa fiksnim kolenom - Nomis","robots":{"index":"index","follow":"follow","max-snippet":"max-snippet:-1","max-image-preview":"max-image-preview:large","max-video-preview":"max-video-preview:-1"},"canonical":"https:\/\/nomis.hr\/sr\/produkt\/cb-transportna-traka-sa-fiksnim-kolenom\/","og_locale":"sr_RS","og_type":"article","og_title":"CB transportna traka sa fiksnim kolenom - Nomis","og_description":"CB transportna traka ima donji ravni deo za umetanje proizvoda na traku, te nako\u0161eni ravni deo sa visinom za ubacivanje proizvoda sa trake u rezervoar (posudu, kutiju, itd.). Trake je mogu\u0107e modifikovati prema zahtevima kupaca \u2013trake sa krilcima, protukliznom povr\u0161inom (\u201enaran\u010dina kora\u201c), te trake sa temperaturnom postojano\u0161\u0107u remena od 80\u00b0C do 200\u00b0C. Tako\u0111er, na zahtev mogu\u0107e je opremanje transportnih traka s inverterima za promenjive brzine traka, te razli\u010dite upravlja\u010dke kutije za zaustavljanje i pokretanje trake upravljano sa drugim ma\u0161inama.  Standardne tehni\u010dke karakteristike:   Du\u017eina donjeg dela trake: 700 mm  \u0160irina upotrebnog dela trake: 250 \u00f7 450 mm  Du\u017eina nako\u0161enog dela trake: 1300 i 1800 mm  &nbsp;","og_url":"https:\/\/nomis.hr\/sr\/produkt\/cb-transportna-traka-sa-fiksnim-kolenom\/","og_site_name":"Nomis","og_image":[{"width":1024,"height":1024,"url":"https:\/\/nomis.hr\/wp-content\/uploads\/2022\/05\/03-CB.jpg","type":"image\/jpeg"}],"twitter_card":"summary_large_image","schema":{"@context":"https:\/\/schema.org","@graph":[{"@type":"WebPage","@id":"https:\/\/nomis.hr\/sr\/produkt\/cb-transportna-traka-sa-fiksnim-kolenom\/","url":"https:\/\/nomis.hr\/sr\/produkt\/cb-transportna-traka-sa-fiksnim-kolenom\/","name":"CB transportna traka sa fiksnim kolenom - Nomis","isPartOf":{"@id":"https:\/\/nomis.hr\/#website"},"datePublished":"2022-05-05T12:24:53+00:00","dateModified":"2022-05-05T12:24:53+00:00","breadcrumb":{"@id":"https:\/\/nomis.hr\/sr\/produkt\/cb-transportna-traka-sa-fiksnim-kolenom\/#breadcrumb"},"inLanguage":"sr-RS","potentialAction":[{"@type":"ReadAction","target":["https:\/\/nomis.hr\/sr\/produkt\/cb-transportna-traka-sa-fiksnim-kolenom\/"]}]},{"@type":"BreadcrumbList","@id":"https:\/\/nomis.hr\/sr\/produkt\/cb-transportna-traka-sa-fiksnim-kolenom\/#breadcrumb","itemListElement":[{"@type":"ListItem","position":1,"name":"Home","item":"https:\/\/nomis.hr\/sr\/"},{"@type":"ListItem","position":2,"name":"Katalog proizvoda","item":"https:\/\/nomis.hr\/sr\/katalog-proizvoda\/"},{"@type":"ListItem","position":3,"name":"CB transportna traka sa fiksnim kolenom"}]},{"@type":"WebSite","@id":"https:\/\/nomis.hr\/#website","url":"https:\/\/nomis.hr\/","name":"Nomis","description":"Sve za preradu polimera i metala na jednom mjestu!","publisher":{"@id":"https:\/\/nomis.hr\/#organization"},"potentialAction":[{"@type":"SearchAction","target":{"@type":"EntryPoint","urlTemplate":"https:\/\/nomis.hr\/?s={search_term_string}"},"query-input":"required name=search_term_string"}],"inLanguage":"sr-RS"},{"@type":"Organization","@id":"https:\/\/nomis.hr\/#organization","name":"Nomis","url":"https:\/\/nomis.hr\/","logo":{"@type":"ImageObject","inLanguage":"sr-RS","@id":"https:\/\/nomis.hr\/#\/schema\/logo\/image\/","url":"https:\/\/nomis.hr\/wp-content\/uploads\/2021\/03\/Nomis-logo-admin-login.png","contentUrl":"https:\/\/nomis.hr\/wp-content\/uploads\/2021\/03\/Nomis-logo-admin-login.png","width":640,"height":163,"caption":"Nomis"},"image":{"@id":"https:\/\/nomis.hr\/#\/schema\/logo\/image\/"}}]}},"_links":{"self":[{"href":"https:\/\/nomis.hr\/sr\/wp-json\/wp\/v2\/product\/4424"}],"collection":[{"href":"https:\/\/nomis.hr\/sr\/wp-json\/wp\/v2\/product"}],"about":[{"href":"https:\/\/nomis.hr\/sr\/wp-json\/wp\/v2\/types\/product"}],"wp:featuredmedia":[{"embeddable":true,"href":"https:\/\/nomis.hr\/sr\/wp-json\/wp\/v2\/media\/4427"}],"wp:attachment":[{"href":"https:\/\/nomis.hr\/sr\/wp-json\/wp\/v2\/media?parent=4424"}],"wp:term":[{"taxonomy":"product_cat","embeddable":true,"href":"https:\/\/nomis.hr\/sr\/wp-json\/wp\/v2\/product_cat?post=4424"},{"taxonomy":"product_tag","embeddable":true,"href":"https:\/\/nomis.hr\/sr\/wp-json\/wp\/v2\/product_tag?post=4424"}],"curies":[{"name":"wp","href":"https:\/\/api.w.org\/{rel}","templated":true}]}}