{"id":4486,"date":"2021-04-11T10:34:11","date_gmt":"2021-04-11T08:34:11","guid":{"rendered":"https:\/\/nomis.hr\/product\/sredstva-za-podmazivanje\/"},"modified":"2021-04-11T10:34:11","modified_gmt":"2021-04-11T08:34:11","slug":"sredstva-za-podmazivanje","status":"publish","type":"product","link":"https:\/\/nomis.hr\/sr\/produkt\/sredstva-za-podmazivanje\/","title":{"rendered":"Sredstva za podmazivanje"},"content":{"rendered":"","protected":false},"excerpt":{"rendered":"<p>Lusin\u00ae maziva razvijena su posebno za izbacivala i vodilice u aplikacijama za injekcijsko brizganje plastike. Dugotrajni film koji ovo mazivo ostavlja dr\u017ei mehani\u010dke delove u pokretu i spre\u010dava lomljenje i zahva\u0107anje izbacivala, izbegavaju\u0107i pritom prenos maziva na odlivak. Lusin\u00ae maziva \u0161tite opremu od opasne korozije.<\/p>\n<ul>\n<li>neagresivna sredstva koja ne ostavljaju trag<\/li>\n<li>\u0161tite protiv korozije, spre\u010davaju blokade i zape\u010denost<\/li>\n<li>za podmazivanje staza, vodilica, izbacivala, monta\u017eu kalupa<\/li>\n<li>primena na temperaturama sve do 1200\u00b0C<\/li>\n<li>NFS certifikat \u2013 dozvoljeno koristiti u prehrambenoj industriji<\/li>\n<\/ul>\n[fusion_table fusion_table_type=\"2\" fusion_table_rows=\"5\" fusion_table_columns=\"4\" hide_on_mobile=\"small-visibility,medium-visibility,large-visibility\" class=\"\" id=\"\" animation_type=\"\" animation_direction=\"left\" animation_speed=\"0.3\" animation_offset=\"\"]<\/p>\n<div class=\"table-1\">\n<table width=\"100%\">\n<thead>\n<tr>\n<th align=\"left\">Tip<\/th>\n<th align=\"left\">Osnovne karakteristike<\/th>\n<th align=\"left\">Proizvo\u0111a\u010d<\/th>\n<th align=\"left\">PDF<\/th>\n<\/tr>\n<\/thead>\n<tbody>\n<tr>\n<td align=\"left\">Lusin Lub 032 F<\/td>\n<td align=\"left\">Sprej 400ml, mo\u017ee se koristiti kao mazivo ili sredstvo za odvajanje u industriji pakovanja, do 200\u00b0C bez otapala i silikona, smanjuje ogrebotine na plasti\u010dnim proizvodima, NSF certifikat<\/td>\n<td align=\"left\">Chem-Trend<\/td>\n<td align=\"center\">[fusion_fontawesome icon=\"fa-file-pdf fas\" size=\"\" flip=\"\" rotate=\"\" spin=\"no\" link=\"https:\/\/nomis.hr\/wp-content\/uploads\/2022\/05\/Chem-Trend-Lusin-Lubricants.pdf\" linktarget=\"_blank\" alignment_medium=\"\" alignment_small=\"\" alignment=\"\" hide_on_mobile=\"small-visibility,medium-visibility,large-visibility\" sticky_display=\"normal,sticky\" class=\"\" id=\"\" margin_top=\"\" margin_right=\"\" margin_bottom=\"\" margin_left=\"\" iconcolor=\"var(--awb-color6)\" hue=\"\" saturation=\"\" lightness=\"\" alpha=\"\" iconcolor_hover=\"var(--awb-color4)\" circle=\"no\" bg_size=\"-1\" circlecolor=\"\" circlecolor_hover=\"\" circlebordersize=\"\" circlebordercolor=\"\" circlebordercolor_hover=\"\" border_radius_top_left=\"\" border_radius_top_right=\"\" border_radius_bottom_right=\"\" border_radius_bottom_left=\"\" icon_hover_type=\"\" animation_type=\"\" animation_direction=\"left\" animation_speed=\"0.3\" animation_offset=\"\"\/]<\/td>\n<\/tr>\n<tr>\n<td align=\"left\">Lusin Lub PM 1001<\/td>\n<td align=\"left\">Sprej 400ml &#8211; mast 1,5kg, za podmazivanje i monta\u017eu otporna na temperature do 1000\u00b0C, toplinski vodljivo mazivo otporno na visoki pritisak<\/td>\n<td align=\"left\">Chem-Trend<\/td>\n<td align=\"center\">[fusion_fontawesome icon=\"fa-file-pdf fas\" size=\"\" flip=\"\" rotate=\"\" spin=\"no\" link=\"https:\/\/nomis.hr\/wp-content\/uploads\/2022\/05\/Chem-Trend-Lusin-Lubricants.pdf\" linktarget=\"_blank\" alignment_medium=\"\" alignment_small=\"\" alignment=\"\" hide_on_mobile=\"small-visibility,medium-visibility,large-visibility\" sticky_display=\"normal,sticky\" class=\"\" id=\"\" margin_top=\"\" margin_right=\"\" margin_bottom=\"\" margin_left=\"\" iconcolor=\"var(--awb-color6)\" hue=\"\" saturation=\"\" lightness=\"\" alpha=\"\" iconcolor_hover=\"var(--awb-color4)\" circle=\"no\" bg_size=\"-1\" circlecolor=\"\" circlecolor_hover=\"\" circlebordersize=\"\" circlebordercolor=\"\" circlebordercolor_hover=\"\" border_radius_top_left=\"\" border_radius_top_right=\"\" border_radius_bottom_right=\"\" border_radius_bottom_left=\"\" icon_hover_type=\"\" animation_type=\"\" animation_direction=\"left\" animation_speed=\"0.3\" animation_offset=\"\"\/]<\/td>\n<\/tr>\n<tr>\n<td align=\"left\">Lusin Lub PZO 152<\/td>\n<td align=\"left\">sprej 400ml &#8211; mast 1,5 kg &#8211; pasta 140g, za maksimalni u\u010dinak podmazivanja, primene do 150\u00b0C, otpornost na visoki pritisak i vru\u0107u vodu\/paru, za\u0161tita od korozije, otpornost na alkalne i kisele medije<\/td>\n<td align=\"left\">Chem-Trend<\/td>\n<td align=\"center\">[fusion_fontawesome icon=\"fa-file-pdf fas\" size=\"\" flip=\"\" rotate=\"\" spin=\"no\" link=\"https:\/\/nomis.hr\/wp-content\/uploads\/2022\/05\/Chem-Trend-Lusin-Lubricants.pdf\" linktarget=\"_blank\" alignment_medium=\"\" alignment_small=\"\" alignment=\"\" hide_on_mobile=\"small-visibility,medium-visibility,large-visibility\" sticky_display=\"normal,sticky\" class=\"\" id=\"\" margin_top=\"\" margin_right=\"\" margin_bottom=\"\" margin_left=\"\" iconcolor=\"var(--awb-color6)\" hue=\"\" saturation=\"\" lightness=\"\" alpha=\"\" iconcolor_hover=\"var(--awb-color4)\" circle=\"no\" bg_size=\"-1\" circlecolor=\"\" circlecolor_hover=\"\" circlebordersize=\"\" circlebordercolor=\"\" circlebordercolor_hover=\"\" border_radius_top_left=\"\" border_radius_top_right=\"\" border_radius_bottom_right=\"\" border_radius_bottom_left=\"\" icon_hover_type=\"\" animation_type=\"\" animation_direction=\"left\" animation_speed=\"0.3\" animation_offset=\"\"\/]<\/td>\n<\/tr>\n<tr>\n<td align=\"left\">Lusin Lub LU1201F<\/td>\n<td align=\"left\">Sprej 400ml, vi\u0161enamensko mazivo koje \u0161titi od korozije, otporno na alkalne i kisele medije te vru\u0107u vodu i paru, za temperature do 120\u00b0C, NSF certifikat<\/td>\n<td align=\"left\">Chem-Trend<\/td>\n<td align=\"center\">[fusion_fontawesome icon=\"fa-file-pdf fas\" size=\"\" flip=\"\" rotate=\"\" spin=\"no\" link=\"https:\/\/nomis.hr\/wp-content\/uploads\/2022\/05\/Chem-Trend-Lusin-Lubricants.pdf\" linktarget=\"_blank\" alignment_medium=\"\" alignment_small=\"\" alignment=\"\" hide_on_mobile=\"small-visibility,medium-visibility,large-visibility\" sticky_display=\"normal,sticky\" class=\"\" id=\"\" margin_top=\"\" margin_right=\"\" margin_bottom=\"\" margin_left=\"\" iconcolor=\"var(--awb-color6)\" hue=\"\" saturation=\"\" lightness=\"\" alpha=\"\" iconcolor_hover=\"var(--awb-color4)\" circle=\"no\" bg_size=\"-1\" circlecolor=\"\" circlecolor_hover=\"\" circlebordersize=\"\" circlebordercolor=\"\" circlebordercolor_hover=\"\" border_radius_top_left=\"\" border_radius_top_right=\"\" border_radius_bottom_right=\"\" border_radius_bottom_left=\"\" icon_hover_type=\"\" animation_type=\"\" animation_direction=\"left\" animation_speed=\"0.3\" animation_offset=\"\"\/]<\/td>\n<\/tr>\n<\/tbody>\n<\/table>\n<\/div>\n<p>[\/fusion_table]\n","protected":false},"featured_media":1345,"template":"","meta":[],"product_cat":[289],"product_tag":[],"yoast_head":"<!-- This site is optimized with the Yoast SEO plugin v21.3 - https:\/\/yoast.com\/wordpress\/plugins\/seo\/ -->\n<title>Sredstva za podmazivanje - Nomis<\/title>\n<meta name=\"robots\" content=\"index, follow, max-snippet:-1, max-image-preview:large, max-video-preview:-1\" \/>\n<link rel=\"canonical\" href=\"https:\/\/nomis.hr\/sr\/produkt\/sredstva-za-podmazivanje\/\" \/>\n<meta property=\"og:locale\" content=\"sr_RS\" \/>\n<meta property=\"og:type\" content=\"article\" \/>\n<meta property=\"og:title\" content=\"Sredstva za podmazivanje - Nomis\" \/>\n<meta property=\"og:description\" content=\"Lusin\u00ae maziva razvijena su posebno za izbacivala i vodilice u aplikacijama za injekcijsko brizganje plastike. Dugotrajni film koji ovo mazivo ostavlja dr\u017ei mehani\u010dke delove u pokretu i spre\u010dava lomljenje i zahva\u0107anje izbacivala, izbegavaju\u0107i pritom prenos maziva na odlivak. Lusin\u00ae maziva \u0161tite opremu od opasne korozije.   neagresivna sredstva koja ne ostavljaju trag  \u0161tite protiv korozije, spre\u010davaju blokade i zape\u010denost  za podmazivanje staza, vodilica, izbacivala, monta\u017eu kalupa  primena na temperaturama sve do 1200\u00b0C  NFS certifikat \u2013 dozvoljeno koristiti u prehrambenoj industriji\" \/>\n<meta property=\"og:url\" content=\"https:\/\/nomis.hr\/sr\/produkt\/sredstva-za-podmazivanje\/\" \/>\n<meta property=\"og:site_name\" content=\"Nomis\" \/>\n<meta name=\"twitter:card\" content=\"summary_large_image\" \/>\n<script type=\"application\/ld+json\" class=\"yoast-schema-graph\">{\"@context\":\"https:\/\/schema.org\",\"@graph\":[{\"@type\":\"WebPage\",\"@id\":\"https:\/\/nomis.hr\/sr\/produkt\/sredstva-za-podmazivanje\/\",\"url\":\"https:\/\/nomis.hr\/sr\/produkt\/sredstva-za-podmazivanje\/\",\"name\":\"Sredstva za podmazivanje - Nomis\",\"isPartOf\":{\"@id\":\"https:\/\/nomis.hr\/#website\"},\"datePublished\":\"2021-04-11T08:34:11+00:00\",\"dateModified\":\"2021-04-11T08:34:11+00:00\",\"breadcrumb\":{\"@id\":\"https:\/\/nomis.hr\/sr\/produkt\/sredstva-za-podmazivanje\/#breadcrumb\"},\"inLanguage\":\"sr-RS\",\"potentialAction\":[{\"@type\":\"ReadAction\",\"target\":[\"https:\/\/nomis.hr\/sr\/produkt\/sredstva-za-podmazivanje\/\"]}]},{\"@type\":\"BreadcrumbList\",\"@id\":\"https:\/\/nomis.hr\/sr\/produkt\/sredstva-za-podmazivanje\/#breadcrumb\",\"itemListElement\":[{\"@type\":\"ListItem\",\"position\":1,\"name\":\"Home\",\"item\":\"https:\/\/nomis.hr\/sr\/\"},{\"@type\":\"ListItem\",\"position\":2,\"name\":\"Katalog proizvoda\",\"item\":\"https:\/\/nomis.hr\/sr\/katalog-proizvoda\/\"},{\"@type\":\"ListItem\",\"position\":3,\"name\":\"Sredstva za podmazivanje\"}]},{\"@type\":\"WebSite\",\"@id\":\"https:\/\/nomis.hr\/#website\",\"url\":\"https:\/\/nomis.hr\/\",\"name\":\"Nomis\",\"description\":\"Sve za preradu polimera i metala na jednom mjestu!\",\"publisher\":{\"@id\":\"https:\/\/nomis.hr\/#organization\"},\"potentialAction\":[{\"@type\":\"SearchAction\",\"target\":{\"@type\":\"EntryPoint\",\"urlTemplate\":\"https:\/\/nomis.hr\/?s={search_term_string}\"},\"query-input\":\"required name=search_term_string\"}],\"inLanguage\":\"sr-RS\"},{\"@type\":\"Organization\",\"@id\":\"https:\/\/nomis.hr\/#organization\",\"name\":\"Nomis\",\"url\":\"https:\/\/nomis.hr\/\",\"logo\":{\"@type\":\"ImageObject\",\"inLanguage\":\"sr-RS\",\"@id\":\"https:\/\/nomis.hr\/#\/schema\/logo\/image\/\",\"url\":\"https:\/\/nomis.hr\/wp-content\/uploads\/2021\/03\/Nomis-logo-admin-login.png\",\"contentUrl\":\"https:\/\/nomis.hr\/wp-content\/uploads\/2021\/03\/Nomis-logo-admin-login.png\",\"width\":640,\"height\":163,\"caption\":\"Nomis\"},\"image\":{\"@id\":\"https:\/\/nomis.hr\/#\/schema\/logo\/image\/\"}}]}<\/script>\n<!-- \/ Yoast SEO plugin. -->","yoast_head_json":{"title":"Sredstva za podmazivanje - Nomis","robots":{"index":"index","follow":"follow","max-snippet":"max-snippet:-1","max-image-preview":"max-image-preview:large","max-video-preview":"max-video-preview:-1"},"canonical":"https:\/\/nomis.hr\/sr\/produkt\/sredstva-za-podmazivanje\/","og_locale":"sr_RS","og_type":"article","og_title":"Sredstva za podmazivanje - Nomis","og_description":"Lusin\u00ae maziva razvijena su posebno za izbacivala i vodilice u aplikacijama za injekcijsko brizganje plastike. Dugotrajni film koji ovo mazivo ostavlja dr\u017ei mehani\u010dke delove u pokretu i spre\u010dava lomljenje i zahva\u0107anje izbacivala, izbegavaju\u0107i pritom prenos maziva na odlivak. Lusin\u00ae maziva \u0161tite opremu od opasne korozije.   neagresivna sredstva koja ne ostavljaju trag  \u0161tite protiv korozije, spre\u010davaju blokade i zape\u010denost  za podmazivanje staza, vodilica, izbacivala, monta\u017eu kalupa  primena na temperaturama sve do 1200\u00b0C  NFS certifikat \u2013 dozvoljeno koristiti u prehrambenoj industriji","og_url":"https:\/\/nomis.hr\/sr\/produkt\/sredstva-za-podmazivanje\/","og_site_name":"Nomis","twitter_card":"summary_large_image","schema":{"@context":"https:\/\/schema.org","@graph":[{"@type":"WebPage","@id":"https:\/\/nomis.hr\/sr\/produkt\/sredstva-za-podmazivanje\/","url":"https:\/\/nomis.hr\/sr\/produkt\/sredstva-za-podmazivanje\/","name":"Sredstva za podmazivanje - Nomis","isPartOf":{"@id":"https:\/\/nomis.hr\/#website"},"datePublished":"2021-04-11T08:34:11+00:00","dateModified":"2021-04-11T08:34:11+00:00","breadcrumb":{"@id":"https:\/\/nomis.hr\/sr\/produkt\/sredstva-za-podmazivanje\/#breadcrumb"},"inLanguage":"sr-RS","potentialAction":[{"@type":"ReadAction","target":["https:\/\/nomis.hr\/sr\/produkt\/sredstva-za-podmazivanje\/"]}]},{"@type":"BreadcrumbList","@id":"https:\/\/nomis.hr\/sr\/produkt\/sredstva-za-podmazivanje\/#breadcrumb","itemListElement":[{"@type":"ListItem","position":1,"name":"Home","item":"https:\/\/nomis.hr\/sr\/"},{"@type":"ListItem","position":2,"name":"Katalog proizvoda","item":"https:\/\/nomis.hr\/sr\/katalog-proizvoda\/"},{"@type":"ListItem","position":3,"name":"Sredstva za podmazivanje"}]},{"@type":"WebSite","@id":"https:\/\/nomis.hr\/#website","url":"https:\/\/nomis.hr\/","name":"Nomis","description":"Sve za preradu polimera i metala na jednom mjestu!","publisher":{"@id":"https:\/\/nomis.hr\/#organization"},"potentialAction":[{"@type":"SearchAction","target":{"@type":"EntryPoint","urlTemplate":"https:\/\/nomis.hr\/?s={search_term_string}"},"query-input":"required name=search_term_string"}],"inLanguage":"sr-RS"},{"@type":"Organization","@id":"https:\/\/nomis.hr\/#organization","name":"Nomis","url":"https:\/\/nomis.hr\/","logo":{"@type":"ImageObject","inLanguage":"sr-RS","@id":"https:\/\/nomis.hr\/#\/schema\/logo\/image\/","url":"https:\/\/nomis.hr\/wp-content\/uploads\/2021\/03\/Nomis-logo-admin-login.png","contentUrl":"https:\/\/nomis.hr\/wp-content\/uploads\/2021\/03\/Nomis-logo-admin-login.png","width":640,"height":163,"caption":"Nomis"},"image":{"@id":"https:\/\/nomis.hr\/#\/schema\/logo\/image\/"}}]}},"_links":{"self":[{"href":"https:\/\/nomis.hr\/sr\/wp-json\/wp\/v2\/product\/4486"}],"collection":[{"href":"https:\/\/nomis.hr\/sr\/wp-json\/wp\/v2\/product"}],"about":[{"href":"https:\/\/nomis.hr\/sr\/wp-json\/wp\/v2\/types\/product"}],"wp:featuredmedia":[{"embeddable":true,"href":"https:\/\/nomis.hr\/sr\/wp-json\/wp\/v2\/media\/1345"}],"wp:attachment":[{"href":"https:\/\/nomis.hr\/sr\/wp-json\/wp\/v2\/media?parent=4486"}],"wp:term":[{"taxonomy":"product_cat","embeddable":true,"href":"https:\/\/nomis.hr\/sr\/wp-json\/wp\/v2\/product_cat?post=4486"},{"taxonomy":"product_tag","embeddable":true,"href":"https:\/\/nomis.hr\/sr\/wp-json\/wp\/v2\/product_tag?post=4486"}],"curies":[{"name":"wp","href":"https:\/\/api.w.org\/{rel}","templated":true}]}}