{"id":4489,"date":"2021-04-11T10:28:36","date_gmt":"2021-04-11T08:28:36","guid":{"rendered":"https:\/\/nomis.hr\/product\/sredstva-za-odvajanje\/"},"modified":"2021-04-11T10:28:36","modified_gmt":"2021-04-11T08:28:36","slug":"sredstva-za-odvajanje","status":"publish","type":"product","link":"https:\/\/nomis.hr\/sr\/produkt\/sredstva-za-odvajanje\/","title":{"rendered":"Sredstva za odvajanje"},"content":{"rendered":"","protected":false},"excerpt":{"rendered":"<p>Sredstva za odvajanje Lusin\u00ae Alro osiguravaju ukalupljivanje bez problema, \u0161tede vreme, skra\u0107uju vreme ciklusa, blaga su prema kalupima, smanjuju \u0161kartne komade i dostupna su kao formulacije bez silikona i na bazi silikona. Proizvodi bez silikona preporu\u010duju se za odlivke koji zahtevaju tretmane nakon oblikovanja kao \u0161to su bojanje, lepljenje ili utiskivanje. Sredstva za odvajanje na bazi silikona nude prednosti u dugim ciklusima i izvrsnim svojstvima otpu\u0161tanja.<\/p>\n<ul>\n<li>za lak\u0161e odvajanje komada iz alata<\/li>\n<li>sa i bez silikona<\/li>\n<li>dugotrajno delovanje (za velik broj komada)<\/li>\n<li>za razne vrste materijala i temperature<\/li>\n<li>NFS certifikat \u2013 dozvoljeno koristiti u prehrambenoj industriji<\/li>\n<\/ul>\n[fusion_table fusion_table_type=\"2\" fusion_table_rows=\"6\" fusion_table_columns=\"4\" hide_on_mobile=\"small-visibility,medium-visibility,large-visibility\" class=\"\" id=\"\" animation_type=\"\" animation_direction=\"left\" animation_speed=\"0.3\" animation_offset=\"\"]<\/p>\n<div class=\"table-1\">\n<table width=\"100%\">\n<thead>\n<tr>\n<th align=\"left\">Tip<\/th>\n<th align=\"left\">Osnovne karakteristike<\/th>\n<th align=\"left\">Proizvo\u0111a\u010d<\/th>\n<th align=\"left\">PDF<\/th>\n<\/tr>\n<\/thead>\n<tbody>\n<tr>\n<td align=\"left\">Lusin Alro OL 151<\/td>\n<td align=\"left\">Sprej 400ml, sredstvo za odvajanje bez silikona za termoplaste i za temperature do 150\u00b0C, vodotopljivi, \u0161irok raspon aplikacija<\/td>\n<td align=\"left\">Chem-Trend<\/td>\n<td align=\"center\">[fusion_fontawesome icon=\"fa-file-pdf fas\" size=\"\" flip=\"\" rotate=\"\" spin=\"no\" link=\"https:\/\/nomis.hr\/wp-content\/uploads\/2022\/05\/Chem-Trend-Lusin-Release.pdf\" linktarget=\"_blank\" alignment_medium=\"\" alignment_small=\"\" alignment=\"\" hide_on_mobile=\"small-visibility,medium-visibility,large-visibility\" sticky_display=\"normal,sticky\" class=\"\" id=\"\" margin_top=\"\" margin_right=\"\" margin_bottom=\"\" margin_left=\"\" iconcolor=\"var(--awb-color6)\" hue=\"\" saturation=\"\" lightness=\"\" alpha=\"\" iconcolor_hover=\"var(--awb-color4)\" circle=\"no\" bg_size=\"-1\" circlecolor=\"\" circlecolor_hover=\"\" circlebordersize=\"\" circlebordercolor=\"\" circlebordercolor_hover=\"\" border_radius_top_left=\"\" border_radius_top_right=\"\" border_radius_bottom_right=\"\" border_radius_bottom_left=\"\" icon_hover_type=\"\" animation_type=\"\" animation_direction=\"left\" animation_speed=\"0.3\" animation_offset=\"\"\/]<\/td>\n<\/tr>\n<tr>\n<td align=\"left\">Lusin Alro OL 153 S<\/td>\n<td align=\"left\">Sprej 400ml, univerzalno sredstvo za odvajanje sa silikonom za termoplaste, termoset i elastomere, za temperature do 150\u00b0C, prikladno i kao sredstvo za podmazivanje s pobolj\u0161anim svojstvima protiv trenja, bez boje i mirisa, \u0161irok raspon aplikacija<\/td>\n<td align=\"left\">Chem-Trend<\/td>\n<td align=\"center\">[fusion_fontawesome icon=\"fa-file-pdf fas\" size=\"\" flip=\"\" rotate=\"\" spin=\"no\" link=\"https:\/\/nomis.hr\/wp-content\/uploads\/2022\/05\/Chem-Trend-Lusin-Release.pdf\" linktarget=\"_blank\" alignment_medium=\"\" alignment_small=\"\" alignment=\"\" hide_on_mobile=\"small-visibility,medium-visibility,large-visibility\" sticky_display=\"normal,sticky\" class=\"\" id=\"\" margin_top=\"\" margin_right=\"\" margin_bottom=\"\" margin_left=\"\" iconcolor=\"var(--awb-color6)\" hue=\"\" saturation=\"\" lightness=\"\" alpha=\"\" iconcolor_hover=\"var(--awb-color4)\" circle=\"no\" bg_size=\"-1\" circlecolor=\"\" circlecolor_hover=\"\" circlebordersize=\"\" circlebordercolor=\"\" circlebordercolor_hover=\"\" border_radius_top_left=\"\" border_radius_top_right=\"\" border_radius_bottom_right=\"\" border_radius_bottom_left=\"\" icon_hover_type=\"\" animation_type=\"\" animation_direction=\"left\" animation_speed=\"0.3\" animation_offset=\"\"\/]<\/td>\n<\/tr>\n<tr>\n<td align=\"left\">Lusin Alro OL 141<\/td>\n<td align=\"left\">Sprej 400ml, sredstvo za odvajanje bez silikona za temperature do 140\u00b0C, za materijale sa smanjenom otpornosti loma u mediju (ESCR)<\/td>\n<td align=\"left\">Chem-Trend<\/td>\n<td align=\"center\">[fusion_fontawesome icon=\"fa-file-pdf fas\" size=\"\" flip=\"\" rotate=\"\" spin=\"no\" link=\"https:\/\/nomis.hr\/wp-content\/uploads\/2022\/05\/Chem-Trend-Lusin-Release.pdf\" linktarget=\"_blank\" alignment_medium=\"\" alignment_small=\"\" alignment=\"\" hide_on_mobile=\"small-visibility,medium-visibility,large-visibility\" sticky_display=\"normal,sticky\" class=\"\" id=\"\" margin_top=\"\" margin_right=\"\" margin_bottom=\"\" margin_left=\"\" iconcolor=\"var(--awb-color6)\" hue=\"\" saturation=\"\" lightness=\"\" alpha=\"\" iconcolor_hover=\"var(--awb-color4)\" circle=\"no\" bg_size=\"-1\" circlecolor=\"\" circlecolor_hover=\"\" circlebordersize=\"\" circlebordercolor=\"\" circlebordercolor_hover=\"\" border_radius_top_left=\"\" border_radius_top_right=\"\" border_radius_bottom_right=\"\" border_radius_bottom_left=\"\" icon_hover_type=\"\" animation_type=\"\" animation_direction=\"left\" animation_speed=\"0.3\" animation_offset=\"\"\/]<\/td>\n<\/tr>\n<tr>\n<td align=\"left\">Lusin Alro OL 202 F<\/td>\n<td align=\"left\">Sprej 400ml, sredstvo za odvajanje bez silikona za termoplaste i za temperature do 200\u00b0C, prikladno i kao sredstvo za podmazivanje s pobolj\u0161anim svojstvima protiv trenja, vodotopljivo, NSF certifikat<\/td>\n<td align=\"left\">Chem-Trend<\/td>\n<td align=\"center\">[fusion_fontawesome icon=\"fa-file-pdf fas\" size=\"\" flip=\"\" rotate=\"\" spin=\"no\" link=\"https:\/\/nomis.hr\/wp-content\/uploads\/2022\/05\/Chem-Trend-Lusin-Release.pdf\" linktarget=\"_blank\" alignment_medium=\"\" alignment_small=\"\" alignment=\"\" hide_on_mobile=\"small-visibility,medium-visibility,large-visibility\" sticky_display=\"normal,sticky\" class=\"\" id=\"\" margin_top=\"\" margin_right=\"\" margin_bottom=\"\" margin_left=\"\" iconcolor=\"var(--awb-color6)\" hue=\"\" saturation=\"\" lightness=\"\" alpha=\"\" iconcolor_hover=\"var(--awb-color4)\" circle=\"no\" bg_size=\"-1\" circlecolor=\"\" circlecolor_hover=\"\" circlebordersize=\"\" circlebordercolor=\"\" circlebordercolor_hover=\"\" border_radius_top_left=\"\" border_radius_top_right=\"\" border_radius_bottom_right=\"\" border_radius_bottom_left=\"\" icon_hover_type=\"\" animation_type=\"\" animation_direction=\"left\" animation_speed=\"0.3\" animation_offset=\"\"\/]<\/td>\n<\/tr>\n<tr>\n<td align=\"left\">Lusin Alro LL 261<\/td>\n<td align=\"left\">Sprej 400ml, sredstvo za odvajanje bez silikona bazirano na PTFE, za temperature do 260\u00b0C, prikladno i kao klizno sredstvo, \u0161irok raspon aplikacija<\/td>\n<td align=\"left\">Chem-Trend<\/td>\n<td align=\"center\">[fusion_fontawesome icon=\"fa-file-pdf fas\" size=\"\" flip=\"\" rotate=\"\" spin=\"no\" link=\"https:\/\/nomis.hr\/wp-content\/uploads\/2022\/05\/Chem-Trend-Lusin-Release.pdf\" linktarget=\"_blank\" alignment_medium=\"\" alignment_small=\"\" alignment=\"\" hide_on_mobile=\"small-visibility,medium-visibility,large-visibility\" sticky_display=\"normal,sticky\" class=\"\" id=\"\" margin_top=\"\" margin_right=\"\" margin_bottom=\"\" margin_left=\"\" iconcolor=\"var(--awb-color6)\" hue=\"\" saturation=\"\" lightness=\"\" alpha=\"\" iconcolor_hover=\"var(--awb-color4)\" circle=\"no\" bg_size=\"-1\" circlecolor=\"\" circlecolor_hover=\"\" circlebordersize=\"\" circlebordercolor=\"\" circlebordercolor_hover=\"\" border_radius_top_left=\"\" border_radius_top_right=\"\" border_radius_bottom_right=\"\" border_radius_bottom_left=\"\" icon_hover_type=\"\" animation_type=\"\" animation_direction=\"left\" animation_speed=\"0.3\" animation_offset=\"\"\/]<\/td>\n<\/tr>\n<tr>\n<td align=\"left\">Lusin Alro OL 201 S<\/td>\n<td align=\"left\">Sprej 400ml, vi\u0161enamjensko sredstvo za odvajanje sa silikonom, za temperature do 200\u00b0C<\/td>\n<td align=\"left\">Chem-Trend<\/td>\n<td align=\"center\">[fusion_fontawesome icon=\"fa-file-pdf fas\" size=\"\" flip=\"\" rotate=\"\" spin=\"no\" link=\"https:\/\/nomis.hr\/wp-content\/uploads\/2022\/05\/Chem-Trend-Lusin-Release.pdf\" linktarget=\"_blank\" alignment_medium=\"\" alignment_small=\"\" alignment=\"\" hide_on_mobile=\"small-visibility,medium-visibility,large-visibility\" sticky_display=\"normal,sticky\" class=\"\" id=\"\" margin_top=\"\" margin_right=\"\" margin_bottom=\"\" margin_left=\"\" iconcolor=\"var(--awb-color6)\" hue=\"\" saturation=\"\" lightness=\"\" alpha=\"\" iconcolor_hover=\"var(--awb-color4)\" circle=\"no\" bg_size=\"-1\" circlecolor=\"\" circlecolor_hover=\"\" circlebordersize=\"\" circlebordercolor=\"\" circlebordercolor_hover=\"\" border_radius_top_left=\"\" border_radius_top_right=\"\" border_radius_bottom_right=\"\" border_radius_bottom_left=\"\" icon_hover_type=\"\" animation_type=\"\" animation_direction=\"left\" animation_speed=\"0.3\" animation_offset=\"\"\/]<\/td>\n<\/tr>\n<\/tbody>\n<\/table>\n<\/div>\n<p>[\/fusion_table]\n","protected":false},"featured_media":4491,"template":"","meta":[],"product_brand":[],"product_cat":[289],"product_tag":[],"class_list":{"0":"post-4489","1":"product","2":"type-product","3":"status-publish","4":"has-post-thumbnail","6":"product_cat-pomocna-sredstva-sr","8":"first","9":"instock","10":"shipping-taxable","11":"product-type-simple"},"yoast_head":"<!-- This site is optimized with the Yoast SEO plugin v27.4 - https:\/\/yoast.com\/product\/yoast-seo-wordpress\/ -->\n<title>Sredstva za odvajanje - Nomis<\/title>\n<meta name=\"robots\" content=\"index, follow, max-snippet:-1, max-image-preview:large, max-video-preview:-1\" \/>\n<link rel=\"canonical\" href=\"https:\/\/nomis.hr\/sr\/produkt\/sredstva-za-odvajanje\/\" \/>\n<meta property=\"og:locale\" content=\"sr_RS\" \/>\n<meta property=\"og:type\" content=\"article\" \/>\n<meta property=\"og:title\" content=\"Sredstva za odvajanje - Nomis\" \/>\n<meta property=\"og:description\" content=\"Sredstva za odvajanje Lusin\u00ae Alro osiguravaju ukalupljivanje bez problema, \u0161tede vreme, skra\u0107uju vreme ciklusa, blaga su prema kalupima, smanjuju \u0161kartne komade i dostupna su kao formulacije bez silikona i na bazi silikona. Proizvodi bez silikona preporu\u010duju se za odlivke koji zahtevaju tretmane nakon oblikovanja kao \u0161to su bojanje, lepljenje ili utiskivanje. Sredstva za odvajanje na bazi silikona nude prednosti u dugim ciklusima i izvrsnim svojstvima otpu\u0161tanja.   za lak\u0161e odvajanje komada iz alata  sa i bez silikona  dugotrajno delovanje (za velik broj komada)  za razne vrste materijala i temperature  NFS certifikat \u2013 dozvoljeno koristiti u prehrambenoj industriji\" \/>\n<meta property=\"og:url\" content=\"https:\/\/nomis.hr\/sr\/produkt\/sredstva-za-odvajanje\/\" \/>\n<meta property=\"og:site_name\" content=\"Nomis\" \/>\n<meta property=\"og:image\" content=\"https:\/\/nomis.hr\/wp-content\/uploads\/2021\/04\/Lusin_Alro.jpg\" \/>\n\t<meta property=\"og:image:width\" content=\"1024\" \/>\n\t<meta property=\"og:image:height\" content=\"1024\" \/>\n\t<meta property=\"og:image:type\" content=\"image\/jpeg\" \/>\n<meta name=\"twitter:card\" content=\"summary_large_image\" \/>\n<script type=\"application\/ld+json\" class=\"yoast-schema-graph\">{\"@context\":\"https:\\\/\\\/schema.org\",\"@graph\":[{\"@type\":\"WebPage\",\"@id\":\"https:\\\/\\\/nomis.hr\\\/sr\\\/produkt\\\/sredstva-za-odvajanje\\\/\",\"url\":\"https:\\\/\\\/nomis.hr\\\/sr\\\/produkt\\\/sredstva-za-odvajanje\\\/\",\"name\":\"Sredstva za odvajanje - Nomis\",\"isPartOf\":{\"@id\":\"https:\\\/\\\/nomis.hr\\\/#website\"},\"primaryImageOfPage\":{\"@id\":\"https:\\\/\\\/nomis.hr\\\/sr\\\/produkt\\\/sredstva-za-odvajanje\\\/#primaryimage\"},\"image\":{\"@id\":\"https:\\\/\\\/nomis.hr\\\/sr\\\/produkt\\\/sredstva-za-odvajanje\\\/#primaryimage\"},\"thumbnailUrl\":\"https:\\\/\\\/nomis.hr\\\/wp-content\\\/uploads\\\/2021\\\/04\\\/Lusin_Alro.jpg\",\"datePublished\":\"2021-04-11T08:28:36+00:00\",\"breadcrumb\":{\"@id\":\"https:\\\/\\\/nomis.hr\\\/sr\\\/produkt\\\/sredstva-za-odvajanje\\\/#breadcrumb\"},\"inLanguage\":\"sr-RS\",\"potentialAction\":[{\"@type\":\"ReadAction\",\"target\":[\"https:\\\/\\\/nomis.hr\\\/sr\\\/produkt\\\/sredstva-za-odvajanje\\\/\"]}]},{\"@type\":\"ImageObject\",\"inLanguage\":\"sr-RS\",\"@id\":\"https:\\\/\\\/nomis.hr\\\/sr\\\/produkt\\\/sredstva-za-odvajanje\\\/#primaryimage\",\"url\":\"https:\\\/\\\/nomis.hr\\\/wp-content\\\/uploads\\\/2021\\\/04\\\/Lusin_Alro.jpg\",\"contentUrl\":\"https:\\\/\\\/nomis.hr\\\/wp-content\\\/uploads\\\/2021\\\/04\\\/Lusin_Alro.jpg\",\"width\":1024,\"height\":1024},{\"@type\":\"BreadcrumbList\",\"@id\":\"https:\\\/\\\/nomis.hr\\\/sr\\\/produkt\\\/sredstva-za-odvajanje\\\/#breadcrumb\",\"itemListElement\":[{\"@type\":\"ListItem\",\"position\":1,\"name\":\"Home\",\"item\":\"https:\\\/\\\/nomis.hr\\\/sr\\\/\"},{\"@type\":\"ListItem\",\"position\":2,\"name\":\"Katalog proizvoda\",\"item\":\"https:\\\/\\\/nomis.hr\\\/sr\\\/katalog-proizvoda\\\/\"},{\"@type\":\"ListItem\",\"position\":3,\"name\":\"Sredstva za odvajanje\"}]},{\"@type\":\"WebSite\",\"@id\":\"https:\\\/\\\/nomis.hr\\\/#website\",\"url\":\"https:\\\/\\\/nomis.hr\\\/\",\"name\":\"Nomis\",\"description\":\"Sve za preradu polimera i metala na jednom mjestu!\",\"publisher\":{\"@id\":\"https:\\\/\\\/nomis.hr\\\/#organization\"},\"potentialAction\":[{\"@type\":\"SearchAction\",\"target\":{\"@type\":\"EntryPoint\",\"urlTemplate\":\"https:\\\/\\\/nomis.hr\\\/?s={search_term_string}\"},\"query-input\":{\"@type\":\"PropertyValueSpecification\",\"valueRequired\":true,\"valueName\":\"search_term_string\"}}],\"inLanguage\":\"sr-RS\"},{\"@type\":\"Organization\",\"@id\":\"https:\\\/\\\/nomis.hr\\\/#organization\",\"name\":\"Nomis\",\"url\":\"https:\\\/\\\/nomis.hr\\\/\",\"logo\":{\"@type\":\"ImageObject\",\"inLanguage\":\"sr-RS\",\"@id\":\"https:\\\/\\\/nomis.hr\\\/#\\\/schema\\\/logo\\\/image\\\/\",\"url\":\"https:\\\/\\\/nomis.hr\\\/wp-content\\\/uploads\\\/2021\\\/03\\\/Nomis-logo-admin-login.png\",\"contentUrl\":\"https:\\\/\\\/nomis.hr\\\/wp-content\\\/uploads\\\/2021\\\/03\\\/Nomis-logo-admin-login.png\",\"width\":640,\"height\":163,\"caption\":\"Nomis\"},\"image\":{\"@id\":\"https:\\\/\\\/nomis.hr\\\/#\\\/schema\\\/logo\\\/image\\\/\"}}]}<\/script>\n<!-- \/ Yoast SEO plugin. -->","yoast_head_json":{"title":"Sredstva za odvajanje - Nomis","robots":{"index":"index","follow":"follow","max-snippet":"max-snippet:-1","max-image-preview":"max-image-preview:large","max-video-preview":"max-video-preview:-1"},"canonical":"https:\/\/nomis.hr\/sr\/produkt\/sredstva-za-odvajanje\/","og_locale":"sr_RS","og_type":"article","og_title":"Sredstva za odvajanje - Nomis","og_description":"Sredstva za odvajanje Lusin\u00ae Alro osiguravaju ukalupljivanje bez problema, \u0161tede vreme, skra\u0107uju vreme ciklusa, blaga su prema kalupima, smanjuju \u0161kartne komade i dostupna su kao formulacije bez silikona i na bazi silikona. Proizvodi bez silikona preporu\u010duju se za odlivke koji zahtevaju tretmane nakon oblikovanja kao \u0161to su bojanje, lepljenje ili utiskivanje. Sredstva za odvajanje na bazi silikona nude prednosti u dugim ciklusima i izvrsnim svojstvima otpu\u0161tanja.   za lak\u0161e odvajanje komada iz alata  sa i bez silikona  dugotrajno delovanje (za velik broj komada)  za razne vrste materijala i temperature  NFS certifikat \u2013 dozvoljeno koristiti u prehrambenoj industriji","og_url":"https:\/\/nomis.hr\/sr\/produkt\/sredstva-za-odvajanje\/","og_site_name":"Nomis","og_image":[{"width":1024,"height":1024,"url":"https:\/\/nomis.hr\/wp-content\/uploads\/2021\/04\/Lusin_Alro.jpg","type":"image\/jpeg"}],"twitter_card":"summary_large_image","schema":{"@context":"https:\/\/schema.org","@graph":[{"@type":"WebPage","@id":"https:\/\/nomis.hr\/sr\/produkt\/sredstva-za-odvajanje\/","url":"https:\/\/nomis.hr\/sr\/produkt\/sredstva-za-odvajanje\/","name":"Sredstva za odvajanje - Nomis","isPartOf":{"@id":"https:\/\/nomis.hr\/#website"},"primaryImageOfPage":{"@id":"https:\/\/nomis.hr\/sr\/produkt\/sredstva-za-odvajanje\/#primaryimage"},"image":{"@id":"https:\/\/nomis.hr\/sr\/produkt\/sredstva-za-odvajanje\/#primaryimage"},"thumbnailUrl":"https:\/\/nomis.hr\/wp-content\/uploads\/2021\/04\/Lusin_Alro.jpg","datePublished":"2021-04-11T08:28:36+00:00","breadcrumb":{"@id":"https:\/\/nomis.hr\/sr\/produkt\/sredstva-za-odvajanje\/#breadcrumb"},"inLanguage":"sr-RS","potentialAction":[{"@type":"ReadAction","target":["https:\/\/nomis.hr\/sr\/produkt\/sredstva-za-odvajanje\/"]}]},{"@type":"ImageObject","inLanguage":"sr-RS","@id":"https:\/\/nomis.hr\/sr\/produkt\/sredstva-za-odvajanje\/#primaryimage","url":"https:\/\/nomis.hr\/wp-content\/uploads\/2021\/04\/Lusin_Alro.jpg","contentUrl":"https:\/\/nomis.hr\/wp-content\/uploads\/2021\/04\/Lusin_Alro.jpg","width":1024,"height":1024},{"@type":"BreadcrumbList","@id":"https:\/\/nomis.hr\/sr\/produkt\/sredstva-za-odvajanje\/#breadcrumb","itemListElement":[{"@type":"ListItem","position":1,"name":"Home","item":"https:\/\/nomis.hr\/sr\/"},{"@type":"ListItem","position":2,"name":"Katalog proizvoda","item":"https:\/\/nomis.hr\/sr\/katalog-proizvoda\/"},{"@type":"ListItem","position":3,"name":"Sredstva za odvajanje"}]},{"@type":"WebSite","@id":"https:\/\/nomis.hr\/#website","url":"https:\/\/nomis.hr\/","name":"Nomis","description":"Sve za preradu polimera i metala na jednom mjestu!","publisher":{"@id":"https:\/\/nomis.hr\/#organization"},"potentialAction":[{"@type":"SearchAction","target":{"@type":"EntryPoint","urlTemplate":"https:\/\/nomis.hr\/?s={search_term_string}"},"query-input":{"@type":"PropertyValueSpecification","valueRequired":true,"valueName":"search_term_string"}}],"inLanguage":"sr-RS"},{"@type":"Organization","@id":"https:\/\/nomis.hr\/#organization","name":"Nomis","url":"https:\/\/nomis.hr\/","logo":{"@type":"ImageObject","inLanguage":"sr-RS","@id":"https:\/\/nomis.hr\/#\/schema\/logo\/image\/","url":"https:\/\/nomis.hr\/wp-content\/uploads\/2021\/03\/Nomis-logo-admin-login.png","contentUrl":"https:\/\/nomis.hr\/wp-content\/uploads\/2021\/03\/Nomis-logo-admin-login.png","width":640,"height":163,"caption":"Nomis"},"image":{"@id":"https:\/\/nomis.hr\/#\/schema\/logo\/image\/"}}]}},"_links":{"self":[{"href":"https:\/\/nomis.hr\/sr\/wp-json\/wp\/v2\/product\/4489","targetHints":{"allow":["GET"]}}],"collection":[{"href":"https:\/\/nomis.hr\/sr\/wp-json\/wp\/v2\/product"}],"about":[{"href":"https:\/\/nomis.hr\/sr\/wp-json\/wp\/v2\/types\/product"}],"wp:featuredmedia":[{"embeddable":true,"href":"https:\/\/nomis.hr\/sr\/wp-json\/wp\/v2\/media\/4491"}],"wp:attachment":[{"href":"https:\/\/nomis.hr\/sr\/wp-json\/wp\/v2\/media?parent=4489"}],"wp:term":[{"taxonomy":"product_brand","embeddable":true,"href":"https:\/\/nomis.hr\/sr\/wp-json\/wp\/v2\/product_brand?post=4489"},{"taxonomy":"product_cat","embeddable":true,"href":"https:\/\/nomis.hr\/sr\/wp-json\/wp\/v2\/product_cat?post=4489"},{"taxonomy":"product_tag","embeddable":true,"href":"https:\/\/nomis.hr\/sr\/wp-json\/wp\/v2\/product_tag?post=4489"}],"curies":[{"name":"wp","href":"https:\/\/api.w.org\/{rel}","templated":true}]}}