{"id":4550,"date":"2021-04-11T12:20:25","date_gmt":"2021-04-11T10:20:25","guid":{"rendered":"https:\/\/nomis.hr\/product\/automatska-distribucija-dlf-dolphin-sistem\/"},"modified":"2021-04-11T12:20:25","modified_gmt":"2021-04-11T10:20:25","slug":"automatska-distribucija-dlf-dolphin-sistem","status":"publish","type":"product","link":"https:\/\/nomis.hr\/sr\/produkt\/automatska-distribucija-dlf-dolphin-sistem\/","title":{"rendered":"Automatska distribucija \u2013 DLF Dolphin sistem"},"content":{"rendered":"","protected":false},"excerpt":{"rendered":"<p>DOLPHIN sistem je automatski sistem razvijen za distribuciju materijala do ma\u0161ine za preradu unutar proizvodnog pogona. Sistem se sastoji od nezavisnih mehani\u010dkih ruku pokretanih od strane pneumatskog cilindra sa vremenom reakcije od 0,5 s. Mogu\u0107nost isporuke modela sa 2 \u2013 36 ulaza\/izlaza.<\/p>\n<p>Glavne karakteristike:<\/p>\n<ul>\n<li>Maksimalna fleksibilnost<\/li>\n<li>Investicija po meri<\/li>\n<\/ul>\n","protected":false},"featured_media":1360,"template":"","meta":[],"product_cat":[249,248,204],"product_tag":[],"yoast_head":"<!-- This site is optimized with the Yoast SEO plugin v21.3 - https:\/\/yoast.com\/wordpress\/plugins\/seo\/ -->\n<title>Automatska distribucija \u2013 DLF Dolphin sistem - Nomis<\/title>\n<meta name=\"robots\" content=\"index, follow, max-snippet:-1, max-image-preview:large, max-video-preview:-1\" \/>\n<link rel=\"canonical\" href=\"https:\/\/nomis.hr\/sr\/produkt\/automatska-distribucija-dlf-dolphin-sistem\/\" \/>\n<meta property=\"og:locale\" content=\"sr_RS\" \/>\n<meta property=\"og:type\" content=\"article\" \/>\n<meta property=\"og:title\" content=\"Automatska distribucija \u2013 DLF Dolphin sistem - Nomis\" \/>\n<meta property=\"og:description\" content=\"DOLPHIN sistem je automatski sistem razvijen za distribuciju materijala do ma\u0161ine za preradu unutar proizvodnog pogona. Sistem se sastoji od nezavisnih mehani\u010dkih ruku pokretanih od strane pneumatskog cilindra sa vremenom reakcije od 0,5 s. Mogu\u0107nost isporuke modela sa 2 \u2013 36 ulaza\/izlaza.  Glavne karakteristike:   Maksimalna fleksibilnost  Investicija po meri\" \/>\n<meta property=\"og:url\" content=\"https:\/\/nomis.hr\/sr\/produkt\/automatska-distribucija-dlf-dolphin-sistem\/\" \/>\n<meta property=\"og:site_name\" content=\"Nomis\" \/>\n<meta name=\"twitter:card\" content=\"summary_large_image\" \/>\n<script type=\"application\/ld+json\" class=\"yoast-schema-graph\">{\"@context\":\"https:\/\/schema.org\",\"@graph\":[{\"@type\":\"WebPage\",\"@id\":\"https:\/\/nomis.hr\/sr\/produkt\/automatska-distribucija-dlf-dolphin-sistem\/\",\"url\":\"https:\/\/nomis.hr\/sr\/produkt\/automatska-distribucija-dlf-dolphin-sistem\/\",\"name\":\"Automatska distribucija \u2013 DLF Dolphin sistem - Nomis\",\"isPartOf\":{\"@id\":\"https:\/\/nomis.hr\/#website\"},\"datePublished\":\"2021-04-11T10:20:25+00:00\",\"dateModified\":\"2021-04-11T10:20:25+00:00\",\"breadcrumb\":{\"@id\":\"https:\/\/nomis.hr\/sr\/produkt\/automatska-distribucija-dlf-dolphin-sistem\/#breadcrumb\"},\"inLanguage\":\"sr-RS\",\"potentialAction\":[{\"@type\":\"ReadAction\",\"target\":[\"https:\/\/nomis.hr\/sr\/produkt\/automatska-distribucija-dlf-dolphin-sistem\/\"]}]},{\"@type\":\"BreadcrumbList\",\"@id\":\"https:\/\/nomis.hr\/sr\/produkt\/automatska-distribucija-dlf-dolphin-sistem\/#breadcrumb\",\"itemListElement\":[{\"@type\":\"ListItem\",\"position\":1,\"name\":\"Home\",\"item\":\"https:\/\/nomis.hr\/sr\/\"},{\"@type\":\"ListItem\",\"position\":2,\"name\":\"Katalog proizvoda\",\"item\":\"https:\/\/nomis.hr\/sr\/katalog-proizvoda\/\"},{\"@type\":\"ListItem\",\"position\":3,\"name\":\"Automatska distribucija \u2013 DLF Dolphin sistem\"}]},{\"@type\":\"WebSite\",\"@id\":\"https:\/\/nomis.hr\/#website\",\"url\":\"https:\/\/nomis.hr\/\",\"name\":\"Nomis\",\"description\":\"Sve za preradu polimera i metala na jednom mjestu!\",\"publisher\":{\"@id\":\"https:\/\/nomis.hr\/#organization\"},\"potentialAction\":[{\"@type\":\"SearchAction\",\"target\":{\"@type\":\"EntryPoint\",\"urlTemplate\":\"https:\/\/nomis.hr\/?s={search_term_string}\"},\"query-input\":\"required name=search_term_string\"}],\"inLanguage\":\"sr-RS\"},{\"@type\":\"Organization\",\"@id\":\"https:\/\/nomis.hr\/#organization\",\"name\":\"Nomis\",\"url\":\"https:\/\/nomis.hr\/\",\"logo\":{\"@type\":\"ImageObject\",\"inLanguage\":\"sr-RS\",\"@id\":\"https:\/\/nomis.hr\/#\/schema\/logo\/image\/\",\"url\":\"https:\/\/nomis.hr\/wp-content\/uploads\/2021\/03\/Nomis-logo-admin-login.png\",\"contentUrl\":\"https:\/\/nomis.hr\/wp-content\/uploads\/2021\/03\/Nomis-logo-admin-login.png\",\"width\":640,\"height\":163,\"caption\":\"Nomis\"},\"image\":{\"@id\":\"https:\/\/nomis.hr\/#\/schema\/logo\/image\/\"}}]}<\/script>\n<!-- \/ Yoast SEO plugin. -->","yoast_head_json":{"title":"Automatska distribucija \u2013 DLF Dolphin sistem - Nomis","robots":{"index":"index","follow":"follow","max-snippet":"max-snippet:-1","max-image-preview":"max-image-preview:large","max-video-preview":"max-video-preview:-1"},"canonical":"https:\/\/nomis.hr\/sr\/produkt\/automatska-distribucija-dlf-dolphin-sistem\/","og_locale":"sr_RS","og_type":"article","og_title":"Automatska distribucija \u2013 DLF Dolphin sistem - Nomis","og_description":"DOLPHIN sistem je automatski sistem razvijen za distribuciju materijala do ma\u0161ine za preradu unutar proizvodnog pogona. Sistem se sastoji od nezavisnih mehani\u010dkih ruku pokretanih od strane pneumatskog cilindra sa vremenom reakcije od 0,5 s. Mogu\u0107nost isporuke modela sa 2 \u2013 36 ulaza\/izlaza.  Glavne karakteristike:   Maksimalna fleksibilnost  Investicija po meri","og_url":"https:\/\/nomis.hr\/sr\/produkt\/automatska-distribucija-dlf-dolphin-sistem\/","og_site_name":"Nomis","twitter_card":"summary_large_image","schema":{"@context":"https:\/\/schema.org","@graph":[{"@type":"WebPage","@id":"https:\/\/nomis.hr\/sr\/produkt\/automatska-distribucija-dlf-dolphin-sistem\/","url":"https:\/\/nomis.hr\/sr\/produkt\/automatska-distribucija-dlf-dolphin-sistem\/","name":"Automatska distribucija \u2013 DLF Dolphin sistem - Nomis","isPartOf":{"@id":"https:\/\/nomis.hr\/#website"},"datePublished":"2021-04-11T10:20:25+00:00","dateModified":"2021-04-11T10:20:25+00:00","breadcrumb":{"@id":"https:\/\/nomis.hr\/sr\/produkt\/automatska-distribucija-dlf-dolphin-sistem\/#breadcrumb"},"inLanguage":"sr-RS","potentialAction":[{"@type":"ReadAction","target":["https:\/\/nomis.hr\/sr\/produkt\/automatska-distribucija-dlf-dolphin-sistem\/"]}]},{"@type":"BreadcrumbList","@id":"https:\/\/nomis.hr\/sr\/produkt\/automatska-distribucija-dlf-dolphin-sistem\/#breadcrumb","itemListElement":[{"@type":"ListItem","position":1,"name":"Home","item":"https:\/\/nomis.hr\/sr\/"},{"@type":"ListItem","position":2,"name":"Katalog proizvoda","item":"https:\/\/nomis.hr\/sr\/katalog-proizvoda\/"},{"@type":"ListItem","position":3,"name":"Automatska distribucija \u2013 DLF Dolphin sistem"}]},{"@type":"WebSite","@id":"https:\/\/nomis.hr\/#website","url":"https:\/\/nomis.hr\/","name":"Nomis","description":"Sve za preradu polimera i metala na jednom mjestu!","publisher":{"@id":"https:\/\/nomis.hr\/#organization"},"potentialAction":[{"@type":"SearchAction","target":{"@type":"EntryPoint","urlTemplate":"https:\/\/nomis.hr\/?s={search_term_string}"},"query-input":"required name=search_term_string"}],"inLanguage":"sr-RS"},{"@type":"Organization","@id":"https:\/\/nomis.hr\/#organization","name":"Nomis","url":"https:\/\/nomis.hr\/","logo":{"@type":"ImageObject","inLanguage":"sr-RS","@id":"https:\/\/nomis.hr\/#\/schema\/logo\/image\/","url":"https:\/\/nomis.hr\/wp-content\/uploads\/2021\/03\/Nomis-logo-admin-login.png","contentUrl":"https:\/\/nomis.hr\/wp-content\/uploads\/2021\/03\/Nomis-logo-admin-login.png","width":640,"height":163,"caption":"Nomis"},"image":{"@id":"https:\/\/nomis.hr\/#\/schema\/logo\/image\/"}}]}},"_links":{"self":[{"href":"https:\/\/nomis.hr\/sr\/wp-json\/wp\/v2\/product\/4550"}],"collection":[{"href":"https:\/\/nomis.hr\/sr\/wp-json\/wp\/v2\/product"}],"about":[{"href":"https:\/\/nomis.hr\/sr\/wp-json\/wp\/v2\/types\/product"}],"wp:featuredmedia":[{"embeddable":true,"href":"https:\/\/nomis.hr\/sr\/wp-json\/wp\/v2\/media\/1360"}],"wp:attachment":[{"href":"https:\/\/nomis.hr\/sr\/wp-json\/wp\/v2\/media?parent=4550"}],"wp:term":[{"taxonomy":"product_cat","embeddable":true,"href":"https:\/\/nomis.hr\/sr\/wp-json\/wp\/v2\/product_cat?post=4550"},{"taxonomy":"product_tag","embeddable":true,"href":"https:\/\/nomis.hr\/sr\/wp-json\/wp\/v2\/product_tag?post=4550"}],"curies":[{"name":"wp","href":"https:\/\/api.w.org\/{rel}","templated":true}]}}