{"id":4552,"date":"2021-04-11T12:21:25","date_gmt":"2021-04-11T10:21:25","guid":{"rendered":"https:\/\/nomis.hr\/product\/rucna-distribucija-tlc-sistem\/"},"modified":"2021-04-11T12:21:25","modified_gmt":"2021-04-11T10:21:25","slug":"rucna-distribucija-tlc-sistem","status":"publish","type":"product","link":"https:\/\/nomis.hr\/sr\/produkt\/rucna-distribucija-tlc-sistem\/","title":{"rendered":"Ru\u010dna distribucija &#8211; TLC sistem"},"content":{"rendered":"","protected":false},"excerpt":{"rendered":"<p>TLC ru\u010dni sistem je razvijen za centralizovane sisteme dopreme materijala gde radnik ru\u010dno prespaja dopremu pojedinog materijala do specifi\u010dne ma\u0161ine prema potrebi. Sastoji se od modularnog okvira koji omogu\u0107uje naknadnu nadogradnju sistema, te je opremljen ner\u0111aju\u0107im cevima sa vi\u0161e izlaza na kojima se nalaze brze spojnice za brzo i jednostavno prespajanje izlaza prema ma\u0161inama. Mogu\u0107e je dopremati jedan materijal iz istog spremnika na vi\u0161e ma\u0161ina istovremeno.<\/p>\n<p>Glavne karakteristike:<\/p>\n<ul>\n<li>Modularnost<\/li>\n<li>Brze spojnice<\/li>\n<li>Lak\u0161i protok materijala<\/li>\n<\/ul>\n","protected":false},"featured_media":1367,"template":"","meta":[],"product_brand":[],"product_cat":[249,248,204],"product_tag":[],"class_list":{"0":"post-4552","1":"product","2":"type-product","3":"status-publish","4":"has-post-thumbnail","6":"product_cat-dobava-materijala-sr","7":"product_cat-moretto-sr","8":"product_cat-oprema-sr","10":"first","11":"instock","12":"shipping-taxable","13":"product-type-simple"},"yoast_head":"<!-- This site is optimized with the Yoast SEO plugin v27.4 - https:\/\/yoast.com\/product\/yoast-seo-wordpress\/ -->\n<title>Ru\u010dna distribucija - TLC sistem - Nomis<\/title>\n<meta name=\"robots\" content=\"index, follow, max-snippet:-1, max-image-preview:large, max-video-preview:-1\" \/>\n<link rel=\"canonical\" href=\"https:\/\/nomis.hr\/sr\/produkt\/rucna-distribucija-tlc-sistem\/\" \/>\n<meta property=\"og:locale\" content=\"sr_RS\" \/>\n<meta property=\"og:type\" content=\"article\" \/>\n<meta property=\"og:title\" content=\"Ru\u010dna distribucija - TLC sistem - Nomis\" \/>\n<meta property=\"og:description\" content=\"TLC ru\u010dni sistem je razvijen za centralizovane sisteme dopreme materijala gde radnik ru\u010dno prespaja dopremu pojedinog materijala do specifi\u010dne ma\u0161ine prema potrebi. Sastoji se od modularnog okvira koji omogu\u0107uje naknadnu nadogradnju sistema, te je opremljen ner\u0111aju\u0107im cevima sa vi\u0161e izlaza na kojima se nalaze brze spojnice za brzo i jednostavno prespajanje izlaza prema ma\u0161inama. Mogu\u0107e je dopremati jedan materijal iz istog spremnika na vi\u0161e ma\u0161ina istovremeno.  Glavne karakteristike:   Modularnost  Brze spojnice  Lak\u0161i protok materijala\" \/>\n<meta property=\"og:url\" content=\"https:\/\/nomis.hr\/sr\/produkt\/rucna-distribucija-tlc-sistem\/\" \/>\n<meta property=\"og:site_name\" content=\"Nomis\" \/>\n<meta name=\"twitter:card\" content=\"summary_large_image\" \/>\n<script type=\"application\/ld+json\" class=\"yoast-schema-graph\">{\"@context\":\"https:\\\/\\\/schema.org\",\"@graph\":[{\"@type\":\"WebPage\",\"@id\":\"https:\\\/\\\/nomis.hr\\\/sr\\\/produkt\\\/rucna-distribucija-tlc-sistem\\\/\",\"url\":\"https:\\\/\\\/nomis.hr\\\/sr\\\/produkt\\\/rucna-distribucija-tlc-sistem\\\/\",\"name\":\"Ru\u010dna distribucija - TLC sistem - Nomis\",\"isPartOf\":{\"@id\":\"https:\\\/\\\/nomis.hr\\\/#website\"},\"primaryImageOfPage\":{\"@id\":\"https:\\\/\\\/nomis.hr\\\/sr\\\/produkt\\\/rucna-distribucija-tlc-sistem\\\/#primaryimage\"},\"image\":{\"@id\":\"https:\\\/\\\/nomis.hr\\\/sr\\\/produkt\\\/rucna-distribucija-tlc-sistem\\\/#primaryimage\"},\"thumbnailUrl\":\"https:\\\/\\\/nomis.hr\\\/wp-content\\\/uploads\\\/2021\\\/04\\\/TLC-sustav.jpg\",\"datePublished\":\"2021-04-11T10:21:25+00:00\",\"breadcrumb\":{\"@id\":\"https:\\\/\\\/nomis.hr\\\/sr\\\/produkt\\\/rucna-distribucija-tlc-sistem\\\/#breadcrumb\"},\"inLanguage\":\"sr-RS\",\"potentialAction\":[{\"@type\":\"ReadAction\",\"target\":[\"https:\\\/\\\/nomis.hr\\\/sr\\\/produkt\\\/rucna-distribucija-tlc-sistem\\\/\"]}]},{\"@type\":\"ImageObject\",\"inLanguage\":\"sr-RS\",\"@id\":\"https:\\\/\\\/nomis.hr\\\/sr\\\/produkt\\\/rucna-distribucija-tlc-sistem\\\/#primaryimage\",\"url\":\"https:\\\/\\\/nomis.hr\\\/wp-content\\\/uploads\\\/2021\\\/04\\\/TLC-sustav.jpg\",\"contentUrl\":\"https:\\\/\\\/nomis.hr\\\/wp-content\\\/uploads\\\/2021\\\/04\\\/TLC-sustav.jpg\",\"width\":1024,\"height\":1024},{\"@type\":\"BreadcrumbList\",\"@id\":\"https:\\\/\\\/nomis.hr\\\/sr\\\/produkt\\\/rucna-distribucija-tlc-sistem\\\/#breadcrumb\",\"itemListElement\":[{\"@type\":\"ListItem\",\"position\":1,\"name\":\"Home\",\"item\":\"https:\\\/\\\/nomis.hr\\\/sr\\\/\"},{\"@type\":\"ListItem\",\"position\":2,\"name\":\"Katalog proizvoda\",\"item\":\"https:\\\/\\\/nomis.hr\\\/sr\\\/katalog-proizvoda\\\/\"},{\"@type\":\"ListItem\",\"position\":3,\"name\":\"Ru\u010dna distribucija &#8211; TLC sistem\"}]},{\"@type\":\"WebSite\",\"@id\":\"https:\\\/\\\/nomis.hr\\\/#website\",\"url\":\"https:\\\/\\\/nomis.hr\\\/\",\"name\":\"Nomis\",\"description\":\"Sve za preradu polimera i metala na jednom mjestu!\",\"publisher\":{\"@id\":\"https:\\\/\\\/nomis.hr\\\/#organization\"},\"potentialAction\":[{\"@type\":\"SearchAction\",\"target\":{\"@type\":\"EntryPoint\",\"urlTemplate\":\"https:\\\/\\\/nomis.hr\\\/?s={search_term_string}\"},\"query-input\":{\"@type\":\"PropertyValueSpecification\",\"valueRequired\":true,\"valueName\":\"search_term_string\"}}],\"inLanguage\":\"sr-RS\"},{\"@type\":\"Organization\",\"@id\":\"https:\\\/\\\/nomis.hr\\\/#organization\",\"name\":\"Nomis\",\"url\":\"https:\\\/\\\/nomis.hr\\\/\",\"logo\":{\"@type\":\"ImageObject\",\"inLanguage\":\"sr-RS\",\"@id\":\"https:\\\/\\\/nomis.hr\\\/#\\\/schema\\\/logo\\\/image\\\/\",\"url\":\"https:\\\/\\\/nomis.hr\\\/wp-content\\\/uploads\\\/2021\\\/03\\\/Nomis-logo-admin-login.png\",\"contentUrl\":\"https:\\\/\\\/nomis.hr\\\/wp-content\\\/uploads\\\/2021\\\/03\\\/Nomis-logo-admin-login.png\",\"width\":640,\"height\":163,\"caption\":\"Nomis\"},\"image\":{\"@id\":\"https:\\\/\\\/nomis.hr\\\/#\\\/schema\\\/logo\\\/image\\\/\"}}]}<\/script>\n<!-- \/ Yoast SEO plugin. -->","yoast_head_json":{"title":"Ru\u010dna distribucija - TLC sistem - Nomis","robots":{"index":"index","follow":"follow","max-snippet":"max-snippet:-1","max-image-preview":"max-image-preview:large","max-video-preview":"max-video-preview:-1"},"canonical":"https:\/\/nomis.hr\/sr\/produkt\/rucna-distribucija-tlc-sistem\/","og_locale":"sr_RS","og_type":"article","og_title":"Ru\u010dna distribucija - TLC sistem - Nomis","og_description":"TLC ru\u010dni sistem je razvijen za centralizovane sisteme dopreme materijala gde radnik ru\u010dno prespaja dopremu pojedinog materijala do specifi\u010dne ma\u0161ine prema potrebi. Sastoji se od modularnog okvira koji omogu\u0107uje naknadnu nadogradnju sistema, te je opremljen ner\u0111aju\u0107im cevima sa vi\u0161e izlaza na kojima se nalaze brze spojnice za brzo i jednostavno prespajanje izlaza prema ma\u0161inama. Mogu\u0107e je dopremati jedan materijal iz istog spremnika na vi\u0161e ma\u0161ina istovremeno.  Glavne karakteristike:   Modularnost  Brze spojnice  Lak\u0161i protok materijala","og_url":"https:\/\/nomis.hr\/sr\/produkt\/rucna-distribucija-tlc-sistem\/","og_site_name":"Nomis","twitter_card":"summary_large_image","schema":{"@context":"https:\/\/schema.org","@graph":[{"@type":"WebPage","@id":"https:\/\/nomis.hr\/sr\/produkt\/rucna-distribucija-tlc-sistem\/","url":"https:\/\/nomis.hr\/sr\/produkt\/rucna-distribucija-tlc-sistem\/","name":"Ru\u010dna distribucija - TLC sistem - Nomis","isPartOf":{"@id":"https:\/\/nomis.hr\/#website"},"primaryImageOfPage":{"@id":"https:\/\/nomis.hr\/sr\/produkt\/rucna-distribucija-tlc-sistem\/#primaryimage"},"image":{"@id":"https:\/\/nomis.hr\/sr\/produkt\/rucna-distribucija-tlc-sistem\/#primaryimage"},"thumbnailUrl":"https:\/\/nomis.hr\/wp-content\/uploads\/2021\/04\/TLC-sustav.jpg","datePublished":"2021-04-11T10:21:25+00:00","breadcrumb":{"@id":"https:\/\/nomis.hr\/sr\/produkt\/rucna-distribucija-tlc-sistem\/#breadcrumb"},"inLanguage":"sr-RS","potentialAction":[{"@type":"ReadAction","target":["https:\/\/nomis.hr\/sr\/produkt\/rucna-distribucija-tlc-sistem\/"]}]},{"@type":"ImageObject","inLanguage":"sr-RS","@id":"https:\/\/nomis.hr\/sr\/produkt\/rucna-distribucija-tlc-sistem\/#primaryimage","url":"https:\/\/nomis.hr\/wp-content\/uploads\/2021\/04\/TLC-sustav.jpg","contentUrl":"https:\/\/nomis.hr\/wp-content\/uploads\/2021\/04\/TLC-sustav.jpg","width":1024,"height":1024},{"@type":"BreadcrumbList","@id":"https:\/\/nomis.hr\/sr\/produkt\/rucna-distribucija-tlc-sistem\/#breadcrumb","itemListElement":[{"@type":"ListItem","position":1,"name":"Home","item":"https:\/\/nomis.hr\/sr\/"},{"@type":"ListItem","position":2,"name":"Katalog proizvoda","item":"https:\/\/nomis.hr\/sr\/katalog-proizvoda\/"},{"@type":"ListItem","position":3,"name":"Ru\u010dna distribucija &#8211; TLC sistem"}]},{"@type":"WebSite","@id":"https:\/\/nomis.hr\/#website","url":"https:\/\/nomis.hr\/","name":"Nomis","description":"Sve za preradu polimera i metala na jednom mjestu!","publisher":{"@id":"https:\/\/nomis.hr\/#organization"},"potentialAction":[{"@type":"SearchAction","target":{"@type":"EntryPoint","urlTemplate":"https:\/\/nomis.hr\/?s={search_term_string}"},"query-input":{"@type":"PropertyValueSpecification","valueRequired":true,"valueName":"search_term_string"}}],"inLanguage":"sr-RS"},{"@type":"Organization","@id":"https:\/\/nomis.hr\/#organization","name":"Nomis","url":"https:\/\/nomis.hr\/","logo":{"@type":"ImageObject","inLanguage":"sr-RS","@id":"https:\/\/nomis.hr\/#\/schema\/logo\/image\/","url":"https:\/\/nomis.hr\/wp-content\/uploads\/2021\/03\/Nomis-logo-admin-login.png","contentUrl":"https:\/\/nomis.hr\/wp-content\/uploads\/2021\/03\/Nomis-logo-admin-login.png","width":640,"height":163,"caption":"Nomis"},"image":{"@id":"https:\/\/nomis.hr\/#\/schema\/logo\/image\/"}}]}},"_links":{"self":[{"href":"https:\/\/nomis.hr\/sr\/wp-json\/wp\/v2\/product\/4552","targetHints":{"allow":["GET"]}}],"collection":[{"href":"https:\/\/nomis.hr\/sr\/wp-json\/wp\/v2\/product"}],"about":[{"href":"https:\/\/nomis.hr\/sr\/wp-json\/wp\/v2\/types\/product"}],"wp:featuredmedia":[{"embeddable":true,"href":"https:\/\/nomis.hr\/sr\/wp-json\/wp\/v2\/media\/1367"}],"wp:attachment":[{"href":"https:\/\/nomis.hr\/sr\/wp-json\/wp\/v2\/media?parent=4552"}],"wp:term":[{"taxonomy":"product_brand","embeddable":true,"href":"https:\/\/nomis.hr\/sr\/wp-json\/wp\/v2\/product_brand?post=4552"},{"taxonomy":"product_cat","embeddable":true,"href":"https:\/\/nomis.hr\/sr\/wp-json\/wp\/v2\/product_cat?post=4552"},{"taxonomy":"product_tag","embeddable":true,"href":"https:\/\/nomis.hr\/sr\/wp-json\/wp\/v2\/product_tag?post=4552"}],"curies":[{"name":"wp","href":"https:\/\/api.w.org\/{rel}","templated":true}]}}