{"id":5220,"date":"2022-05-05T12:06:53","date_gmt":"2022-05-05T10:06:53","guid":{"rendered":"https:\/\/nomis.hr\/product\/weco\/"},"modified":"2022-05-05T12:06:53","modified_gmt":"2022-05-05T10:06:53","slug":"weco","status":"publish","type":"product","link":"https:\/\/nomis.hr\/sr\/produkt\/weco\/","title":{"rendered":"Weco"},"content":{"rendered":"","protected":false},"excerpt":{"rendered":"<p>Koncept vazduha i kompresora.<\/p>\n<p>Rashladni ure\u0111aji hla\u0111eni vazduhom\/vodom do 380 kW nominalni kapacitet hla\u0111enja.<\/p>\n<p>Kori\u0161tenjem sna\u017enih kompresora u kombinaciji s drugim pre- dimenzioniranim komponentama rashladnog kruga posti\u017ee se visok nivo u\u010dinkovitosti. To rezultuje niskim tro\u0161kovima rada, visokom radnom pouzdano\u0161\u0107u i dugim vekom trajanja rashladnog ure\u0111aja.<\/p>\n<p>Glavne karakteristike:<\/p>\n<ul>\n<li>Novi koncept ventilatora<\/li>\n<li>Kompaktna konfiguracija<\/li>\n<li>Korisni\u010dki interfejs osetljiv na dodir<\/li>\n<li>Smanjeni operativni tro\u0161kovi<\/li>\n<li>Jednostavno pu\u0161tanje u rad<\/li>\n<li>Dostupne dodatne opcije<\/li>\n<\/ul>\n<p>&nbsp;<\/p>\n<p class=\"p1\">[fusion_button link=\"https:\/\/nomis.hr\/wp-content\/uploads\/2022\/05\/weco-technotrans-solutions-GmbH-formerly-gwk-Gesellschaft-Warme-Kaltetechnik-mbH.pdf\" title=\"\" target=\"_blank\" link_attributes=\"\" alignment_medium=\"\" alignment_small=\"\" alignment=\"\" modal=\"\" hide_on_mobile=\"small-visibility,medium-visibility,large-visibility\" sticky_display=\"normal,sticky\" class=\"\" id=\"\" color=\"default\" button_gradient_top_color=\"\" hue=\"\" saturation=\"\" lightness=\"\" alpha=\"\" button_gradient_bottom_color=\"\" button_gradient_top_color_hover=\"\" button_gradient_bottom_color_hover=\"\" gradient_start_position=\"\" gradient_end_position=\"\" gradient_type=\"\" radial_direction=\"\" linear_angle=\"180\" accent_color=\"\" accent_hover_color=\"\" type=\"\" bevel_color=\"\" bevel_color_hover=\"\" border_top=\"\" border_right=\"\" border_bottom=\"\" border_left=\"\" border_radius_top_left=\"\" border_radius_top_right=\"\" border_radius_bottom_right=\"\" border_radius_bottom_left=\"\" border_color=\"\" border_hover_color=\"\" size=\"\" padding_top=\"\" padding_right=\"\" padding_bottom=\"\" padding_left=\"\" fusion_font_family_button_font=\"\" fusion_font_variant_button_font=\"\" font_size=\"\" line_height=\"\" letter_spacing=\"\" text_transform=\"\" stretch=\"default\" margin_top=\"\" margin_right=\"\" margin_bottom=\"\" margin_left=\"\" icon=\"fa-file-pdf fas\" icon_position=\"left\" icon_divider=\"no\" animation_type=\"\" animation_direction=\"left\" animation_speed=\"0.3\" animation_offset=\"\"]Tehni\u010dki dokument[\/fusion_button]<\/p>\n","protected":false},"featured_media":1807,"template":"","meta":[],"product_cat":[204,205,338],"product_tag":[],"yoast_head":"<!-- This site is optimized with the Yoast SEO plugin v21.3 - https:\/\/yoast.com\/wordpress\/plugins\/seo\/ -->\n<title>Weco - Nomis<\/title>\n<meta name=\"robots\" content=\"index, follow, max-snippet:-1, max-image-preview:large, max-video-preview:-1\" \/>\n<link rel=\"canonical\" href=\"https:\/\/nomis.hr\/sr\/produkt\/weco\/\" \/>\n<meta property=\"og:locale\" content=\"sr_RS\" \/>\n<meta property=\"og:type\" content=\"article\" \/>\n<meta property=\"og:title\" content=\"Weco - Nomis\" \/>\n<meta property=\"og:description\" content=\"Koncept vazduha i kompresora.  Rashladni ure\u0111aji hla\u0111eni vazduhom\/vodom do 380 kW nominalni kapacitet hla\u0111enja.  Kori\u0161tenjem sna\u017enih kompresora u kombinaciji s drugim pre- dimenzioniranim komponentama rashladnog kruga posti\u017ee se visok nivo u\u010dinkovitosti. To rezultuje niskim tro\u0161kovima rada, visokom radnom pouzdano\u0161\u0107u i dugim vekom trajanja rashladnog ure\u0111aja.  Glavne karakteristike:   Novi koncept ventilatora  Kompaktna konfiguracija  Korisni\u010dki interfejs osetljiv na dodir  Smanjeni operativni tro\u0161kovi  Jednostavno pu\u0161tanje u rad  Dostupne dodatne opcije  &nbsp;\" \/>\n<meta property=\"og:url\" content=\"https:\/\/nomis.hr\/sr\/produkt\/weco\/\" \/>\n<meta property=\"og:site_name\" content=\"Nomis\" \/>\n<meta name=\"twitter:card\" content=\"summary_large_image\" \/>\n<script type=\"application\/ld+json\" class=\"yoast-schema-graph\">{\"@context\":\"https:\/\/schema.org\",\"@graph\":[{\"@type\":\"WebPage\",\"@id\":\"https:\/\/nomis.hr\/sr\/produkt\/weco\/\",\"url\":\"https:\/\/nomis.hr\/sr\/produkt\/weco\/\",\"name\":\"Weco - Nomis\",\"isPartOf\":{\"@id\":\"https:\/\/nomis.hr\/#website\"},\"datePublished\":\"2022-05-05T10:06:53+00:00\",\"dateModified\":\"2022-05-05T10:06:53+00:00\",\"breadcrumb\":{\"@id\":\"https:\/\/nomis.hr\/sr\/produkt\/weco\/#breadcrumb\"},\"inLanguage\":\"sr-RS\",\"potentialAction\":[{\"@type\":\"ReadAction\",\"target\":[\"https:\/\/nomis.hr\/sr\/produkt\/weco\/\"]}]},{\"@type\":\"BreadcrumbList\",\"@id\":\"https:\/\/nomis.hr\/sr\/produkt\/weco\/#breadcrumb\",\"itemListElement\":[{\"@type\":\"ListItem\",\"position\":1,\"name\":\"Home\",\"item\":\"https:\/\/nomis.hr\/sr\/\"},{\"@type\":\"ListItem\",\"position\":2,\"name\":\"Katalog proizvoda\",\"item\":\"https:\/\/nomis.hr\/sr\/katalog-proizvoda\/\"},{\"@type\":\"ListItem\",\"position\":3,\"name\":\"Weco\"}]},{\"@type\":\"WebSite\",\"@id\":\"https:\/\/nomis.hr\/#website\",\"url\":\"https:\/\/nomis.hr\/\",\"name\":\"Nomis\",\"description\":\"Sve za preradu polimera i metala na jednom mjestu!\",\"publisher\":{\"@id\":\"https:\/\/nomis.hr\/#organization\"},\"potentialAction\":[{\"@type\":\"SearchAction\",\"target\":{\"@type\":\"EntryPoint\",\"urlTemplate\":\"https:\/\/nomis.hr\/?s={search_term_string}\"},\"query-input\":\"required name=search_term_string\"}],\"inLanguage\":\"sr-RS\"},{\"@type\":\"Organization\",\"@id\":\"https:\/\/nomis.hr\/#organization\",\"name\":\"Nomis\",\"url\":\"https:\/\/nomis.hr\/\",\"logo\":{\"@type\":\"ImageObject\",\"inLanguage\":\"sr-RS\",\"@id\":\"https:\/\/nomis.hr\/#\/schema\/logo\/image\/\",\"url\":\"https:\/\/nomis.hr\/wp-content\/uploads\/2021\/03\/Nomis-logo-admin-login.png\",\"contentUrl\":\"https:\/\/nomis.hr\/wp-content\/uploads\/2021\/03\/Nomis-logo-admin-login.png\",\"width\":640,\"height\":163,\"caption\":\"Nomis\"},\"image\":{\"@id\":\"https:\/\/nomis.hr\/#\/schema\/logo\/image\/\"}}]}<\/script>\n<!-- \/ Yoast SEO plugin. -->","yoast_head_json":{"title":"Weco - Nomis","robots":{"index":"index","follow":"follow","max-snippet":"max-snippet:-1","max-image-preview":"max-image-preview:large","max-video-preview":"max-video-preview:-1"},"canonical":"https:\/\/nomis.hr\/sr\/produkt\/weco\/","og_locale":"sr_RS","og_type":"article","og_title":"Weco - Nomis","og_description":"Koncept vazduha i kompresora.  Rashladni ure\u0111aji hla\u0111eni vazduhom\/vodom do 380 kW nominalni kapacitet hla\u0111enja.  Kori\u0161tenjem sna\u017enih kompresora u kombinaciji s drugim pre- dimenzioniranim komponentama rashladnog kruga posti\u017ee se visok nivo u\u010dinkovitosti. To rezultuje niskim tro\u0161kovima rada, visokom radnom pouzdano\u0161\u0107u i dugim vekom trajanja rashladnog ure\u0111aja.  Glavne karakteristike:   Novi koncept ventilatora  Kompaktna konfiguracija  Korisni\u010dki interfejs osetljiv na dodir  Smanjeni operativni tro\u0161kovi  Jednostavno pu\u0161tanje u rad  Dostupne dodatne opcije  &nbsp;","og_url":"https:\/\/nomis.hr\/sr\/produkt\/weco\/","og_site_name":"Nomis","twitter_card":"summary_large_image","schema":{"@context":"https:\/\/schema.org","@graph":[{"@type":"WebPage","@id":"https:\/\/nomis.hr\/sr\/produkt\/weco\/","url":"https:\/\/nomis.hr\/sr\/produkt\/weco\/","name":"Weco - Nomis","isPartOf":{"@id":"https:\/\/nomis.hr\/#website"},"datePublished":"2022-05-05T10:06:53+00:00","dateModified":"2022-05-05T10:06:53+00:00","breadcrumb":{"@id":"https:\/\/nomis.hr\/sr\/produkt\/weco\/#breadcrumb"},"inLanguage":"sr-RS","potentialAction":[{"@type":"ReadAction","target":["https:\/\/nomis.hr\/sr\/produkt\/weco\/"]}]},{"@type":"BreadcrumbList","@id":"https:\/\/nomis.hr\/sr\/produkt\/weco\/#breadcrumb","itemListElement":[{"@type":"ListItem","position":1,"name":"Home","item":"https:\/\/nomis.hr\/sr\/"},{"@type":"ListItem","position":2,"name":"Katalog proizvoda","item":"https:\/\/nomis.hr\/sr\/katalog-proizvoda\/"},{"@type":"ListItem","position":3,"name":"Weco"}]},{"@type":"WebSite","@id":"https:\/\/nomis.hr\/#website","url":"https:\/\/nomis.hr\/","name":"Nomis","description":"Sve za preradu polimera i metala na jednom mjestu!","publisher":{"@id":"https:\/\/nomis.hr\/#organization"},"potentialAction":[{"@type":"SearchAction","target":{"@type":"EntryPoint","urlTemplate":"https:\/\/nomis.hr\/?s={search_term_string}"},"query-input":"required name=search_term_string"}],"inLanguage":"sr-RS"},{"@type":"Organization","@id":"https:\/\/nomis.hr\/#organization","name":"Nomis","url":"https:\/\/nomis.hr\/","logo":{"@type":"ImageObject","inLanguage":"sr-RS","@id":"https:\/\/nomis.hr\/#\/schema\/logo\/image\/","url":"https:\/\/nomis.hr\/wp-content\/uploads\/2021\/03\/Nomis-logo-admin-login.png","contentUrl":"https:\/\/nomis.hr\/wp-content\/uploads\/2021\/03\/Nomis-logo-admin-login.png","width":640,"height":163,"caption":"Nomis"},"image":{"@id":"https:\/\/nomis.hr\/#\/schema\/logo\/image\/"}}]}},"_links":{"self":[{"href":"https:\/\/nomis.hr\/sr\/wp-json\/wp\/v2\/product\/5220"}],"collection":[{"href":"https:\/\/nomis.hr\/sr\/wp-json\/wp\/v2\/product"}],"about":[{"href":"https:\/\/nomis.hr\/sr\/wp-json\/wp\/v2\/types\/product"}],"wp:featuredmedia":[{"embeddable":true,"href":"https:\/\/nomis.hr\/sr\/wp-json\/wp\/v2\/media\/1807"}],"wp:attachment":[{"href":"https:\/\/nomis.hr\/sr\/wp-json\/wp\/v2\/media?parent=5220"}],"wp:term":[{"taxonomy":"product_cat","embeddable":true,"href":"https:\/\/nomis.hr\/sr\/wp-json\/wp\/v2\/product_cat?post=5220"},{"taxonomy":"product_tag","embeddable":true,"href":"https:\/\/nomis.hr\/sr\/wp-json\/wp\/v2\/product_tag?post=5220"}],"curies":[{"name":"wp","href":"https:\/\/api.w.org\/{rel}","templated":true}]}}