{"id":5222,"date":"2022-05-05T12:08:44","date_gmt":"2022-05-05T10:08:44","guid":{"rendered":"https:\/\/nomis.hr\/product\/weco-wd\/"},"modified":"2022-05-05T12:08:44","modified_gmt":"2022-05-05T10:08:44","slug":"weco-wd","status":"publish","type":"product","link":"https:\/\/nomis.hr\/sr\/produkt\/weco-wd\/","title":{"rendered":"Weco wd"},"content":{"rendered":"","protected":false},"excerpt":{"rendered":"<p>Energetski u\u010dinkoviti rashladni ure\u0111aji sa free-cooling funkcijom i integrisanim krugovima za kontrolu temperature.<\/p>\n<p>Serija Weco wd sastoji se od plug&amp;play ma\u0161ina jednostavnih za rukovanje koji se lako mogu instalirati i pustiti u rad.<\/p>\n<p>Mogu pokrenuti tri procesa: slobodno hla\u0111enje, proces hla\u0111enja za niske temperature do -5 \u00b0C i kontrola temperature do 90 \u00b0C \u2013 sve se mo\u017ee odabrati po \u017eelji.<\/p>\n<p>Postoje ukupno \u010detiri modela sa snagom hla\u0111enja izme\u0111u 14 kW i 36 kW (pri polaznoj temperaturi od 15 \u00b0C) i snagom grejanja izme\u0111u 9 kW i 36 kW.<\/p>\n<p>Glavne karakteristike:<\/p>\n<ul>\n<li>Digitalno upravljani kompresor<\/li>\n<li>Integrisana free-cooling funkcija za energetski u\u010dinkovit rad pri niskim spoljnim temperaturama<\/li>\n<li>Krug za regulaciju temperature s konstantnom regulacijom topline<\/li>\n<\/ul>\n<p>&nbsp;<\/p>\n<p class=\"p1\">[fusion_button link=\"https:\/\/nomis.hr\/wp-content\/uploads\/2022\/05\/WECO-WD.pdf\" title=\"\" target=\"_blank\" link_attributes=\"\" alignment_medium=\"\" alignment_small=\"\" alignment=\"\" modal=\"\" hide_on_mobile=\"small-visibility,medium-visibility,large-visibility\" sticky_display=\"normal,sticky\" class=\"\" id=\"\" color=\"default\" button_gradient_top_color=\"\" hue=\"\" saturation=\"\" lightness=\"\" alpha=\"\" button_gradient_bottom_color=\"\" button_gradient_top_color_hover=\"\" button_gradient_bottom_color_hover=\"\" gradient_start_position=\"\" gradient_end_position=\"\" gradient_type=\"\" radial_direction=\"\" linear_angle=\"180\" accent_color=\"\" accent_hover_color=\"\" type=\"\" bevel_color=\"\" bevel_color_hover=\"\" border_top=\"\" border_right=\"\" border_bottom=\"\" border_left=\"\" border_radius_top_left=\"\" border_radius_top_right=\"\" border_radius_bottom_right=\"\" border_radius_bottom_left=\"\" border_color=\"\" border_hover_color=\"\" size=\"\" padding_top=\"\" padding_right=\"\" padding_bottom=\"\" padding_left=\"\" fusion_font_family_button_font=\"\" fusion_font_variant_button_font=\"\" font_size=\"\" line_height=\"\" letter_spacing=\"\" text_transform=\"\" stretch=\"default\" margin_top=\"\" margin_right=\"\" margin_bottom=\"\" margin_left=\"\" icon=\"fa-file-pdf fas\" icon_position=\"left\" icon_divider=\"no\" animation_type=\"\" animation_direction=\"left\" animation_speed=\"0.3\" animation_offset=\"\"]Tehni\u010dki dokument[\/fusion_button]<\/p>\n","protected":false},"featured_media":1811,"template":"","meta":[],"product_cat":[204,338,205],"product_tag":[],"yoast_head":"<!-- This site is optimized with the Yoast SEO plugin v21.3 - https:\/\/yoast.com\/wordpress\/plugins\/seo\/ -->\n<title>Weco wd - Nomis<\/title>\n<meta name=\"robots\" content=\"index, follow, max-snippet:-1, max-image-preview:large, max-video-preview:-1\" \/>\n<link rel=\"canonical\" href=\"https:\/\/nomis.hr\/sr\/produkt\/weco-wd\/\" \/>\n<meta property=\"og:locale\" content=\"sr_RS\" \/>\n<meta property=\"og:type\" content=\"article\" \/>\n<meta property=\"og:title\" content=\"Weco wd - Nomis\" \/>\n<meta property=\"og:description\" content=\"Energetski u\u010dinkoviti rashladni ure\u0111aji sa free-cooling funkcijom i integrisanim krugovima za kontrolu temperature.  Serija Weco wd sastoji se od plug&amp;play ma\u0161ina jednostavnih za rukovanje koji se lako mogu instalirati i pustiti u rad.  Mogu pokrenuti tri procesa: slobodno hla\u0111enje, proces hla\u0111enja za niske temperature do -5 \u00b0C i kontrola temperature do 90 \u00b0C \u2013 sve se mo\u017ee odabrati po \u017eelji.  Postoje ukupno \u010detiri modela sa snagom hla\u0111enja izme\u0111u 14 kW i 36 kW (pri polaznoj temperaturi od 15 \u00b0C) i snagom grejanja izme\u0111u 9 kW i 36 kW.  Glavne karakteristike:   Digitalno upravljani kompresor  Integrisana free-cooling funkcija za energetski u\u010dinkovit rad pri niskim spoljnim temperaturama  Krug za regulaciju temperature s konstantnom regulacijom topline  &nbsp;\" \/>\n<meta property=\"og:url\" content=\"https:\/\/nomis.hr\/sr\/produkt\/weco-wd\/\" \/>\n<meta property=\"og:site_name\" content=\"Nomis\" \/>\n<meta name=\"twitter:card\" content=\"summary_large_image\" \/>\n<script type=\"application\/ld+json\" class=\"yoast-schema-graph\">{\"@context\":\"https:\/\/schema.org\",\"@graph\":[{\"@type\":\"WebPage\",\"@id\":\"https:\/\/nomis.hr\/sr\/produkt\/weco-wd\/\",\"url\":\"https:\/\/nomis.hr\/sr\/produkt\/weco-wd\/\",\"name\":\"Weco wd - Nomis\",\"isPartOf\":{\"@id\":\"https:\/\/nomis.hr\/#website\"},\"datePublished\":\"2022-05-05T10:08:44+00:00\",\"dateModified\":\"2022-05-05T10:08:44+00:00\",\"breadcrumb\":{\"@id\":\"https:\/\/nomis.hr\/sr\/produkt\/weco-wd\/#breadcrumb\"},\"inLanguage\":\"sr-RS\",\"potentialAction\":[{\"@type\":\"ReadAction\",\"target\":[\"https:\/\/nomis.hr\/sr\/produkt\/weco-wd\/\"]}]},{\"@type\":\"BreadcrumbList\",\"@id\":\"https:\/\/nomis.hr\/sr\/produkt\/weco-wd\/#breadcrumb\",\"itemListElement\":[{\"@type\":\"ListItem\",\"position\":1,\"name\":\"Home\",\"item\":\"https:\/\/nomis.hr\/sr\/\"},{\"@type\":\"ListItem\",\"position\":2,\"name\":\"Katalog proizvoda\",\"item\":\"https:\/\/nomis.hr\/sr\/katalog-proizvoda\/\"},{\"@type\":\"ListItem\",\"position\":3,\"name\":\"Weco wd\"}]},{\"@type\":\"WebSite\",\"@id\":\"https:\/\/nomis.hr\/#website\",\"url\":\"https:\/\/nomis.hr\/\",\"name\":\"Nomis\",\"description\":\"Sve za preradu polimera i metala na jednom mjestu!\",\"publisher\":{\"@id\":\"https:\/\/nomis.hr\/#organization\"},\"potentialAction\":[{\"@type\":\"SearchAction\",\"target\":{\"@type\":\"EntryPoint\",\"urlTemplate\":\"https:\/\/nomis.hr\/?s={search_term_string}\"},\"query-input\":\"required name=search_term_string\"}],\"inLanguage\":\"sr-RS\"},{\"@type\":\"Organization\",\"@id\":\"https:\/\/nomis.hr\/#organization\",\"name\":\"Nomis\",\"url\":\"https:\/\/nomis.hr\/\",\"logo\":{\"@type\":\"ImageObject\",\"inLanguage\":\"sr-RS\",\"@id\":\"https:\/\/nomis.hr\/#\/schema\/logo\/image\/\",\"url\":\"https:\/\/nomis.hr\/wp-content\/uploads\/2021\/03\/Nomis-logo-admin-login.png\",\"contentUrl\":\"https:\/\/nomis.hr\/wp-content\/uploads\/2021\/03\/Nomis-logo-admin-login.png\",\"width\":640,\"height\":163,\"caption\":\"Nomis\"},\"image\":{\"@id\":\"https:\/\/nomis.hr\/#\/schema\/logo\/image\/\"}}]}<\/script>\n<!-- \/ Yoast SEO plugin. -->","yoast_head_json":{"title":"Weco wd - Nomis","robots":{"index":"index","follow":"follow","max-snippet":"max-snippet:-1","max-image-preview":"max-image-preview:large","max-video-preview":"max-video-preview:-1"},"canonical":"https:\/\/nomis.hr\/sr\/produkt\/weco-wd\/","og_locale":"sr_RS","og_type":"article","og_title":"Weco wd - Nomis","og_description":"Energetski u\u010dinkoviti rashladni ure\u0111aji sa free-cooling funkcijom i integrisanim krugovima za kontrolu temperature.  Serija Weco wd sastoji se od plug&amp;play ma\u0161ina jednostavnih za rukovanje koji se lako mogu instalirati i pustiti u rad.  Mogu pokrenuti tri procesa: slobodno hla\u0111enje, proces hla\u0111enja za niske temperature do -5 \u00b0C i kontrola temperature do 90 \u00b0C \u2013 sve se mo\u017ee odabrati po \u017eelji.  Postoje ukupno \u010detiri modela sa snagom hla\u0111enja izme\u0111u 14 kW i 36 kW (pri polaznoj temperaturi od 15 \u00b0C) i snagom grejanja izme\u0111u 9 kW i 36 kW.  Glavne karakteristike:   Digitalno upravljani kompresor  Integrisana free-cooling funkcija za energetski u\u010dinkovit rad pri niskim spoljnim temperaturama  Krug za regulaciju temperature s konstantnom regulacijom topline  &nbsp;","og_url":"https:\/\/nomis.hr\/sr\/produkt\/weco-wd\/","og_site_name":"Nomis","twitter_card":"summary_large_image","schema":{"@context":"https:\/\/schema.org","@graph":[{"@type":"WebPage","@id":"https:\/\/nomis.hr\/sr\/produkt\/weco-wd\/","url":"https:\/\/nomis.hr\/sr\/produkt\/weco-wd\/","name":"Weco wd - Nomis","isPartOf":{"@id":"https:\/\/nomis.hr\/#website"},"datePublished":"2022-05-05T10:08:44+00:00","dateModified":"2022-05-05T10:08:44+00:00","breadcrumb":{"@id":"https:\/\/nomis.hr\/sr\/produkt\/weco-wd\/#breadcrumb"},"inLanguage":"sr-RS","potentialAction":[{"@type":"ReadAction","target":["https:\/\/nomis.hr\/sr\/produkt\/weco-wd\/"]}]},{"@type":"BreadcrumbList","@id":"https:\/\/nomis.hr\/sr\/produkt\/weco-wd\/#breadcrumb","itemListElement":[{"@type":"ListItem","position":1,"name":"Home","item":"https:\/\/nomis.hr\/sr\/"},{"@type":"ListItem","position":2,"name":"Katalog proizvoda","item":"https:\/\/nomis.hr\/sr\/katalog-proizvoda\/"},{"@type":"ListItem","position":3,"name":"Weco wd"}]},{"@type":"WebSite","@id":"https:\/\/nomis.hr\/#website","url":"https:\/\/nomis.hr\/","name":"Nomis","description":"Sve za preradu polimera i metala na jednom mjestu!","publisher":{"@id":"https:\/\/nomis.hr\/#organization"},"potentialAction":[{"@type":"SearchAction","target":{"@type":"EntryPoint","urlTemplate":"https:\/\/nomis.hr\/?s={search_term_string}"},"query-input":"required name=search_term_string"}],"inLanguage":"sr-RS"},{"@type":"Organization","@id":"https:\/\/nomis.hr\/#organization","name":"Nomis","url":"https:\/\/nomis.hr\/","logo":{"@type":"ImageObject","inLanguage":"sr-RS","@id":"https:\/\/nomis.hr\/#\/schema\/logo\/image\/","url":"https:\/\/nomis.hr\/wp-content\/uploads\/2021\/03\/Nomis-logo-admin-login.png","contentUrl":"https:\/\/nomis.hr\/wp-content\/uploads\/2021\/03\/Nomis-logo-admin-login.png","width":640,"height":163,"caption":"Nomis"},"image":{"@id":"https:\/\/nomis.hr\/#\/schema\/logo\/image\/"}}]}},"_links":{"self":[{"href":"https:\/\/nomis.hr\/sr\/wp-json\/wp\/v2\/product\/5222"}],"collection":[{"href":"https:\/\/nomis.hr\/sr\/wp-json\/wp\/v2\/product"}],"about":[{"href":"https:\/\/nomis.hr\/sr\/wp-json\/wp\/v2\/types\/product"}],"wp:featuredmedia":[{"embeddable":true,"href":"https:\/\/nomis.hr\/sr\/wp-json\/wp\/v2\/media\/1811"}],"wp:attachment":[{"href":"https:\/\/nomis.hr\/sr\/wp-json\/wp\/v2\/media?parent=5222"}],"wp:term":[{"taxonomy":"product_cat","embeddable":true,"href":"https:\/\/nomis.hr\/sr\/wp-json\/wp\/v2\/product_cat?post=5222"},{"taxonomy":"product_tag","embeddable":true,"href":"https:\/\/nomis.hr\/sr\/wp-json\/wp\/v2\/product_tag?post=5222"}],"curies":[{"name":"wp","href":"https:\/\/api.w.org\/{rel}","templated":true}]}}