{"id":5406,"date":"2023-10-13T15:58:18","date_gmt":"2023-10-13T13:58:18","guid":{"rendered":"https:\/\/nomis.hr\/product\/keramika\/"},"modified":"2023-10-20T20:02:05","modified_gmt":"2023-10-20T18:02:05","slug":"keramika","status":"publish","type":"product","link":"https:\/\/nomis.hr\/sr\/produkt\/keramika\/","title":{"rendered":"Keramika"},"content":{"rendered":"","protected":false},"excerpt":{"rendered":"<p>Kerami\u010dki granulat kompanije INMATEC obra\u0111uje se tehnologijom brizganja keramike. Od dokazanih standardnih do individualno prilago\u0111enih sirovina &#8211; INMATEC pru\u017ea savr\u0161eno re\u0161enje za svaku primenu.<\/p>\n<p>Tipi\u010dne karakteristike INMATEC keramike:<\/p>\n<ul>\n<li>Homogena distribucija kerami\u010dkog praha i veziva<\/li>\n<li>Ujedna\u010dena gustina pakovanja granula praha<\/li>\n<li>Savr\u0161en, ujedna\u010den oblik granula<\/li>\n<li>Besprekorna \u010distoc\u0301a<\/li>\n<\/ul>\n<p>INMATEC keramika garantuje:<\/p>\n<ul>\n<li>Ujedna\u010deno i ponovljivo skupljanje<\/li>\n<li>Stabilnost dimenzija tokom i nakon sinterovanja<\/li>\n<li>Konzistentna obrada tokom dugog vremena proizvodnje<\/li>\n<li>Izuzetno jaki zeleni komadi<\/li>\n<li>Jednostavno i ekolo\u0161ki prihvatljivo odvajanje<\/li>\n<\/ul>\n<p>3 vrste kerami\u010dkih granulata: INMAFEED sa Embemould\u00ae vezivnim sistemom, INMAFLOV sa poliamidnim vezivom i INMAPOM sa poliacetalnim vezivom.<\/p>\n<p>*Slike su informativnog karaktera<\/p>\n","protected":false},"featured_media":5318,"template":"","meta":[],"product_cat":[225],"product_tag":[],"yoast_head":"<!-- This site is optimized with the Yoast SEO plugin v21.3 - https:\/\/yoast.com\/wordpress\/plugins\/seo\/ -->\n<title>Keramika - Nomis<\/title>\n<meta name=\"robots\" content=\"index, follow, max-snippet:-1, max-image-preview:large, max-video-preview:-1\" \/>\n<link rel=\"canonical\" href=\"https:\/\/nomis.hr\/sr\/produkt\/keramika\/\" \/>\n<meta property=\"og:locale\" content=\"sr_RS\" \/>\n<meta property=\"og:type\" content=\"article\" \/>\n<meta property=\"og:title\" content=\"Keramika - Nomis\" \/>\n<meta property=\"og:description\" content=\"Kerami\u010dki granulat kompanije INMATEC obra\u0111uje se tehnologijom brizganja keramike. Od dokazanih standardnih do individualno prilago\u0111enih sirovina - INMATEC pru\u017ea savr\u0161eno re\u0161enje za svaku primenu.  Tipi\u010dne karakteristike INMATEC keramike:   Homogena distribucija kerami\u010dkog praha i veziva  Ujedna\u010dena gustina pakovanja granula praha  Savr\u0161en, ujedna\u010den oblik granula  Besprekorna \u010distoc\u0301a  INMATEC keramika garantuje:   Ujedna\u010deno i ponovljivo skupljanje  Stabilnost dimenzija tokom i nakon sinterovanja  Konzistentna obrada tokom dugog vremena proizvodnje  Izuzetno jaki zeleni komadi  Jednostavno i ekolo\u0161ki prihvatljivo odvajanje  3 vrste kerami\u010dkih granulata: INMAFEED sa Embemould\u00ae vezivnim sistemom, INMAFLOV sa poliamidnim vezivom i INMAPOM sa poliacetalnim vezivom.  *Slike su informativnog karaktera\" \/>\n<meta property=\"og:url\" content=\"https:\/\/nomis.hr\/sr\/produkt\/keramika\/\" \/>\n<meta property=\"og:site_name\" content=\"Nomis\" \/>\n<meta property=\"article:modified_time\" content=\"2023-10-20T18:02:05+00:00\" \/>\n<meta property=\"og:image\" content=\"https:\/\/nomis.hr\/wp-content\/uploads\/2023\/10\/Picture1-2.png\" \/>\n\t<meta property=\"og:image:width\" content=\"1000\" \/>\n\t<meta property=\"og:image:height\" content=\"1000\" \/>\n\t<meta property=\"og:image:type\" content=\"image\/png\" \/>\n<meta name=\"twitter:card\" content=\"summary_large_image\" \/>\n<script type=\"application\/ld+json\" class=\"yoast-schema-graph\">{\"@context\":\"https:\/\/schema.org\",\"@graph\":[{\"@type\":\"WebPage\",\"@id\":\"https:\/\/nomis.hr\/sr\/produkt\/keramika\/\",\"url\":\"https:\/\/nomis.hr\/sr\/produkt\/keramika\/\",\"name\":\"Keramika - Nomis\",\"isPartOf\":{\"@id\":\"https:\/\/nomis.hr\/#website\"},\"datePublished\":\"2023-10-13T13:58:18+00:00\",\"dateModified\":\"2023-10-20T18:02:05+00:00\",\"breadcrumb\":{\"@id\":\"https:\/\/nomis.hr\/sr\/produkt\/keramika\/#breadcrumb\"},\"inLanguage\":\"sr-RS\",\"potentialAction\":[{\"@type\":\"ReadAction\",\"target\":[\"https:\/\/nomis.hr\/sr\/produkt\/keramika\/\"]}]},{\"@type\":\"BreadcrumbList\",\"@id\":\"https:\/\/nomis.hr\/sr\/produkt\/keramika\/#breadcrumb\",\"itemListElement\":[{\"@type\":\"ListItem\",\"position\":1,\"name\":\"Home\",\"item\":\"https:\/\/nomis.hr\/sr\/\"},{\"@type\":\"ListItem\",\"position\":2,\"name\":\"Katalog proizvoda\",\"item\":\"https:\/\/nomis.hr\/sr\/katalog-proizvoda\/\"},{\"@type\":\"ListItem\",\"position\":3,\"name\":\"Keramika\"}]},{\"@type\":\"WebSite\",\"@id\":\"https:\/\/nomis.hr\/#website\",\"url\":\"https:\/\/nomis.hr\/\",\"name\":\"Nomis\",\"description\":\"Sve za preradu polimera i metala na jednom mjestu!\",\"publisher\":{\"@id\":\"https:\/\/nomis.hr\/#organization\"},\"potentialAction\":[{\"@type\":\"SearchAction\",\"target\":{\"@type\":\"EntryPoint\",\"urlTemplate\":\"https:\/\/nomis.hr\/?s={search_term_string}\"},\"query-input\":\"required name=search_term_string\"}],\"inLanguage\":\"sr-RS\"},{\"@type\":\"Organization\",\"@id\":\"https:\/\/nomis.hr\/#organization\",\"name\":\"Nomis\",\"url\":\"https:\/\/nomis.hr\/\",\"logo\":{\"@type\":\"ImageObject\",\"inLanguage\":\"sr-RS\",\"@id\":\"https:\/\/nomis.hr\/#\/schema\/logo\/image\/\",\"url\":\"https:\/\/nomis.hr\/wp-content\/uploads\/2021\/03\/Nomis-logo-admin-login.png\",\"contentUrl\":\"https:\/\/nomis.hr\/wp-content\/uploads\/2021\/03\/Nomis-logo-admin-login.png\",\"width\":640,\"height\":163,\"caption\":\"Nomis\"},\"image\":{\"@id\":\"https:\/\/nomis.hr\/#\/schema\/logo\/image\/\"}}]}<\/script>\n<!-- \/ Yoast SEO plugin. -->","yoast_head_json":{"title":"Keramika - Nomis","robots":{"index":"index","follow":"follow","max-snippet":"max-snippet:-1","max-image-preview":"max-image-preview:large","max-video-preview":"max-video-preview:-1"},"canonical":"https:\/\/nomis.hr\/sr\/produkt\/keramika\/","og_locale":"sr_RS","og_type":"article","og_title":"Keramika - Nomis","og_description":"Kerami\u010dki granulat kompanije INMATEC obra\u0111uje se tehnologijom brizganja keramike. Od dokazanih standardnih do individualno prilago\u0111enih sirovina - INMATEC pru\u017ea savr\u0161eno re\u0161enje za svaku primenu.  Tipi\u010dne karakteristike INMATEC keramike:   Homogena distribucija kerami\u010dkog praha i veziva  Ujedna\u010dena gustina pakovanja granula praha  Savr\u0161en, ujedna\u010den oblik granula  Besprekorna \u010distoc\u0301a  INMATEC keramika garantuje:   Ujedna\u010deno i ponovljivo skupljanje  Stabilnost dimenzija tokom i nakon sinterovanja  Konzistentna obrada tokom dugog vremena proizvodnje  Izuzetno jaki zeleni komadi  Jednostavno i ekolo\u0161ki prihvatljivo odvajanje  3 vrste kerami\u010dkih granulata: INMAFEED sa Embemould\u00ae vezivnim sistemom, INMAFLOV sa poliamidnim vezivom i INMAPOM sa poliacetalnim vezivom.  *Slike su informativnog karaktera","og_url":"https:\/\/nomis.hr\/sr\/produkt\/keramika\/","og_site_name":"Nomis","article_modified_time":"2023-10-20T18:02:05+00:00","og_image":[{"width":1000,"height":1000,"url":"https:\/\/nomis.hr\/wp-content\/uploads\/2023\/10\/Picture1-2.png","type":"image\/png"}],"twitter_card":"summary_large_image","schema":{"@context":"https:\/\/schema.org","@graph":[{"@type":"WebPage","@id":"https:\/\/nomis.hr\/sr\/produkt\/keramika\/","url":"https:\/\/nomis.hr\/sr\/produkt\/keramika\/","name":"Keramika - Nomis","isPartOf":{"@id":"https:\/\/nomis.hr\/#website"},"datePublished":"2023-10-13T13:58:18+00:00","dateModified":"2023-10-20T18:02:05+00:00","breadcrumb":{"@id":"https:\/\/nomis.hr\/sr\/produkt\/keramika\/#breadcrumb"},"inLanguage":"sr-RS","potentialAction":[{"@type":"ReadAction","target":["https:\/\/nomis.hr\/sr\/produkt\/keramika\/"]}]},{"@type":"BreadcrumbList","@id":"https:\/\/nomis.hr\/sr\/produkt\/keramika\/#breadcrumb","itemListElement":[{"@type":"ListItem","position":1,"name":"Home","item":"https:\/\/nomis.hr\/sr\/"},{"@type":"ListItem","position":2,"name":"Katalog proizvoda","item":"https:\/\/nomis.hr\/sr\/katalog-proizvoda\/"},{"@type":"ListItem","position":3,"name":"Keramika"}]},{"@type":"WebSite","@id":"https:\/\/nomis.hr\/#website","url":"https:\/\/nomis.hr\/","name":"Nomis","description":"Sve za preradu polimera i metala na jednom mjestu!","publisher":{"@id":"https:\/\/nomis.hr\/#organization"},"potentialAction":[{"@type":"SearchAction","target":{"@type":"EntryPoint","urlTemplate":"https:\/\/nomis.hr\/?s={search_term_string}"},"query-input":"required name=search_term_string"}],"inLanguage":"sr-RS"},{"@type":"Organization","@id":"https:\/\/nomis.hr\/#organization","name":"Nomis","url":"https:\/\/nomis.hr\/","logo":{"@type":"ImageObject","inLanguage":"sr-RS","@id":"https:\/\/nomis.hr\/#\/schema\/logo\/image\/","url":"https:\/\/nomis.hr\/wp-content\/uploads\/2021\/03\/Nomis-logo-admin-login.png","contentUrl":"https:\/\/nomis.hr\/wp-content\/uploads\/2021\/03\/Nomis-logo-admin-login.png","width":640,"height":163,"caption":"Nomis"},"image":{"@id":"https:\/\/nomis.hr\/#\/schema\/logo\/image\/"}}]}},"_links":{"self":[{"href":"https:\/\/nomis.hr\/sr\/wp-json\/wp\/v2\/product\/5406"}],"collection":[{"href":"https:\/\/nomis.hr\/sr\/wp-json\/wp\/v2\/product"}],"about":[{"href":"https:\/\/nomis.hr\/sr\/wp-json\/wp\/v2\/types\/product"}],"wp:featuredmedia":[{"embeddable":true,"href":"https:\/\/nomis.hr\/sr\/wp-json\/wp\/v2\/media\/5318"}],"wp:attachment":[{"href":"https:\/\/nomis.hr\/sr\/wp-json\/wp\/v2\/media?parent=5406"}],"wp:term":[{"taxonomy":"product_cat","embeddable":true,"href":"https:\/\/nomis.hr\/sr\/wp-json\/wp\/v2\/product_cat?post=5406"},{"taxonomy":"product_tag","embeddable":true,"href":"https:\/\/nomis.hr\/sr\/wp-json\/wp\/v2\/product_tag?post=5406"}],"curies":[{"name":"wp","href":"https:\/\/api.w.org\/{rel}","templated":true}]}}