{"id":5910,"date":"2022-05-05T10:00:12","date_gmt":"2022-05-05T08:00:12","guid":{"rendered":"https:\/\/nomis.hr\/product\/centralni-sistemi-za-susenje-materijala\/"},"modified":"2022-05-05T10:00:12","modified_gmt":"2022-05-05T08:00:12","slug":"centralni-sistemi-za-susenje-materijala","status":"publish","type":"product","link":"https:\/\/nomis.hr\/sr\/produkt\/centralni-sistemi-za-susenje-materijala\/","title":{"rendered":"Centralni sistemi za sus\u030cenje materijala"},"content":{"rendered":"","protected":false},"excerpt":{"rendered":"<p>Centralni sistemi za su\u0161enje materijala dele se na Viewer, Antistress i Flowmatik sisteme.<\/p>\n<p>Viewer sistem je osnovni sistem su\u0161enja materijala gde se materijali su\u0161e u vi\u0161e izolovanih rezervoara. Svaki rezervoar ima mogu\u0107nost postavljanja svoje temperature su\u0161enja, no nema regulacije protoka vazduha, te su\u0161ara konstantno radi punim kapacitetom (protokom osu\u0161enog vazduha).<\/p>\n<p>Antistress sistem su\u0161enja gde se materijali su\u0161e u vi\u0161e izolovanih rezervoara, a svaki rezervoar ima mogu\u0107nost postavljanja svoje temperature su\u0161enja. U trenutku dostizanja dozvoljenog nivoa vlage u materijalu, smanjuje se protok vazduha u spremnik su\u0161are za taj materijal. Kod ovog sistema postoji mogu\u0107nost \u201eza\u0161tite\u201c materijala od pregrejavanja s obzirom na to da se smanjuje protok osu\u0161enog i zagrejanog vazduha kroz materijal. Antistress sistem je nadogradnja Viewer sistema.<\/p>\n<p>Flowmatic sistem je najmoderniji sistem su\u0161enja materijala gde se materijali su\u0161e u vi\u0161e izolovanih rezervoara, a svaki rezervoar ima mogu\u0107nost postavljanja svoje temperature su\u0161enja. U trenutku dostizanja dozvoljenog nivoa vlage u materijalu, smanjuje se protok vazduha u rezervoar su\u0161are. Ukoliko maksimalni protok vazduha iz su\u0161are nije potreban, su\u0161ara sama smanjuje svoj kapacitet vazduha i na taj na\u010din \u0161tedi energiju. Sve je regulisano preko senzora i automatskih ventila. Flowmatic sistem je nadogradnja Antistress sistema.<\/p>\n","protected":false},"featured_media":5911,"template":"","meta":[],"product_cat":[204,248,263],"product_tag":[],"yoast_head":"<!-- This site is optimized with the Yoast SEO plugin v21.3 - https:\/\/yoast.com\/wordpress\/plugins\/seo\/ -->\n<title>Centralni sistemi za sus\u030cenje materijala - Nomis<\/title>\n<meta name=\"robots\" content=\"index, follow, max-snippet:-1, max-image-preview:large, max-video-preview:-1\" \/>\n<link rel=\"canonical\" href=\"https:\/\/nomis.hr\/sr\/produkt\/centralni-sistemi-za-susenje-materijala\/\" \/>\n<meta property=\"og:locale\" content=\"sr_RS\" \/>\n<meta property=\"og:type\" content=\"article\" \/>\n<meta property=\"og:title\" content=\"Centralni sistemi za sus\u030cenje materijala - Nomis\" \/>\n<meta property=\"og:description\" content=\"Centralni sistemi za su\u0161enje materijala dele se na Viewer, Antistress i Flowmatik sisteme.  Viewer sistem je osnovni sistem su\u0161enja materijala gde se materijali su\u0161e u vi\u0161e izolovanih rezervoara. Svaki rezervoar ima mogu\u0107nost postavljanja svoje temperature su\u0161enja, no nema regulacije protoka vazduha, te su\u0161ara konstantno radi punim kapacitetom (protokom osu\u0161enog vazduha).  Antistress sistem su\u0161enja gde se materijali su\u0161e u vi\u0161e izolovanih rezervoara, a svaki rezervoar ima mogu\u0107nost postavljanja svoje temperature su\u0161enja. U trenutku dostizanja dozvoljenog nivoa vlage u materijalu, smanjuje se protok vazduha u spremnik su\u0161are za taj materijal. Kod ovog sistema postoji mogu\u0107nost \u201eza\u0161tite\u201c materijala od pregrejavanja s obzirom na to da se smanjuje protok osu\u0161enog i zagrejanog vazduha kroz materijal. Antistress sistem je nadogradnja Viewer sistema.  Flowmatic sistem je najmoderniji sistem su\u0161enja materijala gde se materijali su\u0161e u vi\u0161e izolovanih rezervoara, a svaki rezervoar ima mogu\u0107nost postavljanja svoje temperature su\u0161enja. U trenutku dostizanja dozvoljenog nivoa vlage u materijalu, smanjuje se protok vazduha u rezervoar su\u0161are. Ukoliko maksimalni protok vazduha iz su\u0161are nije potreban, su\u0161ara sama smanjuje svoj kapacitet vazduha i na taj na\u010din \u0161tedi energiju. Sve je regulisano preko senzora i automatskih ventila. Flowmatic sistem je nadogradnja Antistress sistema.\" \/>\n<meta property=\"og:url\" content=\"https:\/\/nomis.hr\/sr\/produkt\/centralni-sistemi-za-susenje-materijala\/\" \/>\n<meta property=\"og:site_name\" content=\"Nomis\" \/>\n<meta property=\"og:image\" content=\"https:\/\/nomis.hr\/wp-content\/uploads\/2022\/05\/Centralni-sustavi-za-sus\u030cenje-materijala.jpg\" \/>\n\t<meta property=\"og:image:width\" content=\"1024\" \/>\n\t<meta property=\"og:image:height\" content=\"1024\" \/>\n\t<meta property=\"og:image:type\" content=\"image\/jpeg\" \/>\n<meta name=\"twitter:card\" content=\"summary_large_image\" \/>\n<script type=\"application\/ld+json\" class=\"yoast-schema-graph\">{\"@context\":\"https:\/\/schema.org\",\"@graph\":[{\"@type\":\"WebPage\",\"@id\":\"https:\/\/nomis.hr\/sr\/produkt\/centralni-sistemi-za-susenje-materijala\/\",\"url\":\"https:\/\/nomis.hr\/sr\/produkt\/centralni-sistemi-za-susenje-materijala\/\",\"name\":\"Centralni sistemi za sus\u030cenje materijala - Nomis\",\"isPartOf\":{\"@id\":\"https:\/\/nomis.hr\/#website\"},\"datePublished\":\"2022-05-05T08:00:12+00:00\",\"dateModified\":\"2022-05-05T08:00:12+00:00\",\"breadcrumb\":{\"@id\":\"https:\/\/nomis.hr\/sr\/produkt\/centralni-sistemi-za-susenje-materijala\/#breadcrumb\"},\"inLanguage\":\"sr-RS\",\"potentialAction\":[{\"@type\":\"ReadAction\",\"target\":[\"https:\/\/nomis.hr\/sr\/produkt\/centralni-sistemi-za-susenje-materijala\/\"]}]},{\"@type\":\"BreadcrumbList\",\"@id\":\"https:\/\/nomis.hr\/sr\/produkt\/centralni-sistemi-za-susenje-materijala\/#breadcrumb\",\"itemListElement\":[{\"@type\":\"ListItem\",\"position\":1,\"name\":\"Home\",\"item\":\"https:\/\/nomis.hr\/sr\/\"},{\"@type\":\"ListItem\",\"position\":2,\"name\":\"Katalog proizvoda\",\"item\":\"https:\/\/nomis.hr\/sr\/katalog-proizvoda\/\"},{\"@type\":\"ListItem\",\"position\":3,\"name\":\"Centralni sistemi za sus\u030cenje materijala\"}]},{\"@type\":\"WebSite\",\"@id\":\"https:\/\/nomis.hr\/#website\",\"url\":\"https:\/\/nomis.hr\/\",\"name\":\"Nomis\",\"description\":\"Sve za preradu polimera i metala na jednom mjestu!\",\"publisher\":{\"@id\":\"https:\/\/nomis.hr\/#organization\"},\"potentialAction\":[{\"@type\":\"SearchAction\",\"target\":{\"@type\":\"EntryPoint\",\"urlTemplate\":\"https:\/\/nomis.hr\/?s={search_term_string}\"},\"query-input\":\"required name=search_term_string\"}],\"inLanguage\":\"sr-RS\"},{\"@type\":\"Organization\",\"@id\":\"https:\/\/nomis.hr\/#organization\",\"name\":\"Nomis\",\"url\":\"https:\/\/nomis.hr\/\",\"logo\":{\"@type\":\"ImageObject\",\"inLanguage\":\"sr-RS\",\"@id\":\"https:\/\/nomis.hr\/#\/schema\/logo\/image\/\",\"url\":\"https:\/\/nomis.hr\/wp-content\/uploads\/2021\/03\/Nomis-logo-admin-login.png\",\"contentUrl\":\"https:\/\/nomis.hr\/wp-content\/uploads\/2021\/03\/Nomis-logo-admin-login.png\",\"width\":640,\"height\":163,\"caption\":\"Nomis\"},\"image\":{\"@id\":\"https:\/\/nomis.hr\/#\/schema\/logo\/image\/\"}}]}<\/script>\n<!-- \/ Yoast SEO plugin. -->","yoast_head_json":{"title":"Centralni sistemi za sus\u030cenje materijala - Nomis","robots":{"index":"index","follow":"follow","max-snippet":"max-snippet:-1","max-image-preview":"max-image-preview:large","max-video-preview":"max-video-preview:-1"},"canonical":"https:\/\/nomis.hr\/sr\/produkt\/centralni-sistemi-za-susenje-materijala\/","og_locale":"sr_RS","og_type":"article","og_title":"Centralni sistemi za sus\u030cenje materijala - Nomis","og_description":"Centralni sistemi za su\u0161enje materijala dele se na Viewer, Antistress i Flowmatik sisteme.  Viewer sistem je osnovni sistem su\u0161enja materijala gde se materijali su\u0161e u vi\u0161e izolovanih rezervoara. Svaki rezervoar ima mogu\u0107nost postavljanja svoje temperature su\u0161enja, no nema regulacije protoka vazduha, te su\u0161ara konstantno radi punim kapacitetom (protokom osu\u0161enog vazduha).  Antistress sistem su\u0161enja gde se materijali su\u0161e u vi\u0161e izolovanih rezervoara, a svaki rezervoar ima mogu\u0107nost postavljanja svoje temperature su\u0161enja. U trenutku dostizanja dozvoljenog nivoa vlage u materijalu, smanjuje se protok vazduha u spremnik su\u0161are za taj materijal. Kod ovog sistema postoji mogu\u0107nost \u201eza\u0161tite\u201c materijala od pregrejavanja s obzirom na to da se smanjuje protok osu\u0161enog i zagrejanog vazduha kroz materijal. Antistress sistem je nadogradnja Viewer sistema.  Flowmatic sistem je najmoderniji sistem su\u0161enja materijala gde se materijali su\u0161e u vi\u0161e izolovanih rezervoara, a svaki rezervoar ima mogu\u0107nost postavljanja svoje temperature su\u0161enja. U trenutku dostizanja dozvoljenog nivoa vlage u materijalu, smanjuje se protok vazduha u rezervoar su\u0161are. Ukoliko maksimalni protok vazduha iz su\u0161are nije potreban, su\u0161ara sama smanjuje svoj kapacitet vazduha i na taj na\u010din \u0161tedi energiju. Sve je regulisano preko senzora i automatskih ventila. Flowmatic sistem je nadogradnja Antistress sistema.","og_url":"https:\/\/nomis.hr\/sr\/produkt\/centralni-sistemi-za-susenje-materijala\/","og_site_name":"Nomis","og_image":[{"width":1024,"height":1024,"url":"https:\/\/nomis.hr\/wp-content\/uploads\/2022\/05\/Centralni-sustavi-za-sus\u030cenje-materijala.jpg","type":"image\/jpeg"}],"twitter_card":"summary_large_image","schema":{"@context":"https:\/\/schema.org","@graph":[{"@type":"WebPage","@id":"https:\/\/nomis.hr\/sr\/produkt\/centralni-sistemi-za-susenje-materijala\/","url":"https:\/\/nomis.hr\/sr\/produkt\/centralni-sistemi-za-susenje-materijala\/","name":"Centralni sistemi za sus\u030cenje materijala - Nomis","isPartOf":{"@id":"https:\/\/nomis.hr\/#website"},"datePublished":"2022-05-05T08:00:12+00:00","dateModified":"2022-05-05T08:00:12+00:00","breadcrumb":{"@id":"https:\/\/nomis.hr\/sr\/produkt\/centralni-sistemi-za-susenje-materijala\/#breadcrumb"},"inLanguage":"sr-RS","potentialAction":[{"@type":"ReadAction","target":["https:\/\/nomis.hr\/sr\/produkt\/centralni-sistemi-za-susenje-materijala\/"]}]},{"@type":"BreadcrumbList","@id":"https:\/\/nomis.hr\/sr\/produkt\/centralni-sistemi-za-susenje-materijala\/#breadcrumb","itemListElement":[{"@type":"ListItem","position":1,"name":"Home","item":"https:\/\/nomis.hr\/sr\/"},{"@type":"ListItem","position":2,"name":"Katalog proizvoda","item":"https:\/\/nomis.hr\/sr\/katalog-proizvoda\/"},{"@type":"ListItem","position":3,"name":"Centralni sistemi za sus\u030cenje materijala"}]},{"@type":"WebSite","@id":"https:\/\/nomis.hr\/#website","url":"https:\/\/nomis.hr\/","name":"Nomis","description":"Sve za preradu polimera i metala na jednom mjestu!","publisher":{"@id":"https:\/\/nomis.hr\/#organization"},"potentialAction":[{"@type":"SearchAction","target":{"@type":"EntryPoint","urlTemplate":"https:\/\/nomis.hr\/?s={search_term_string}"},"query-input":"required name=search_term_string"}],"inLanguage":"sr-RS"},{"@type":"Organization","@id":"https:\/\/nomis.hr\/#organization","name":"Nomis","url":"https:\/\/nomis.hr\/","logo":{"@type":"ImageObject","inLanguage":"sr-RS","@id":"https:\/\/nomis.hr\/#\/schema\/logo\/image\/","url":"https:\/\/nomis.hr\/wp-content\/uploads\/2021\/03\/Nomis-logo-admin-login.png","contentUrl":"https:\/\/nomis.hr\/wp-content\/uploads\/2021\/03\/Nomis-logo-admin-login.png","width":640,"height":163,"caption":"Nomis"},"image":{"@id":"https:\/\/nomis.hr\/#\/schema\/logo\/image\/"}}]}},"_links":{"self":[{"href":"https:\/\/nomis.hr\/sr\/wp-json\/wp\/v2\/product\/5910"}],"collection":[{"href":"https:\/\/nomis.hr\/sr\/wp-json\/wp\/v2\/product"}],"about":[{"href":"https:\/\/nomis.hr\/sr\/wp-json\/wp\/v2\/types\/product"}],"wp:featuredmedia":[{"embeddable":true,"href":"https:\/\/nomis.hr\/sr\/wp-json\/wp\/v2\/media\/5911"}],"wp:attachment":[{"href":"https:\/\/nomis.hr\/sr\/wp-json\/wp\/v2\/media?parent=5910"}],"wp:term":[{"taxonomy":"product_cat","embeddable":true,"href":"https:\/\/nomis.hr\/sr\/wp-json\/wp\/v2\/product_cat?post=5910"},{"taxonomy":"product_tag","embeddable":true,"href":"https:\/\/nomis.hr\/sr\/wp-json\/wp\/v2\/product_tag?post=5910"}],"curies":[{"name":"wp","href":"https:\/\/api.w.org\/{rel}","templated":true}]}}