{"id":5937,"date":"2025-02-24T16:24:39","date_gmt":"2025-02-24T15:24:39","guid":{"rendered":"https:\/\/nomis.hr\/product\/7x-line\/"},"modified":"2025-02-24T16:24:39","modified_gmt":"2025-02-24T15:24:39","slug":"7x-line","status":"publish","type":"product","link":"https:\/\/nomis.hr\/sr\/produkt\/7x-line\/","title":{"rendered":"7X Line"},"content":{"rendered":"","protected":false},"excerpt":{"rendered":"<p>7X linija 5-osnih robota nudi idealnu kombinaciju Sepro nove generacije 3-osnih linearnih robota visokog kvaliteta i St\u00e4ubli 2-osne digitalne rotacije. Ovo su precizni, fleksibilni roboti sposobni da izvla\u010de i utovaraju tehni\u010dki slo\u017eene delove u kalup ili IMM periferne ure\u0111aje. Visual 3 kontrolni sistem.<\/p>\n<p>Istaknuto:<\/p>\n<ul>\n<li>Dizajn za pove\u0107anu strukturnu krutost<\/li>\n<li>Sna\u017eni servomotori i inteligentni softver protiv vibracija<\/li>\n<li>Standardna funkcija pra\u0107enja putanje sa Visual 3<\/li>\n<li>Teleskopska ili kompaktna teleskopska vertikalna ruka za maksimalnu fleksibilnost<\/li>\n<li>Opcija za te\u0161ko optere\u0107enje dostupna za sve tri veli\u010dine, do 100kg<\/li>\n<li>\u201eY free funkcija\u201c<\/li>\n<\/ul>\n[fusion_button link=\"https:\/\/nomis.hr\/wp-content\/uploads\/2025\/02\/7X-LINE.pdf\" title=\"\" target=\"_blank\" link_attributes=\"\" alignment_medium=\"\" alignment_small=\"\" alignment=\"\" modal=\"\" hide_on_mobile=\"small-visibility,medium-visibility,large-visibility\" sticky_display=\"normal,sticky\" class=\"\" id=\"\" color=\"default\" button_gradient_top_color=\"\" hue=\"\" saturation=\"\" lightness=\"\" alpha=\"\" button_gradient_bottom_color=\"\" button_gradient_top_color_hover=\"\" button_gradient_bottom_color_hover=\"\" gradient_start_position=\"\" gradient_end_position=\"\" gradient_type=\"\" radial_direction=\"\" linear_angle=\"180\" accent_color=\"\" accent_hover_color=\"\" type=\"\" bevel_color=\"\" bevel_color_hover=\"\" border_top=\"\" border_right=\"\" border_bottom=\"\" border_left=\"\" border_radius_top_left=\"\" border_radius_top_right=\"\" border_radius_bottom_right=\"\" border_radius_bottom_left=\"\" border_color=\"\" border_hover_color=\"\" size=\"\" padding_top=\"\" padding_right=\"\" padding_bottom=\"\" padding_left=\"\" fusion_font_family_button_font=\"\" fusion_font_variant_button_font=\"\" font_size=\"\" line_height=\"\" letter_spacing=\"\" text_transform=\"\" stretch=\"default\" margin_top=\"\" margin_right=\"\" margin_bottom=\"\" margin_left=\"\" icon=\"fa-file-pdf fas\" icon_position=\"left\" icon_divider=\"no\" animation_type=\"\" animation_direction=\"left\" animation_speed=\"0.3\" animation_offset=\"\"]Bro\u0161ura[\/fusion_button]\n","protected":false},"featured_media":5751,"template":"","meta":[],"product_cat":[360,355,204],"product_tag":[],"yoast_head":"<!-- This site is optimized with the Yoast SEO plugin v21.3 - https:\/\/yoast.com\/wordpress\/plugins\/seo\/ -->\n<title>7X Line - Nomis<\/title>\n<meta name=\"robots\" content=\"index, follow, max-snippet:-1, max-image-preview:large, max-video-preview:-1\" \/>\n<link rel=\"canonical\" href=\"https:\/\/nomis.hr\/sr\/produkt\/7x-line\/\" \/>\n<meta property=\"og:locale\" content=\"sr_RS\" \/>\n<meta property=\"og:type\" content=\"article\" \/>\n<meta property=\"og:title\" content=\"7X Line - Nomis\" \/>\n<meta property=\"og:description\" content=\"7X linija 5-osnih robota nudi idealnu kombinaciju Sepro nove generacije 3-osnih linearnih robota visokog kvaliteta i St\u00e4ubli 2-osne digitalne rotacije. Ovo su precizni, fleksibilni roboti sposobni da izvla\u010de i utovaraju tehni\u010dki slo\u017eene delove u kalup ili IMM periferne ure\u0111aje. Visual 3 kontrolni sistem.  Istaknuto:   Dizajn za pove\u0107anu strukturnu krutost  Sna\u017eni servomotori i inteligentni softver protiv vibracija  Standardna funkcija pra\u0107enja putanje sa Visual 3  Teleskopska ili kompaktna teleskopska vertikalna ruka za maksimalnu fleksibilnost  Opcija za te\u0161ko optere\u0107enje dostupna za sve tri veli\u010dine, do 100kg  \u201eY free funkcija\u201c\" \/>\n<meta property=\"og:url\" content=\"https:\/\/nomis.hr\/sr\/produkt\/7x-line\/\" \/>\n<meta property=\"og:site_name\" content=\"Nomis\" \/>\n<meta property=\"og:image\" content=\"https:\/\/nomis.hr\/wp-content\/uploads\/2025\/02\/7X-Line-web.jpg\" \/>\n\t<meta property=\"og:image:width\" content=\"1024\" \/>\n\t<meta property=\"og:image:height\" content=\"1024\" \/>\n\t<meta property=\"og:image:type\" content=\"image\/jpeg\" \/>\n<meta name=\"twitter:card\" content=\"summary_large_image\" \/>\n<script type=\"application\/ld+json\" class=\"yoast-schema-graph\">{\"@context\":\"https:\/\/schema.org\",\"@graph\":[{\"@type\":\"WebPage\",\"@id\":\"https:\/\/nomis.hr\/sr\/produkt\/7x-line\/\",\"url\":\"https:\/\/nomis.hr\/sr\/produkt\/7x-line\/\",\"name\":\"7X Line - Nomis\",\"isPartOf\":{\"@id\":\"https:\/\/nomis.hr\/#website\"},\"datePublished\":\"2025-02-24T15:24:39+00:00\",\"dateModified\":\"2025-02-24T15:24:39+00:00\",\"breadcrumb\":{\"@id\":\"https:\/\/nomis.hr\/sr\/produkt\/7x-line\/#breadcrumb\"},\"inLanguage\":\"sr-RS\",\"potentialAction\":[{\"@type\":\"ReadAction\",\"target\":[\"https:\/\/nomis.hr\/sr\/produkt\/7x-line\/\"]}]},{\"@type\":\"BreadcrumbList\",\"@id\":\"https:\/\/nomis.hr\/sr\/produkt\/7x-line\/#breadcrumb\",\"itemListElement\":[{\"@type\":\"ListItem\",\"position\":1,\"name\":\"Home\",\"item\":\"https:\/\/nomis.hr\/sr\/\"},{\"@type\":\"ListItem\",\"position\":2,\"name\":\"Katalog proizvoda\",\"item\":\"https:\/\/nomis.hr\/sr\/katalog-proizvoda\/\"},{\"@type\":\"ListItem\",\"position\":3,\"name\":\"7X Line\"}]},{\"@type\":\"WebSite\",\"@id\":\"https:\/\/nomis.hr\/#website\",\"url\":\"https:\/\/nomis.hr\/\",\"name\":\"Nomis\",\"description\":\"Sve za preradu polimera i metala na jednom mjestu!\",\"publisher\":{\"@id\":\"https:\/\/nomis.hr\/#organization\"},\"potentialAction\":[{\"@type\":\"SearchAction\",\"target\":{\"@type\":\"EntryPoint\",\"urlTemplate\":\"https:\/\/nomis.hr\/?s={search_term_string}\"},\"query-input\":\"required name=search_term_string\"}],\"inLanguage\":\"sr-RS\"},{\"@type\":\"Organization\",\"@id\":\"https:\/\/nomis.hr\/#organization\",\"name\":\"Nomis\",\"url\":\"https:\/\/nomis.hr\/\",\"logo\":{\"@type\":\"ImageObject\",\"inLanguage\":\"sr-RS\",\"@id\":\"https:\/\/nomis.hr\/#\/schema\/logo\/image\/\",\"url\":\"https:\/\/nomis.hr\/wp-content\/uploads\/2021\/03\/Nomis-logo-admin-login.png\",\"contentUrl\":\"https:\/\/nomis.hr\/wp-content\/uploads\/2021\/03\/Nomis-logo-admin-login.png\",\"width\":640,\"height\":163,\"caption\":\"Nomis\"},\"image\":{\"@id\":\"https:\/\/nomis.hr\/#\/schema\/logo\/image\/\"}}]}<\/script>\n<!-- \/ Yoast SEO plugin. -->","yoast_head_json":{"title":"7X Line - Nomis","robots":{"index":"index","follow":"follow","max-snippet":"max-snippet:-1","max-image-preview":"max-image-preview:large","max-video-preview":"max-video-preview:-1"},"canonical":"https:\/\/nomis.hr\/sr\/produkt\/7x-line\/","og_locale":"sr_RS","og_type":"article","og_title":"7X Line - Nomis","og_description":"7X linija 5-osnih robota nudi idealnu kombinaciju Sepro nove generacije 3-osnih linearnih robota visokog kvaliteta i St\u00e4ubli 2-osne digitalne rotacije. Ovo su precizni, fleksibilni roboti sposobni da izvla\u010de i utovaraju tehni\u010dki slo\u017eene delove u kalup ili IMM periferne ure\u0111aje. Visual 3 kontrolni sistem.  Istaknuto:   Dizajn za pove\u0107anu strukturnu krutost  Sna\u017eni servomotori i inteligentni softver protiv vibracija  Standardna funkcija pra\u0107enja putanje sa Visual 3  Teleskopska ili kompaktna teleskopska vertikalna ruka za maksimalnu fleksibilnost  Opcija za te\u0161ko optere\u0107enje dostupna za sve tri veli\u010dine, do 100kg  \u201eY free funkcija\u201c","og_url":"https:\/\/nomis.hr\/sr\/produkt\/7x-line\/","og_site_name":"Nomis","og_image":[{"width":1024,"height":1024,"url":"https:\/\/nomis.hr\/wp-content\/uploads\/2025\/02\/7X-Line-web.jpg","type":"image\/jpeg"}],"twitter_card":"summary_large_image","schema":{"@context":"https:\/\/schema.org","@graph":[{"@type":"WebPage","@id":"https:\/\/nomis.hr\/sr\/produkt\/7x-line\/","url":"https:\/\/nomis.hr\/sr\/produkt\/7x-line\/","name":"7X Line - Nomis","isPartOf":{"@id":"https:\/\/nomis.hr\/#website"},"datePublished":"2025-02-24T15:24:39+00:00","dateModified":"2025-02-24T15:24:39+00:00","breadcrumb":{"@id":"https:\/\/nomis.hr\/sr\/produkt\/7x-line\/#breadcrumb"},"inLanguage":"sr-RS","potentialAction":[{"@type":"ReadAction","target":["https:\/\/nomis.hr\/sr\/produkt\/7x-line\/"]}]},{"@type":"BreadcrumbList","@id":"https:\/\/nomis.hr\/sr\/produkt\/7x-line\/#breadcrumb","itemListElement":[{"@type":"ListItem","position":1,"name":"Home","item":"https:\/\/nomis.hr\/sr\/"},{"@type":"ListItem","position":2,"name":"Katalog proizvoda","item":"https:\/\/nomis.hr\/sr\/katalog-proizvoda\/"},{"@type":"ListItem","position":3,"name":"7X Line"}]},{"@type":"WebSite","@id":"https:\/\/nomis.hr\/#website","url":"https:\/\/nomis.hr\/","name":"Nomis","description":"Sve za preradu polimera i metala na jednom mjestu!","publisher":{"@id":"https:\/\/nomis.hr\/#organization"},"potentialAction":[{"@type":"SearchAction","target":{"@type":"EntryPoint","urlTemplate":"https:\/\/nomis.hr\/?s={search_term_string}"},"query-input":"required name=search_term_string"}],"inLanguage":"sr-RS"},{"@type":"Organization","@id":"https:\/\/nomis.hr\/#organization","name":"Nomis","url":"https:\/\/nomis.hr\/","logo":{"@type":"ImageObject","inLanguage":"sr-RS","@id":"https:\/\/nomis.hr\/#\/schema\/logo\/image\/","url":"https:\/\/nomis.hr\/wp-content\/uploads\/2021\/03\/Nomis-logo-admin-login.png","contentUrl":"https:\/\/nomis.hr\/wp-content\/uploads\/2021\/03\/Nomis-logo-admin-login.png","width":640,"height":163,"caption":"Nomis"},"image":{"@id":"https:\/\/nomis.hr\/#\/schema\/logo\/image\/"}}]}},"_links":{"self":[{"href":"https:\/\/nomis.hr\/sr\/wp-json\/wp\/v2\/product\/5937"}],"collection":[{"href":"https:\/\/nomis.hr\/sr\/wp-json\/wp\/v2\/product"}],"about":[{"href":"https:\/\/nomis.hr\/sr\/wp-json\/wp\/v2\/types\/product"}],"wp:featuredmedia":[{"embeddable":true,"href":"https:\/\/nomis.hr\/sr\/wp-json\/wp\/v2\/media\/5751"}],"wp:attachment":[{"href":"https:\/\/nomis.hr\/sr\/wp-json\/wp\/v2\/media?parent=5937"}],"wp:term":[{"taxonomy":"product_cat","embeddable":true,"href":"https:\/\/nomis.hr\/sr\/wp-json\/wp\/v2\/product_cat?post=5937"},{"taxonomy":"product_tag","embeddable":true,"href":"https:\/\/nomis.hr\/sr\/wp-json\/wp\/v2\/product_tag?post=5937"}],"curies":[{"name":"wp","href":"https:\/\/api.w.org\/{rel}","templated":true}]}}