{"id":5941,"date":"2025-02-24T16:37:14","date_gmt":"2025-02-24T15:37:14","guid":{"rendered":"https:\/\/nomis.hr\/product\/6x-visual-staubli\/"},"modified":"2025-02-24T16:37:14","modified_gmt":"2025-02-24T15:37:14","slug":"6x-visual-staubli","status":"publish","type":"product","link":"https:\/\/nomis.hr\/sr\/produkt\/6x-visual-staubli\/","title":{"rendered":"6X Visual &#8211; Staubli"},"content":{"rendered":"","protected":false},"excerpt":{"rendered":"<p>6X Visual pru\u017ea snagu kombinacije 6-osne St\u00e4ubli servo poliartikulirane ruke. Kontrola se obavlja putem jednostavnog Sepro Visual 3 sistema. To je Sepro inovacija savr\u0161eno prilago\u0111ena specifi\u010dnim potrebama industrije prerade plastike. 6X Visual se koristi na ma\u0161inama za brizganje za lako prikupljanje i postavljanje, slo\u017eene aplikacije prac\u0301enja putanje i na periferiji za naknadnu obradu plasti\u010dnih delova.<\/p>\n<p>Istaknuto:<\/p>\n<ul>\n<li>Mali i srednji nosa\u010di dizajnirani kao zatvorene strukture pogodne za primene u \u010distim sobama (ISO5 i IP65)<\/li>\n<li>Vi\u0161e mogu\u0107ih rasporeda: na podu ili na plafonu<\/li>\n<li>Nizak tro\u0161ak odr\u017eavanja (zamena ulja na osovinama)<\/li>\n<li>Pojednostavljeno programiranje zahvaljuju\u0107i 3D Simple Pick &amp; Place modulu u Visual 3 kontrolnom sistemu<\/li>\n<\/ul>\n[fusion_button link=\"https:\/\/nomis.hr\/wp-content\/uploads\/2025\/02\/6X-Visual.pdf\" title=\"\" target=\"_blank\" link_attributes=\"\" alignment_medium=\"\" alignment_small=\"\" alignment=\"\" modal=\"\" hide_on_mobile=\"small-visibility,medium-visibility,large-visibility\" sticky_display=\"normal,sticky\" class=\"\" id=\"\" color=\"default\" button_gradient_top_color=\"\" hue=\"\" saturation=\"\" lightness=\"\" alpha=\"\" button_gradient_bottom_color=\"\" button_gradient_top_color_hover=\"\" button_gradient_bottom_color_hover=\"\" gradient_start_position=\"\" gradient_end_position=\"\" gradient_type=\"\" radial_direction=\"\" linear_angle=\"180\" accent_color=\"\" accent_hover_color=\"\" type=\"\" bevel_color=\"\" bevel_color_hover=\"\" border_top=\"\" border_right=\"\" border_bottom=\"\" border_left=\"\" border_radius_top_left=\"\" border_radius_top_right=\"\" border_radius_bottom_right=\"\" border_radius_bottom_left=\"\" border_color=\"\" border_hover_color=\"\" size=\"\" padding_top=\"\" padding_right=\"\" padding_bottom=\"\" padding_left=\"\" fusion_font_family_button_font=\"\" fusion_font_variant_button_font=\"\" font_size=\"\" line_height=\"\" letter_spacing=\"\" text_transform=\"\" stretch=\"default\" margin_top=\"\" margin_right=\"\" margin_bottom=\"\" margin_left=\"\" icon=\"fa-file-pdf fas\" icon_position=\"left\" icon_divider=\"no\" animation_type=\"\" animation_direction=\"left\" animation_speed=\"0.3\" animation_offset=\"\"]Bro\u0161ura[\/fusion_button]\n","protected":false},"featured_media":5794,"template":"","meta":[],"product_cat":[361,355,204],"product_tag":[],"yoast_head":"<!-- This site is optimized with the Yoast SEO plugin v21.3 - https:\/\/yoast.com\/wordpress\/plugins\/seo\/ -->\n<title>6X Visual - Staubli - Nomis<\/title>\n<meta name=\"robots\" content=\"index, follow, max-snippet:-1, max-image-preview:large, max-video-preview:-1\" \/>\n<link rel=\"canonical\" href=\"https:\/\/nomis.hr\/sr\/produkt\/6x-visual-staubli\/\" \/>\n<meta property=\"og:locale\" content=\"sr_RS\" \/>\n<meta property=\"og:type\" content=\"article\" \/>\n<meta property=\"og:title\" content=\"6X Visual - Staubli - Nomis\" \/>\n<meta property=\"og:description\" content=\"6X Visual pru\u017ea snagu kombinacije 6-osne St\u00e4ubli servo poliartikulirane ruke. Kontrola se obavlja putem jednostavnog Sepro Visual 3 sistema. To je Sepro inovacija savr\u0161eno prilago\u0111ena specifi\u010dnim potrebama industrije prerade plastike. 6X Visual se koristi na ma\u0161inama za brizganje za lako prikupljanje i postavljanje, slo\u017eene aplikacije prac\u0301enja putanje i na periferiji za naknadnu obradu plasti\u010dnih delova.  Istaknuto:   Mali i srednji nosa\u010di dizajnirani kao zatvorene strukture pogodne za primene u \u010distim sobama (ISO5 i IP65)  Vi\u0161e mogu\u0107ih rasporeda: na podu ili na plafonu  Nizak tro\u0161ak odr\u017eavanja (zamena ulja na osovinama)  Pojednostavljeno programiranje zahvaljuju\u0107i 3D Simple Pick &amp; Place modulu u Visual 3 kontrolnom sistemu\" \/>\n<meta property=\"og:url\" content=\"https:\/\/nomis.hr\/sr\/produkt\/6x-visual-staubli\/\" \/>\n<meta property=\"og:site_name\" content=\"Nomis\" \/>\n<meta property=\"og:image\" content=\"https:\/\/nomis.hr\/wp-content\/uploads\/2025\/02\/6X90L_Sepro_Staubli-web.png\" \/>\n\t<meta property=\"og:image:width\" content=\"1024\" \/>\n\t<meta property=\"og:image:height\" content=\"1024\" \/>\n\t<meta property=\"og:image:type\" content=\"image\/png\" \/>\n<meta name=\"twitter:card\" content=\"summary_large_image\" \/>\n<script type=\"application\/ld+json\" class=\"yoast-schema-graph\">{\"@context\":\"https:\/\/schema.org\",\"@graph\":[{\"@type\":\"WebPage\",\"@id\":\"https:\/\/nomis.hr\/sr\/produkt\/6x-visual-staubli\/\",\"url\":\"https:\/\/nomis.hr\/sr\/produkt\/6x-visual-staubli\/\",\"name\":\"6X Visual - Staubli - Nomis\",\"isPartOf\":{\"@id\":\"https:\/\/nomis.hr\/#website\"},\"datePublished\":\"2025-02-24T15:37:14+00:00\",\"dateModified\":\"2025-02-24T15:37:14+00:00\",\"breadcrumb\":{\"@id\":\"https:\/\/nomis.hr\/sr\/produkt\/6x-visual-staubli\/#breadcrumb\"},\"inLanguage\":\"sr-RS\",\"potentialAction\":[{\"@type\":\"ReadAction\",\"target\":[\"https:\/\/nomis.hr\/sr\/produkt\/6x-visual-staubli\/\"]}]},{\"@type\":\"BreadcrumbList\",\"@id\":\"https:\/\/nomis.hr\/sr\/produkt\/6x-visual-staubli\/#breadcrumb\",\"itemListElement\":[{\"@type\":\"ListItem\",\"position\":1,\"name\":\"Home\",\"item\":\"https:\/\/nomis.hr\/sr\/\"},{\"@type\":\"ListItem\",\"position\":2,\"name\":\"Katalog proizvoda\",\"item\":\"https:\/\/nomis.hr\/sr\/katalog-proizvoda\/\"},{\"@type\":\"ListItem\",\"position\":3,\"name\":\"6X Visual &#8211; Staubli\"}]},{\"@type\":\"WebSite\",\"@id\":\"https:\/\/nomis.hr\/#website\",\"url\":\"https:\/\/nomis.hr\/\",\"name\":\"Nomis\",\"description\":\"Sve za preradu polimera i metala na jednom mjestu!\",\"publisher\":{\"@id\":\"https:\/\/nomis.hr\/#organization\"},\"potentialAction\":[{\"@type\":\"SearchAction\",\"target\":{\"@type\":\"EntryPoint\",\"urlTemplate\":\"https:\/\/nomis.hr\/?s={search_term_string}\"},\"query-input\":\"required name=search_term_string\"}],\"inLanguage\":\"sr-RS\"},{\"@type\":\"Organization\",\"@id\":\"https:\/\/nomis.hr\/#organization\",\"name\":\"Nomis\",\"url\":\"https:\/\/nomis.hr\/\",\"logo\":{\"@type\":\"ImageObject\",\"inLanguage\":\"sr-RS\",\"@id\":\"https:\/\/nomis.hr\/#\/schema\/logo\/image\/\",\"url\":\"https:\/\/nomis.hr\/wp-content\/uploads\/2021\/03\/Nomis-logo-admin-login.png\",\"contentUrl\":\"https:\/\/nomis.hr\/wp-content\/uploads\/2021\/03\/Nomis-logo-admin-login.png\",\"width\":640,\"height\":163,\"caption\":\"Nomis\"},\"image\":{\"@id\":\"https:\/\/nomis.hr\/#\/schema\/logo\/image\/\"}}]}<\/script>\n<!-- \/ Yoast SEO plugin. -->","yoast_head_json":{"title":"6X Visual - Staubli - Nomis","robots":{"index":"index","follow":"follow","max-snippet":"max-snippet:-1","max-image-preview":"max-image-preview:large","max-video-preview":"max-video-preview:-1"},"canonical":"https:\/\/nomis.hr\/sr\/produkt\/6x-visual-staubli\/","og_locale":"sr_RS","og_type":"article","og_title":"6X Visual - Staubli - Nomis","og_description":"6X Visual pru\u017ea snagu kombinacije 6-osne St\u00e4ubli servo poliartikulirane ruke. Kontrola se obavlja putem jednostavnog Sepro Visual 3 sistema. To je Sepro inovacija savr\u0161eno prilago\u0111ena specifi\u010dnim potrebama industrije prerade plastike. 6X Visual se koristi na ma\u0161inama za brizganje za lako prikupljanje i postavljanje, slo\u017eene aplikacije prac\u0301enja putanje i na periferiji za naknadnu obradu plasti\u010dnih delova.  Istaknuto:   Mali i srednji nosa\u010di dizajnirani kao zatvorene strukture pogodne za primene u \u010distim sobama (ISO5 i IP65)  Vi\u0161e mogu\u0107ih rasporeda: na podu ili na plafonu  Nizak tro\u0161ak odr\u017eavanja (zamena ulja na osovinama)  Pojednostavljeno programiranje zahvaljuju\u0107i 3D Simple Pick &amp; Place modulu u Visual 3 kontrolnom sistemu","og_url":"https:\/\/nomis.hr\/sr\/produkt\/6x-visual-staubli\/","og_site_name":"Nomis","og_image":[{"width":1024,"height":1024,"url":"https:\/\/nomis.hr\/wp-content\/uploads\/2025\/02\/6X90L_Sepro_Staubli-web.png","type":"image\/png"}],"twitter_card":"summary_large_image","schema":{"@context":"https:\/\/schema.org","@graph":[{"@type":"WebPage","@id":"https:\/\/nomis.hr\/sr\/produkt\/6x-visual-staubli\/","url":"https:\/\/nomis.hr\/sr\/produkt\/6x-visual-staubli\/","name":"6X Visual - Staubli - Nomis","isPartOf":{"@id":"https:\/\/nomis.hr\/#website"},"datePublished":"2025-02-24T15:37:14+00:00","dateModified":"2025-02-24T15:37:14+00:00","breadcrumb":{"@id":"https:\/\/nomis.hr\/sr\/produkt\/6x-visual-staubli\/#breadcrumb"},"inLanguage":"sr-RS","potentialAction":[{"@type":"ReadAction","target":["https:\/\/nomis.hr\/sr\/produkt\/6x-visual-staubli\/"]}]},{"@type":"BreadcrumbList","@id":"https:\/\/nomis.hr\/sr\/produkt\/6x-visual-staubli\/#breadcrumb","itemListElement":[{"@type":"ListItem","position":1,"name":"Home","item":"https:\/\/nomis.hr\/sr\/"},{"@type":"ListItem","position":2,"name":"Katalog proizvoda","item":"https:\/\/nomis.hr\/sr\/katalog-proizvoda\/"},{"@type":"ListItem","position":3,"name":"6X Visual &#8211; Staubli"}]},{"@type":"WebSite","@id":"https:\/\/nomis.hr\/#website","url":"https:\/\/nomis.hr\/","name":"Nomis","description":"Sve za preradu polimera i metala na jednom mjestu!","publisher":{"@id":"https:\/\/nomis.hr\/#organization"},"potentialAction":[{"@type":"SearchAction","target":{"@type":"EntryPoint","urlTemplate":"https:\/\/nomis.hr\/?s={search_term_string}"},"query-input":"required name=search_term_string"}],"inLanguage":"sr-RS"},{"@type":"Organization","@id":"https:\/\/nomis.hr\/#organization","name":"Nomis","url":"https:\/\/nomis.hr\/","logo":{"@type":"ImageObject","inLanguage":"sr-RS","@id":"https:\/\/nomis.hr\/#\/schema\/logo\/image\/","url":"https:\/\/nomis.hr\/wp-content\/uploads\/2021\/03\/Nomis-logo-admin-login.png","contentUrl":"https:\/\/nomis.hr\/wp-content\/uploads\/2021\/03\/Nomis-logo-admin-login.png","width":640,"height":163,"caption":"Nomis"},"image":{"@id":"https:\/\/nomis.hr\/#\/schema\/logo\/image\/"}}]}},"_links":{"self":[{"href":"https:\/\/nomis.hr\/sr\/wp-json\/wp\/v2\/product\/5941"}],"collection":[{"href":"https:\/\/nomis.hr\/sr\/wp-json\/wp\/v2\/product"}],"about":[{"href":"https:\/\/nomis.hr\/sr\/wp-json\/wp\/v2\/types\/product"}],"wp:featuredmedia":[{"embeddable":true,"href":"https:\/\/nomis.hr\/sr\/wp-json\/wp\/v2\/media\/5794"}],"wp:attachment":[{"href":"https:\/\/nomis.hr\/sr\/wp-json\/wp\/v2\/media?parent=5941"}],"wp:term":[{"taxonomy":"product_cat","embeddable":true,"href":"https:\/\/nomis.hr\/sr\/wp-json\/wp\/v2\/product_cat?post=5941"},{"taxonomy":"product_tag","embeddable":true,"href":"https:\/\/nomis.hr\/sr\/wp-json\/wp\/v2\/product_tag?post=5941"}],"curies":[{"name":"wp","href":"https:\/\/api.w.org\/{rel}","templated":true}]}}