{"id":5945,"date":"2025-02-24T17:05:00","date_gmt":"2025-02-24T16:05:00","guid":{"rendered":"https:\/\/nomis.hr\/product\/s5-picker\/"},"modified":"2025-02-24T17:05:00","modified_gmt":"2025-02-24T16:05:00","slug":"s5-picker","status":"publish","type":"product","link":"https:\/\/nomis.hr\/sr\/produkt\/s5-picker\/","title":{"rendered":"S5 Picker"},"content":{"rendered":"","protected":false},"excerpt":{"rendered":"<p>S5 Picker je brz i jednostavan kartezijski hvata\u010d odlivka koji se montira na gredu sa tri numeri\u010dke ose. Dizajniran kao mali Sepro robot, mo\u017ee se integrisati u IMM sa \u017eljebom za evakuaciju odlivka. Sa verzijom produ\u017eenog hoda, odlivci se mogu evakuisati direktno iz IMM-a. Kontrolni sistem Touch Picker-a.<\/p>\n<p>Najva\u017enije:<\/p>\n<ul>\n<li>3 kartezijanske linearne CNC ose<\/li>\n<li>Istovremeno upravljanje 3 ose sa servomotorom<\/li>\n<li>Raspored integrisan u IMM oblast \u2013 standardni hod<\/li>\n<li>Verzija pro\u0161irenog poteza skidanja za evakuaciju odlivka izvan IMM-a<\/li>\n<li>Smanjeno vreme intervencije u kalupu<\/li>\n<li>Precizna ponovljivost<\/li>\n<li>Pneumatski zglob za jednostavno postavljanje delova ili slaganje na kai\u0161eve<\/li>\n<li>Sepro kontrolni sistem visokog nivoa, Touch Picker: jednostavan Pick &amp; Place modul brza zamena<\/li>\n<\/ul>\n[fusion_button link=\"https:\/\/nomis.hr\/wp-content\/uploads\/2025\/02\/S5-Picker.pdf\" title=\"\" target=\"_blank\" link_attributes=\"\" alignment_medium=\"\" alignment_small=\"\" alignment=\"\" modal=\"\" hide_on_mobile=\"small-visibility,medium-visibility,large-visibility\" sticky_display=\"normal,sticky\" class=\"\" id=\"\" color=\"default\" button_gradient_top_color=\"\" hue=\"\" saturation=\"\" lightness=\"\" alpha=\"\" button_gradient_bottom_color=\"\" button_gradient_top_color_hover=\"\" button_gradient_bottom_color_hover=\"\" gradient_start_position=\"\" gradient_end_position=\"\" gradient_type=\"\" radial_direction=\"\" linear_angle=\"180\" accent_color=\"\" accent_hover_color=\"\" type=\"\" bevel_color=\"\" bevel_color_hover=\"\" border_top=\"\" border_right=\"\" border_bottom=\"\" border_left=\"\" border_radius_top_left=\"\" border_radius_top_right=\"\" border_radius_bottom_right=\"\" border_radius_bottom_left=\"\" border_color=\"\" border_hover_color=\"\" size=\"\" padding_top=\"\" padding_right=\"\" padding_bottom=\"\" padding_left=\"\" fusion_font_family_button_font=\"\" fusion_font_variant_button_font=\"\" font_size=\"\" line_height=\"\" letter_spacing=\"\" text_transform=\"\" stretch=\"default\" margin_top=\"\" margin_right=\"\" margin_bottom=\"\" margin_left=\"\" icon=\"fa-file-pdf fas\" icon_position=\"left\" icon_divider=\"no\" animation_type=\"\" animation_direction=\"left\" animation_speed=\"0.3\" animation_offset=\"\"]Bro\u0161ura[\/fusion_button]\n","protected":false},"featured_media":5775,"template":"","meta":[],"product_cat":[363,355,204],"product_tag":[],"yoast_head":"<!-- This site is optimized with the Yoast SEO plugin v21.3 - https:\/\/yoast.com\/wordpress\/plugins\/seo\/ -->\n<title>S5 Picker - Nomis<\/title>\n<meta name=\"robots\" content=\"index, follow, max-snippet:-1, max-image-preview:large, max-video-preview:-1\" \/>\n<link rel=\"canonical\" href=\"https:\/\/nomis.hr\/sr\/produkt\/s5-picker\/\" \/>\n<meta property=\"og:locale\" content=\"sr_RS\" \/>\n<meta property=\"og:type\" content=\"article\" \/>\n<meta property=\"og:title\" content=\"S5 Picker - Nomis\" \/>\n<meta property=\"og:description\" content=\"S5 Picker je brz i jednostavan kartezijski hvata\u010d odlivka koji se montira na gredu sa tri numeri\u010dke ose. Dizajniran kao mali Sepro robot, mo\u017ee se integrisati u IMM sa \u017eljebom za evakuaciju odlivka. Sa verzijom produ\u017eenog hoda, odlivci se mogu evakuisati direktno iz IMM-a. Kontrolni sistem Touch Picker-a.  Najva\u017enije:   3 kartezijanske linearne CNC ose  Istovremeno upravljanje 3 ose sa servomotorom  Raspored integrisan u IMM oblast \u2013 standardni hod  Verzija pro\u0161irenog poteza skidanja za evakuaciju odlivka izvan IMM-a  Smanjeno vreme intervencije u kalupu  Precizna ponovljivost  Pneumatski zglob za jednostavno postavljanje delova ili slaganje na kai\u0161eve  Sepro kontrolni sistem visokog nivoa, Touch Picker: jednostavan Pick &amp; Place modul brza zamena\" \/>\n<meta property=\"og:url\" content=\"https:\/\/nomis.hr\/sr\/produkt\/s5-picker\/\" \/>\n<meta property=\"og:site_name\" content=\"Nomis\" \/>\n<meta property=\"og:image\" content=\"https:\/\/nomis.hr\/wp-content\/uploads\/2025\/02\/Sepro_S5Picker-face_HD2-web.jpg\" \/>\n\t<meta property=\"og:image:width\" content=\"1024\" \/>\n\t<meta property=\"og:image:height\" content=\"1024\" \/>\n\t<meta property=\"og:image:type\" content=\"image\/jpeg\" \/>\n<meta name=\"twitter:card\" content=\"summary_large_image\" \/>\n<script type=\"application\/ld+json\" class=\"yoast-schema-graph\">{\"@context\":\"https:\/\/schema.org\",\"@graph\":[{\"@type\":\"WebPage\",\"@id\":\"https:\/\/nomis.hr\/sr\/produkt\/s5-picker\/\",\"url\":\"https:\/\/nomis.hr\/sr\/produkt\/s5-picker\/\",\"name\":\"S5 Picker - Nomis\",\"isPartOf\":{\"@id\":\"https:\/\/nomis.hr\/#website\"},\"datePublished\":\"2025-02-24T16:05:00+00:00\",\"dateModified\":\"2025-02-24T16:05:00+00:00\",\"breadcrumb\":{\"@id\":\"https:\/\/nomis.hr\/sr\/produkt\/s5-picker\/#breadcrumb\"},\"inLanguage\":\"sr-RS\",\"potentialAction\":[{\"@type\":\"ReadAction\",\"target\":[\"https:\/\/nomis.hr\/sr\/produkt\/s5-picker\/\"]}]},{\"@type\":\"BreadcrumbList\",\"@id\":\"https:\/\/nomis.hr\/sr\/produkt\/s5-picker\/#breadcrumb\",\"itemListElement\":[{\"@type\":\"ListItem\",\"position\":1,\"name\":\"Home\",\"item\":\"https:\/\/nomis.hr\/sr\/\"},{\"@type\":\"ListItem\",\"position\":2,\"name\":\"Katalog proizvoda\",\"item\":\"https:\/\/nomis.hr\/sr\/katalog-proizvoda\/\"},{\"@type\":\"ListItem\",\"position\":3,\"name\":\"S5 Picker\"}]},{\"@type\":\"WebSite\",\"@id\":\"https:\/\/nomis.hr\/#website\",\"url\":\"https:\/\/nomis.hr\/\",\"name\":\"Nomis\",\"description\":\"Sve za preradu polimera i metala na jednom mjestu!\",\"publisher\":{\"@id\":\"https:\/\/nomis.hr\/#organization\"},\"potentialAction\":[{\"@type\":\"SearchAction\",\"target\":{\"@type\":\"EntryPoint\",\"urlTemplate\":\"https:\/\/nomis.hr\/?s={search_term_string}\"},\"query-input\":\"required name=search_term_string\"}],\"inLanguage\":\"sr-RS\"},{\"@type\":\"Organization\",\"@id\":\"https:\/\/nomis.hr\/#organization\",\"name\":\"Nomis\",\"url\":\"https:\/\/nomis.hr\/\",\"logo\":{\"@type\":\"ImageObject\",\"inLanguage\":\"sr-RS\",\"@id\":\"https:\/\/nomis.hr\/#\/schema\/logo\/image\/\",\"url\":\"https:\/\/nomis.hr\/wp-content\/uploads\/2021\/03\/Nomis-logo-admin-login.png\",\"contentUrl\":\"https:\/\/nomis.hr\/wp-content\/uploads\/2021\/03\/Nomis-logo-admin-login.png\",\"width\":640,\"height\":163,\"caption\":\"Nomis\"},\"image\":{\"@id\":\"https:\/\/nomis.hr\/#\/schema\/logo\/image\/\"}}]}<\/script>\n<!-- \/ Yoast SEO plugin. -->","yoast_head_json":{"title":"S5 Picker - Nomis","robots":{"index":"index","follow":"follow","max-snippet":"max-snippet:-1","max-image-preview":"max-image-preview:large","max-video-preview":"max-video-preview:-1"},"canonical":"https:\/\/nomis.hr\/sr\/produkt\/s5-picker\/","og_locale":"sr_RS","og_type":"article","og_title":"S5 Picker - Nomis","og_description":"S5 Picker je brz i jednostavan kartezijski hvata\u010d odlivka koji se montira na gredu sa tri numeri\u010dke ose. Dizajniran kao mali Sepro robot, mo\u017ee se integrisati u IMM sa \u017eljebom za evakuaciju odlivka. Sa verzijom produ\u017eenog hoda, odlivci se mogu evakuisati direktno iz IMM-a. Kontrolni sistem Touch Picker-a.  Najva\u017enije:   3 kartezijanske linearne CNC ose  Istovremeno upravljanje 3 ose sa servomotorom  Raspored integrisan u IMM oblast \u2013 standardni hod  Verzija pro\u0161irenog poteza skidanja za evakuaciju odlivka izvan IMM-a  Smanjeno vreme intervencije u kalupu  Precizna ponovljivost  Pneumatski zglob za jednostavno postavljanje delova ili slaganje na kai\u0161eve  Sepro kontrolni sistem visokog nivoa, Touch Picker: jednostavan Pick &amp; Place modul brza zamena","og_url":"https:\/\/nomis.hr\/sr\/produkt\/s5-picker\/","og_site_name":"Nomis","og_image":[{"width":1024,"height":1024,"url":"https:\/\/nomis.hr\/wp-content\/uploads\/2025\/02\/Sepro_S5Picker-face_HD2-web.jpg","type":"image\/jpeg"}],"twitter_card":"summary_large_image","schema":{"@context":"https:\/\/schema.org","@graph":[{"@type":"WebPage","@id":"https:\/\/nomis.hr\/sr\/produkt\/s5-picker\/","url":"https:\/\/nomis.hr\/sr\/produkt\/s5-picker\/","name":"S5 Picker - Nomis","isPartOf":{"@id":"https:\/\/nomis.hr\/#website"},"datePublished":"2025-02-24T16:05:00+00:00","dateModified":"2025-02-24T16:05:00+00:00","breadcrumb":{"@id":"https:\/\/nomis.hr\/sr\/produkt\/s5-picker\/#breadcrumb"},"inLanguage":"sr-RS","potentialAction":[{"@type":"ReadAction","target":["https:\/\/nomis.hr\/sr\/produkt\/s5-picker\/"]}]},{"@type":"BreadcrumbList","@id":"https:\/\/nomis.hr\/sr\/produkt\/s5-picker\/#breadcrumb","itemListElement":[{"@type":"ListItem","position":1,"name":"Home","item":"https:\/\/nomis.hr\/sr\/"},{"@type":"ListItem","position":2,"name":"Katalog proizvoda","item":"https:\/\/nomis.hr\/sr\/katalog-proizvoda\/"},{"@type":"ListItem","position":3,"name":"S5 Picker"}]},{"@type":"WebSite","@id":"https:\/\/nomis.hr\/#website","url":"https:\/\/nomis.hr\/","name":"Nomis","description":"Sve za preradu polimera i metala na jednom mjestu!","publisher":{"@id":"https:\/\/nomis.hr\/#organization"},"potentialAction":[{"@type":"SearchAction","target":{"@type":"EntryPoint","urlTemplate":"https:\/\/nomis.hr\/?s={search_term_string}"},"query-input":"required name=search_term_string"}],"inLanguage":"sr-RS"},{"@type":"Organization","@id":"https:\/\/nomis.hr\/#organization","name":"Nomis","url":"https:\/\/nomis.hr\/","logo":{"@type":"ImageObject","inLanguage":"sr-RS","@id":"https:\/\/nomis.hr\/#\/schema\/logo\/image\/","url":"https:\/\/nomis.hr\/wp-content\/uploads\/2021\/03\/Nomis-logo-admin-login.png","contentUrl":"https:\/\/nomis.hr\/wp-content\/uploads\/2021\/03\/Nomis-logo-admin-login.png","width":640,"height":163,"caption":"Nomis"},"image":{"@id":"https:\/\/nomis.hr\/#\/schema\/logo\/image\/"}}]}},"_links":{"self":[{"href":"https:\/\/nomis.hr\/sr\/wp-json\/wp\/v2\/product\/5945"}],"collection":[{"href":"https:\/\/nomis.hr\/sr\/wp-json\/wp\/v2\/product"}],"about":[{"href":"https:\/\/nomis.hr\/sr\/wp-json\/wp\/v2\/types\/product"}],"wp:featuredmedia":[{"embeddable":true,"href":"https:\/\/nomis.hr\/sr\/wp-json\/wp\/v2\/media\/5775"}],"wp:attachment":[{"href":"https:\/\/nomis.hr\/sr\/wp-json\/wp\/v2\/media?parent=5945"}],"wp:term":[{"taxonomy":"product_cat","embeddable":true,"href":"https:\/\/nomis.hr\/sr\/wp-json\/wp\/v2\/product_cat?post=5945"},{"taxonomy":"product_tag","embeddable":true,"href":"https:\/\/nomis.hr\/sr\/wp-json\/wp\/v2\/product_tag?post=5945"}],"curies":[{"name":"wp","href":"https:\/\/api.w.org\/{rel}","templated":true}]}}