{"id":5949,"date":"2025-02-24T16:45:42","date_gmt":"2025-02-24T15:45:42","guid":{"rendered":"https:\/\/nomis.hr\/product\/iml-in-mold-labelling-sustav\/"},"modified":"2025-02-24T16:45:42","modified_gmt":"2025-02-24T15:45:42","slug":"iml-in-mold-labelling-sustav","status":"publish","type":"product","link":"https:\/\/nomis.hr\/sr\/produkt\/iml-in-mold-labelling-sustav\/","title":{"rendered":"IML In-Mold-Labelling sistem"},"content":{"rendered":"","protected":false},"excerpt":{"rendered":"<p>Sepro IML je re\u0161enje razvijeno u saradnji sa Machines Pag\u00e8s, stru\u010dnjakom za IML sisteme, za postavljanje ravnih ili omotanih etiketa na poklopce, kante za delove tipa kade, za upotrebu u industriji ambala\u017ee. Mehani\u010dka arhitektura sistema uklju\u010duje Sepro kartezijanski robot za bo\u010dni ulazak razvijen od S5 platforme i standardni modul za distribuciju, prenos i utovar\/istovar za etikete, koji isporu\u010duje Machines Pag\u00e8s.<\/p>\n<p>Istaknuto:<\/p>\n<ul>\n<li>Prizmati\u010dne linearne vo\u0111ice za velika ubrzanja<\/li>\n<li>Sna\u017eni servomotori daju kratko vreme ciklusa po\u010dev\u0161i od 3,9 sekundi i vreme ulivanja i izbacivanja po\u010dev\u0161i od 0,9 sec<\/li>\n<li>Provera kvaliteta etikete<\/li>\n<li>Precizno postavljanje etiketa pomo\u0107u elektrostati\u010dkog naelektrisanja<\/li>\n<li>Re\u0161enje kompatibilno sa svim markama ma\u0161ina za brizganje<\/li>\n<\/ul>\n[fusion_button link=\"https:\/\/nomis.hr\/wp-content\/uploads\/2025\/02\/IML.pdf\" title=\"\" target=\"_blank\" link_attributes=\"\" alignment_medium=\"\" alignment_small=\"\" alignment=\"\" modal=\"\" hide_on_mobile=\"small-visibility,medium-visibility,large-visibility\" sticky_display=\"normal,sticky\" class=\"\" id=\"\" color=\"default\" button_gradient_top_color=\"\" hue=\"\" saturation=\"\" lightness=\"\" alpha=\"\" button_gradient_bottom_color=\"\" button_gradient_top_color_hover=\"\" button_gradient_bottom_color_hover=\"\" gradient_start_position=\"\" gradient_end_position=\"\" gradient_type=\"\" radial_direction=\"\" linear_angle=\"180\" accent_color=\"\" accent_hover_color=\"\" type=\"\" bevel_color=\"\" bevel_color_hover=\"\" border_top=\"\" border_right=\"\" border_bottom=\"\" border_left=\"\" border_radius_top_left=\"\" border_radius_top_right=\"\" border_radius_bottom_right=\"\" border_radius_bottom_left=\"\" border_color=\"\" border_hover_color=\"\" size=\"\" padding_top=\"\" padding_right=\"\" padding_bottom=\"\" padding_left=\"\" fusion_font_family_button_font=\"\" fusion_font_variant_button_font=\"\" font_size=\"\" line_height=\"\" letter_spacing=\"\" text_transform=\"\" stretch=\"default\" margin_top=\"\" margin_right=\"\" margin_bottom=\"\" margin_left=\"\" icon=\"fa-file-pdf fas\" icon_position=\"left\" icon_divider=\"no\" animation_type=\"\" animation_direction=\"left\" animation_speed=\"0.3\" animation_offset=\"\"]Bro\u0161ura[\/fusion_button]\n","protected":false},"featured_media":5763,"template":"","meta":[],"product_brand":[],"product_cat":[204,355,365],"product_tag":[],"class_list":{"0":"post-5949","1":"product","2":"type-product","3":"status-publish","4":"has-post-thumbnail","6":"product_cat-oprema-sr","7":"product_cat-sepro-sr","8":"product_cat-specificni-roboti-sr","10":"first","11":"instock","12":"shipping-taxable","13":"product-type-simple"},"yoast_head":"<!-- This site is optimized with the Yoast SEO plugin v27.4 - https:\/\/yoast.com\/product\/yoast-seo-wordpress\/ -->\n<title>IML In-Mold-Labelling sistem - Nomis<\/title>\n<meta name=\"robots\" content=\"index, follow, max-snippet:-1, max-image-preview:large, max-video-preview:-1\" \/>\n<link rel=\"canonical\" href=\"https:\/\/nomis.hr\/sr\/produkt\/iml-in-mold-labelling-sustav\/\" \/>\n<meta property=\"og:locale\" content=\"sr_RS\" \/>\n<meta property=\"og:type\" content=\"article\" \/>\n<meta property=\"og:title\" content=\"IML In-Mold-Labelling sistem - Nomis\" \/>\n<meta property=\"og:description\" content=\"Sepro IML je re\u0161enje razvijeno u saradnji sa Machines Pag\u00e8s, stru\u010dnjakom za IML sisteme, za postavljanje ravnih ili omotanih etiketa na poklopce, kante za delove tipa kade, za upotrebu u industriji ambala\u017ee. Mehani\u010dka arhitektura sistema uklju\u010duje Sepro kartezijanski robot za bo\u010dni ulazak razvijen od S5 platforme i standardni modul za distribuciju, prenos i utovar\/istovar za etikete, koji isporu\u010duje Machines Pag\u00e8s.  Istaknuto:   Prizmati\u010dne linearne vo\u0111ice za velika ubrzanja  Sna\u017eni servomotori daju kratko vreme ciklusa po\u010dev\u0161i od 3,9 sekundi i vreme ulivanja i izbacivanja po\u010dev\u0161i od 0,9 sec  Provera kvaliteta etikete  Precizno postavljanje etiketa pomo\u0107u elektrostati\u010dkog naelektrisanja  Re\u0161enje kompatibilno sa svim markama ma\u0161ina za brizganje\" \/>\n<meta property=\"og:url\" content=\"https:\/\/nomis.hr\/sr\/produkt\/iml-in-mold-labelling-sustav\/\" \/>\n<meta property=\"og:site_name\" content=\"Nomis\" \/>\n<meta property=\"og:image\" content=\"https:\/\/nomis.hr\/wp-content\/uploads\/2025\/02\/iml-01-web.jpg\" \/>\n\t<meta property=\"og:image:width\" content=\"1024\" \/>\n\t<meta property=\"og:image:height\" content=\"1024\" \/>\n\t<meta property=\"og:image:type\" content=\"image\/jpeg\" \/>\n<meta name=\"twitter:card\" content=\"summary_large_image\" \/>\n<script type=\"application\/ld+json\" class=\"yoast-schema-graph\">{\"@context\":\"https:\\\/\\\/schema.org\",\"@graph\":[{\"@type\":\"WebPage\",\"@id\":\"https:\\\/\\\/nomis.hr\\\/sr\\\/produkt\\\/iml-in-mold-labelling-sustav\\\/\",\"url\":\"https:\\\/\\\/nomis.hr\\\/sr\\\/produkt\\\/iml-in-mold-labelling-sustav\\\/\",\"name\":\"IML In-Mold-Labelling sistem - Nomis\",\"isPartOf\":{\"@id\":\"https:\\\/\\\/nomis.hr\\\/#website\"},\"primaryImageOfPage\":{\"@id\":\"https:\\\/\\\/nomis.hr\\\/sr\\\/produkt\\\/iml-in-mold-labelling-sustav\\\/#primaryimage\"},\"image\":{\"@id\":\"https:\\\/\\\/nomis.hr\\\/sr\\\/produkt\\\/iml-in-mold-labelling-sustav\\\/#primaryimage\"},\"thumbnailUrl\":\"https:\\\/\\\/nomis.hr\\\/wp-content\\\/uploads\\\/2025\\\/02\\\/iml-01-web.jpg\",\"datePublished\":\"2025-02-24T15:45:42+00:00\",\"breadcrumb\":{\"@id\":\"https:\\\/\\\/nomis.hr\\\/sr\\\/produkt\\\/iml-in-mold-labelling-sustav\\\/#breadcrumb\"},\"inLanguage\":\"sr-RS\",\"potentialAction\":[{\"@type\":\"ReadAction\",\"target\":[\"https:\\\/\\\/nomis.hr\\\/sr\\\/produkt\\\/iml-in-mold-labelling-sustav\\\/\"]}]},{\"@type\":\"ImageObject\",\"inLanguage\":\"sr-RS\",\"@id\":\"https:\\\/\\\/nomis.hr\\\/sr\\\/produkt\\\/iml-in-mold-labelling-sustav\\\/#primaryimage\",\"url\":\"https:\\\/\\\/nomis.hr\\\/wp-content\\\/uploads\\\/2025\\\/02\\\/iml-01-web.jpg\",\"contentUrl\":\"https:\\\/\\\/nomis.hr\\\/wp-content\\\/uploads\\\/2025\\\/02\\\/iml-01-web.jpg\",\"width\":1024,\"height\":1024},{\"@type\":\"BreadcrumbList\",\"@id\":\"https:\\\/\\\/nomis.hr\\\/sr\\\/produkt\\\/iml-in-mold-labelling-sustav\\\/#breadcrumb\",\"itemListElement\":[{\"@type\":\"ListItem\",\"position\":1,\"name\":\"Home\",\"item\":\"https:\\\/\\\/nomis.hr\\\/sr\\\/\"},{\"@type\":\"ListItem\",\"position\":2,\"name\":\"Katalog proizvoda\",\"item\":\"https:\\\/\\\/nomis.hr\\\/sr\\\/katalog-proizvoda\\\/\"},{\"@type\":\"ListItem\",\"position\":3,\"name\":\"IML In-Mold-Labelling sistem\"}]},{\"@type\":\"WebSite\",\"@id\":\"https:\\\/\\\/nomis.hr\\\/#website\",\"url\":\"https:\\\/\\\/nomis.hr\\\/\",\"name\":\"Nomis\",\"description\":\"Sve za preradu polimera i metala na jednom mjestu!\",\"publisher\":{\"@id\":\"https:\\\/\\\/nomis.hr\\\/#organization\"},\"potentialAction\":[{\"@type\":\"SearchAction\",\"target\":{\"@type\":\"EntryPoint\",\"urlTemplate\":\"https:\\\/\\\/nomis.hr\\\/?s={search_term_string}\"},\"query-input\":{\"@type\":\"PropertyValueSpecification\",\"valueRequired\":true,\"valueName\":\"search_term_string\"}}],\"inLanguage\":\"sr-RS\"},{\"@type\":\"Organization\",\"@id\":\"https:\\\/\\\/nomis.hr\\\/#organization\",\"name\":\"Nomis\",\"url\":\"https:\\\/\\\/nomis.hr\\\/\",\"logo\":{\"@type\":\"ImageObject\",\"inLanguage\":\"sr-RS\",\"@id\":\"https:\\\/\\\/nomis.hr\\\/#\\\/schema\\\/logo\\\/image\\\/\",\"url\":\"https:\\\/\\\/nomis.hr\\\/wp-content\\\/uploads\\\/2021\\\/03\\\/Nomis-logo-admin-login.png\",\"contentUrl\":\"https:\\\/\\\/nomis.hr\\\/wp-content\\\/uploads\\\/2021\\\/03\\\/Nomis-logo-admin-login.png\",\"width\":640,\"height\":163,\"caption\":\"Nomis\"},\"image\":{\"@id\":\"https:\\\/\\\/nomis.hr\\\/#\\\/schema\\\/logo\\\/image\\\/\"}}]}<\/script>\n<!-- \/ Yoast SEO plugin. -->","yoast_head_json":{"title":"IML In-Mold-Labelling sistem - Nomis","robots":{"index":"index","follow":"follow","max-snippet":"max-snippet:-1","max-image-preview":"max-image-preview:large","max-video-preview":"max-video-preview:-1"},"canonical":"https:\/\/nomis.hr\/sr\/produkt\/iml-in-mold-labelling-sustav\/","og_locale":"sr_RS","og_type":"article","og_title":"IML In-Mold-Labelling sistem - Nomis","og_description":"Sepro IML je re\u0161enje razvijeno u saradnji sa Machines Pag\u00e8s, stru\u010dnjakom za IML sisteme, za postavljanje ravnih ili omotanih etiketa na poklopce, kante za delove tipa kade, za upotrebu u industriji ambala\u017ee. Mehani\u010dka arhitektura sistema uklju\u010duje Sepro kartezijanski robot za bo\u010dni ulazak razvijen od S5 platforme i standardni modul za distribuciju, prenos i utovar\/istovar za etikete, koji isporu\u010duje Machines Pag\u00e8s.  Istaknuto:   Prizmati\u010dne linearne vo\u0111ice za velika ubrzanja  Sna\u017eni servomotori daju kratko vreme ciklusa po\u010dev\u0161i od 3,9 sekundi i vreme ulivanja i izbacivanja po\u010dev\u0161i od 0,9 sec  Provera kvaliteta etikete  Precizno postavljanje etiketa pomo\u0107u elektrostati\u010dkog naelektrisanja  Re\u0161enje kompatibilno sa svim markama ma\u0161ina za brizganje","og_url":"https:\/\/nomis.hr\/sr\/produkt\/iml-in-mold-labelling-sustav\/","og_site_name":"Nomis","og_image":[{"width":1024,"height":1024,"url":"https:\/\/nomis.hr\/wp-content\/uploads\/2025\/02\/iml-01-web.jpg","type":"image\/jpeg"}],"twitter_card":"summary_large_image","schema":{"@context":"https:\/\/schema.org","@graph":[{"@type":"WebPage","@id":"https:\/\/nomis.hr\/sr\/produkt\/iml-in-mold-labelling-sustav\/","url":"https:\/\/nomis.hr\/sr\/produkt\/iml-in-mold-labelling-sustav\/","name":"IML In-Mold-Labelling sistem - Nomis","isPartOf":{"@id":"https:\/\/nomis.hr\/#website"},"primaryImageOfPage":{"@id":"https:\/\/nomis.hr\/sr\/produkt\/iml-in-mold-labelling-sustav\/#primaryimage"},"image":{"@id":"https:\/\/nomis.hr\/sr\/produkt\/iml-in-mold-labelling-sustav\/#primaryimage"},"thumbnailUrl":"https:\/\/nomis.hr\/wp-content\/uploads\/2025\/02\/iml-01-web.jpg","datePublished":"2025-02-24T15:45:42+00:00","breadcrumb":{"@id":"https:\/\/nomis.hr\/sr\/produkt\/iml-in-mold-labelling-sustav\/#breadcrumb"},"inLanguage":"sr-RS","potentialAction":[{"@type":"ReadAction","target":["https:\/\/nomis.hr\/sr\/produkt\/iml-in-mold-labelling-sustav\/"]}]},{"@type":"ImageObject","inLanguage":"sr-RS","@id":"https:\/\/nomis.hr\/sr\/produkt\/iml-in-mold-labelling-sustav\/#primaryimage","url":"https:\/\/nomis.hr\/wp-content\/uploads\/2025\/02\/iml-01-web.jpg","contentUrl":"https:\/\/nomis.hr\/wp-content\/uploads\/2025\/02\/iml-01-web.jpg","width":1024,"height":1024},{"@type":"BreadcrumbList","@id":"https:\/\/nomis.hr\/sr\/produkt\/iml-in-mold-labelling-sustav\/#breadcrumb","itemListElement":[{"@type":"ListItem","position":1,"name":"Home","item":"https:\/\/nomis.hr\/sr\/"},{"@type":"ListItem","position":2,"name":"Katalog proizvoda","item":"https:\/\/nomis.hr\/sr\/katalog-proizvoda\/"},{"@type":"ListItem","position":3,"name":"IML In-Mold-Labelling sistem"}]},{"@type":"WebSite","@id":"https:\/\/nomis.hr\/#website","url":"https:\/\/nomis.hr\/","name":"Nomis","description":"Sve za preradu polimera i metala na jednom mjestu!","publisher":{"@id":"https:\/\/nomis.hr\/#organization"},"potentialAction":[{"@type":"SearchAction","target":{"@type":"EntryPoint","urlTemplate":"https:\/\/nomis.hr\/?s={search_term_string}"},"query-input":{"@type":"PropertyValueSpecification","valueRequired":true,"valueName":"search_term_string"}}],"inLanguage":"sr-RS"},{"@type":"Organization","@id":"https:\/\/nomis.hr\/#organization","name":"Nomis","url":"https:\/\/nomis.hr\/","logo":{"@type":"ImageObject","inLanguage":"sr-RS","@id":"https:\/\/nomis.hr\/#\/schema\/logo\/image\/","url":"https:\/\/nomis.hr\/wp-content\/uploads\/2021\/03\/Nomis-logo-admin-login.png","contentUrl":"https:\/\/nomis.hr\/wp-content\/uploads\/2021\/03\/Nomis-logo-admin-login.png","width":640,"height":163,"caption":"Nomis"},"image":{"@id":"https:\/\/nomis.hr\/#\/schema\/logo\/image\/"}}]}},"_links":{"self":[{"href":"https:\/\/nomis.hr\/sr\/wp-json\/wp\/v2\/product\/5949","targetHints":{"allow":["GET"]}}],"collection":[{"href":"https:\/\/nomis.hr\/sr\/wp-json\/wp\/v2\/product"}],"about":[{"href":"https:\/\/nomis.hr\/sr\/wp-json\/wp\/v2\/types\/product"}],"wp:featuredmedia":[{"embeddable":true,"href":"https:\/\/nomis.hr\/sr\/wp-json\/wp\/v2\/media\/5763"}],"wp:attachment":[{"href":"https:\/\/nomis.hr\/sr\/wp-json\/wp\/v2\/media?parent=5949"}],"wp:term":[{"taxonomy":"product_brand","embeddable":true,"href":"https:\/\/nomis.hr\/sr\/wp-json\/wp\/v2\/product_brand?post=5949"},{"taxonomy":"product_cat","embeddable":true,"href":"https:\/\/nomis.hr\/sr\/wp-json\/wp\/v2\/product_cat?post=5949"},{"taxonomy":"product_tag","embeddable":true,"href":"https:\/\/nomis.hr\/sr\/wp-json\/wp\/v2\/product_tag?post=5949"}],"curies":[{"name":"wp","href":"https:\/\/api.w.org\/{rel}","templated":true}]}}